{"id":4661,"date":"2021-06-10T14:14:29","date_gmt":"2021-06-10T14:14:29","guid":{"rendered":"http:\/\/www.hotel-portasanmamolo.it\/ueber-uns\/"},"modified":"2021-06-23T07:09:19","modified_gmt":"2021-06-23T07:09:19","slug":"ueber-uns","status":"publish","type":"page","link":"https:\/\/www.hotel-portasanmamolo.it\/de\/ueber-uns\/","title":{"rendered":"\u00dcber uns"},"content":{"rendered":"\t\t<div data-elementor-type=\"wp-page\" data-elementor-id=\"4661\" class=\"elementor elementor-4661 elementor-196\" data-elementor-post-type=\"page\">\n\t\t\t\t\t\t<section class=\"elementor-section elementor-top-section elementor-element elementor-element-cb56556 elementor-section-height-min-height animated-slow elementor-section-items-bottom elementor-section-boxed elementor-section-height-default elementor-invisible\" data-id=\"cb56556\" data-element_type=\"section\" data-settings=\"{&quot;background_background&quot;:&quot;classic&quot;,&quot;animation&quot;:&quot;fadeIn&quot;}\">\n\t\t\t\t\t\t<div class=\"elementor-container elementor-column-gap-default\">\n\t\t\t\t\t<div class=\"elementor-column elementor-col-100 elementor-top-column elementor-element elementor-element-e82e250\" data-id=\"e82e250\" data-element_type=\"column\">\n\t\t\t<div class=\"elementor-widget-wrap elementor-element-populated\">\n\t\t\t\t\t\t<div class=\"elementor-element elementor-element-e27a2f4 elementor-widget elementor-widget-html\" data-id=\"e27a2f4\" data-element_type=\"widget\" data-widget_type=\"html.default\">\n\t\t\t\t<div class=\"elementor-widget-container\">\n\t\t\t\t\t<div class=\"scroll-down\">\r\n    <a href=\"#storia\">ENTDECKE DIE GESCHICHTE<br \/><i class=\"fa fa-chevron-down\"><\/i><\/a>\r\n<\/div>\t\t\t\t<\/div>\n\t\t\t\t<\/div>\n\t\t\t\t\t<\/div>\n\t\t<\/div>\n\t\t\t\t\t<\/div>\n\t\t<\/section>\n\t\t\t\t<section class=\"elementor-section elementor-top-section elementor-element elementor-element-0ddf134 elementor-section-full_width elementor-section-height-default elementor-section-height-default\" data-id=\"0ddf134\" data-element_type=\"section\">\n\t\t\t\t\t\t<div class=\"elementor-container elementor-column-gap-default\">\n\t\t\t\t\t<div class=\"elementor-column elementor-col-100 elementor-top-column elementor-element elementor-element-9975585\" data-id=\"9975585\" data-element_type=\"column\">\n\t\t\t<div class=\"elementor-widget-wrap elementor-element-populated\">\n\t\t\t\t\t\t<div class=\"elementor-element elementor-element-e25a8ce elementor-widget elementor-widget-spacer\" data-id=\"e25a8ce\" data-element_type=\"widget\" data-widget_type=\"spacer.default\">\n\t\t\t\t<div class=\"elementor-widget-container\">\n\t\t\t\t\t\t\t<div class=\"elementor-spacer\">\n\t\t\t<div class=\"elementor-spacer-inner\"><\/div>\n\t\t<\/div>\n\t\t\t\t\t\t<\/div>\n\t\t\t\t<\/div>\n\t\t\t\t\t<\/div>\n\t\t<\/div>\n\t\t\t\t\t<\/div>\n\t\t<\/section>\n\t\t\t\t<section class=\"elementor-section elementor-top-section elementor-element elementor-element-cb3080e animated-slow elementor-section-boxed elementor-section-height-default elementor-section-height-default elementor-invisible\" data-id=\"cb3080e\" data-element_type=\"section\" id=\"storia\" data-settings=\"{&quot;animation&quot;:&quot;fadeIn&quot;}\">\n\t\t\t\t\t\t<div class=\"elementor-container elementor-column-gap-default\">\n\t\t\t\t\t<div class=\"elementor-column elementor-col-100 elementor-top-column elementor-element elementor-element-e7eb211\" data-id=\"e7eb211\" data-element_type=\"column\">\n\t\t\t<div class=\"elementor-widget-wrap elementor-element-populated\">\n\t\t\t\t\t\t<div class=\"elementor-element elementor-element-f0f3c7b elementor-widget elementor-widget-heading\" data-id=\"f0f3c7b\" data-element_type=\"widget\" data-widget_type=\"heading.default\">\n\t\t\t\t<div class=\"elementor-widget-container\">\n\t\t\t\t\t<h1 class=\"elementor-heading-title elementor-size-default\">\u00dcber uns<\/h1>\t\t\t\t<\/div>\n\t\t\t\t<\/div>\n\t\t\t\t<div class=\"elementor-element elementor-element-3460604 elementor-view-default elementor-widget elementor-widget-icon\" data-id=\"3460604\" data-element_type=\"widget\" data-widget_type=\"icon.default\">\n\t\t\t\t<div class=\"elementor-widget-container\">\n\t\t\t\t\t\t\t<div class=\"elementor-icon-wrapper\">\n\t\t\t<div class=\"elementor-icon\">\n\t\t\t<svg xmlns=\"http:\/\/www.w3.org\/2000\/svg\" id=\"Livello_1\" data-name=\"Livello 1\" viewBox=\"0 0 220.73 24.64\"><defs><style>.cls-1{fill:#c1c1c1;}.cls-2{fill:#fff;stroke:#c1c1c1;stroke-miterlimit:10;stroke-width:2px;}<\/style><\/defs><circle class=\"cls-1\" cx=\"110.36\" cy=\"12.32\" r=\"12.32\"><\/circle><line class=\"cls-2\" y1=\"12.32\" x2=\"220.73\" y2=\"12.32\"><\/line><\/svg>\t\t\t<\/div>\n\t\t<\/div>\n\t\t\t\t\t\t<\/div>\n\t\t\t\t<\/div>\n\t\t\t\t\t<\/div>\n\t\t<\/div>\n\t\t\t\t\t<\/div>\n\t\t<\/section>\n\t\t\t\t<section class=\"elementor-section elementor-top-section elementor-element elementor-element-c53b50d elementor-section-boxed elementor-section-height-default elementor-section-height-default\" data-id=\"c53b50d\" data-element_type=\"section\">\n\t\t\t\t\t\t<div class=\"elementor-container elementor-column-gap-default\">\n\t\t\t\t\t<div class=\"elementor-column elementor-col-100 elementor-top-column elementor-element elementor-element-c0abb79\" data-id=\"c0abb79\" data-element_type=\"column\">\n\t\t\t<div class=\"elementor-widget-wrap elementor-element-populated\">\n\t\t\t\t\t\t<div class=\"elementor-element elementor-element-a72d8f4 elementor-widget elementor-widget-text-editor\" data-id=\"a72d8f4\" data-element_type=\"widget\" data-widget_type=\"text-editor.default\">\n\t\t\t\t<div class=\"elementor-widget-container\">\n\t\t\t\t\t\t\t\t\t<p>Das <strong>Hotel Porta San Mamolo<\/strong> befindet sich im Herzen von Bologna, einer historischen mittelalterlichen Stadt, die mit 38 km Arkaden und dem Sitz der \u00e4ltesten Universit\u00e4t der westlichen Welt wirklich einzigartig ist.<\/p>\n<p>Das Hotel, wie es heute bekannt ist, wurde offiziell im Jahr 2001 mit 20 Zimmern nach einer sorgf\u00e4ltigen Renovierung und Facelift der Struktur gegr\u00fcndet. Im Laufe der Jahre hat es sich immer weiter ausgedehnt, indem es verschiedene, an das Hotel angrenzende Geb\u00e4udebl\u00f6cke erworben hat, um auf die heutige Struktur zu kommen.<br \/>\nDas Hotel ist in vier verschiedene \u201eBl\u00f6cke\u201c unterteilt: <strong>\u201eFalcone Cloister\u201c<\/strong> ist das zentrale Geb\u00e4ude, in dem sich die Rezeption befindet; <strong>\u201eGarden Court\u201c<\/strong> ist der interne Garten und das Herz des Hotels, das durch die neue Vielfalt von Pflanzen und Blumen eine magisch entspannende Atmosph\u00e4re verleiht. Im Zentrum des Garden Courts befindet sich der neue Fr\u00fchst\u00fccksraum <strong>\u201eOrangerie<\/strong>\u201c mit Pl\u00e4tzen sowohl drinnen als auch drau\u00dfen, was durch den neuen Innenhof f\u00fcr die Fr\u00fchlings- und Sommersaison erm\u00f6glicht wird. Dazu kommt auch noch der <strong>\u201eMirasole Tower\u201c<\/strong>, so genannt, weil er die Form eines mittelalterlichen Turms hat.<\/p>\n\t\t\t\t\t\t\t\t<\/div>\n\t\t\t\t<\/div>\n\t\t\t\t\t<\/div>\n\t\t<\/div>\n\t\t\t\t\t<\/div>\n\t\t<\/section>\n\t\t\t\t<section class=\"elementor-section elementor-top-section elementor-element elementor-element-a868f6f elementor-section-boxed elementor-section-height-default elementor-section-height-default\" data-id=\"a868f6f\" data-element_type=\"section\">\n\t\t\t\t\t\t<div class=\"elementor-container elementor-column-gap-custom\">\n\t\t\t\t\t<div class=\"elementor-column elementor-col-33 elementor-top-column elementor-element elementor-element-6c1286b animated-slow elementor-invisible\" data-id=\"6c1286b\" data-element_type=\"column\" data-settings=\"{&quot;animation&quot;:&quot;fadeInUp&quot;}\">\n\t\t\t<div class=\"elementor-widget-wrap elementor-element-populated\">\n\t\t\t\t\t\t<div class=\"elementor-element elementor-element-24ccfad elementor-widget elementor-widget-image\" data-id=\"24ccfad\" data-element_type=\"widget\" data-widget_type=\"image.default\">\n\t\t\t\t<div class=\"elementor-widget-container\">\n\t\t\t\t\t\t\t\t\t\t\t\t\t\t\t<img fetchpriority=\"high\" decoding=\"async\" width=\"800\" height=\"534\" src=\"https:\/\/www.hotel-portasanmamolo.it\/wp-content\/uploads\/2021\/06\/Reception7-1024x683.jpg\" class=\"attachment-large size-large wp-image-3308\" alt=\"Reception\" srcset=\"https:\/\/www.hotel-portasanmamolo.it\/wp-content\/uploads\/2021\/06\/Reception7-1024x683.jpg 1024w, https:\/\/www.hotel-portasanmamolo.it\/wp-content\/uploads\/2021\/06\/Reception7-300x200.jpg 300w, https:\/\/www.hotel-portasanmamolo.it\/wp-content\/uploads\/2021\/06\/Reception7-768x512.jpg 768w, https:\/\/www.hotel-portasanmamolo.it\/wp-content\/uploads\/2021\/06\/Reception7-1536x1024.jpg 1536w, https:\/\/www.hotel-portasanmamolo.it\/wp-content\/uploads\/2021\/06\/Reception7-2048x1365.jpg 2048w\" sizes=\"(max-width: 800px) 100vw, 800px\" \/>\t\t\t\t\t\t\t\t\t\t\t\t\t\t\t<\/div>\n\t\t\t\t<\/div>\n\t\t\t\t\t<\/div>\n\t\t<\/div>\n\t\t\t\t<div class=\"elementor-column elementor-col-33 elementor-top-column elementor-element elementor-element-304c95e animated-slow elementor-invisible\" data-id=\"304c95e\" data-element_type=\"column\" data-settings=\"{&quot;animation&quot;:&quot;fadeInDown&quot;}\">\n\t\t\t<div class=\"elementor-widget-wrap elementor-element-populated\">\n\t\t\t\t\t\t<div class=\"elementor-element elementor-element-77dffbb elementor-widget elementor-widget-image\" data-id=\"77dffbb\" data-element_type=\"widget\" data-widget_type=\"image.default\">\n\t\t\t\t<div class=\"elementor-widget-container\">\n\t\t\t\t\t\t\t\t\t\t\t\t\t\t\t<img decoding=\"async\" width=\"683\" height=\"1024\" src=\"https:\/\/www.hotel-portasanmamolo.it\/wp-content\/uploads\/2021\/06\/Camera-Superior-min-683x1024.jpg\" class=\"attachment-large size-large wp-image-6166\" alt=\"\" srcset=\"https:\/\/www.hotel-portasanmamolo.it\/wp-content\/uploads\/2021\/06\/Camera-Superior-min-683x1024.jpg 683w, https:\/\/www.hotel-portasanmamolo.it\/wp-content\/uploads\/2021\/06\/Camera-Superior-min-200x300.jpg 200w, https:\/\/www.hotel-portasanmamolo.it\/wp-content\/uploads\/2021\/06\/Camera-Superior-min-768x1152.jpg 768w, https:\/\/www.hotel-portasanmamolo.it\/wp-content\/uploads\/2021\/06\/Camera-Superior-min-1024x1536.jpg 1024w, https:\/\/www.hotel-portasanmamolo.it\/wp-content\/uploads\/2021\/06\/Camera-Superior-min-1365x2048.jpg 1365w, https:\/\/www.hotel-portasanmamolo.it\/wp-content\/uploads\/2021\/06\/Camera-Superior-min-scaled.jpg 1707w\" sizes=\"(max-width: 683px) 100vw, 683px\" \/>\t\t\t\t\t\t\t\t\t\t\t\t\t\t\t<\/div>\n\t\t\t\t<\/div>\n\t\t\t\t\t<\/div>\n\t\t<\/div>\n\t\t\t\t<div class=\"elementor-column elementor-col-33 elementor-top-column elementor-element elementor-element-5709421 animated-slow elementor-invisible\" data-id=\"5709421\" data-element_type=\"column\" data-settings=\"{&quot;animation&quot;:&quot;fadeInUp&quot;}\">\n\t\t\t<div class=\"elementor-widget-wrap elementor-element-populated\">\n\t\t\t\t\t\t<div class=\"elementor-element elementor-element-2ed3669 elementor-widget elementor-widget-image\" data-id=\"2ed3669\" data-element_type=\"widget\" data-widget_type=\"image.default\">\n\t\t\t\t<div class=\"elementor-widget-container\">\n\t\t\t\t\t\t\t\t\t\t\t\t\t\t\t<img decoding=\"async\" width=\"683\" height=\"1024\" src=\"https:\/\/www.hotel-portasanmamolo.it\/wp-content\/uploads\/2021\/06\/Superior-con-Balcone6-min-683x1024.jpg\" class=\"attachment-large size-large wp-image-5971\" alt=\"Superior con Balcone\" srcset=\"https:\/\/www.hotel-portasanmamolo.it\/wp-content\/uploads\/2021\/06\/Superior-con-Balcone6-min-683x1024.jpg 683w, https:\/\/www.hotel-portasanmamolo.it\/wp-content\/uploads\/2021\/06\/Superior-con-Balcone6-min-200x300.jpg 200w, https:\/\/www.hotel-portasanmamolo.it\/wp-content\/uploads\/2021\/06\/Superior-con-Balcone6-min-768x1152.jpg 768w, https:\/\/www.hotel-portasanmamolo.it\/wp-content\/uploads\/2021\/06\/Superior-con-Balcone6-min-1024x1536.jpg 1024w, https:\/\/www.hotel-portasanmamolo.it\/wp-content\/uploads\/2021\/06\/Superior-con-Balcone6-min-1365x2048.jpg 1365w, https:\/\/www.hotel-portasanmamolo.it\/wp-content\/uploads\/2021\/06\/Superior-con-Balcone6-min-scaled.jpg 1707w\" sizes=\"(max-width: 683px) 100vw, 683px\" \/>\t\t\t\t\t\t\t\t\t\t\t\t\t\t\t<\/div>\n\t\t\t\t<\/div>\n\t\t\t\t\t<\/div>\n\t\t<\/div>\n\t\t\t\t\t<\/div>\n\t\t<\/section>\n\t\t\t\t<section class=\"elementor-section elementor-top-section elementor-element elementor-element-fa02b0c elementor-section-boxed elementor-section-height-default elementor-section-height-default\" data-id=\"fa02b0c\" data-element_type=\"section\">\n\t\t\t\t\t\t<div class=\"elementor-container elementor-column-gap-default\">\n\t\t\t\t\t<div class=\"elementor-column elementor-col-50 elementor-top-column elementor-element elementor-element-294f165\" data-id=\"294f165\" data-element_type=\"column\">\n\t\t\t<div class=\"elementor-widget-wrap elementor-element-populated\">\n\t\t\t\t\t\t<div class=\"elementor-element elementor-element-0365245 elementor-widget elementor-widget-heading\" data-id=\"0365245\" data-element_type=\"widget\" data-widget_type=\"heading.default\">\n\t\t\t\t<div class=\"elementor-widget-container\">\n\t\t\t\t\t<h2 class=\"elementor-heading-title elementor-size-default\">Die Geschichte<\/h2>\t\t\t\t<\/div>\n\t\t\t\t<\/div>\n\t\t\t\t<div class=\"elementor-element elementor-element-08e4a9b elementor-widget elementor-widget-text-editor\" data-id=\"08e4a9b\" data-element_type=\"widget\" data-widget_type=\"text-editor.default\">\n\t\t\t\t<div class=\"elementor-widget-container\">\n\t\t\t\t\t\t\t\t\t<p>Die urspr\u00fcngliche Struktur des Hotels entstand aus einem alten kleinen \u201eBorgo\u201c (Dorf) im historischen Stadtzentrum und ist das Ergebnis eines Eingriffs, der es geschafft hat, seine St\u00e4rken zu optimieren. <\/p>\n<p><strong>\u201eVicolo del Falcone\u201c und der Stadtteil Santo Stefano, in welchem sich das Hotel befindet, sind beide reich an Geschichte.<\/strong><\/p>\n<p>Der Ursprung des Namens <strong>\u201eVicolo del Falcone\u201c<\/strong> ist relativ jung und geht auf das Jahr 1877 zur\u00fcck.<br \/>\nDie Stra\u00dfe geh\u00f6rt zu der Stra\u00dfengruppe, die seit dem 13. Jahrhundert als Mirasoli bekannt ist. Wobei Burgus Miralsolis bereits in den Vermessungen von 1296\/97 dokumentiert wurde.<br \/>\nDie  heutige Via del Falcone ist die s\u00fcdlichste der drei Mirasoli. Die beiden anderen sind Via Solferino (fr\u00fcher Mirasol Grande, die n\u00f6rdlichste) und Via Mirasole (fr\u00fcher Mirasole di Mezzo).<br \/>\n  Interessant ist der Hinweis von Giovanni Zanti, dass die Mirasoli auch Braine genannt wurden. Dies bedeutet, dass Mirasoli im 16. Jahrhundert, als Giovanni Zanti diesen Vermerk schrieb, haupts\u00e4chlich offene Pl\u00e4tze und arm an Geb\u00e4uden waren und somit waren auch die \u201eBraine\u201c, offene und vor allem grasbewachsene Pl\u00e4tze. W\u00e4hrend der langwierigen Ortsnamenreform, die von 1873 bis 1878 stattfand, wurde zun\u00e4chst beschlossen, Mirasole di Sopra in \u201eVicolo Mirasole\u201c umzubenennen, wobei die \u00dcberpr\u00fcfung \u201erelazione Zoboli Dall\u2018Olio\u201c auf die Risiken der Mehrdeutigkeit hinwies, da es bereits eine Via Mirasole (fr\u00fcher Mirasole di Mezzo) gab, und schlug somit \u201eVicolo del Falcone\u201c vor, da einige H\u00e4user in dieser Stra\u00dfe unter diesem Namen bekannt waren. Leider gibt es keine schriftlichen Beweise f\u00fcr diese Geb\u00e4ude namens Falcone. Die  Hypothese von Mario Fanti in \u201eLe Vie di Bologna. Saggio di Toponomastica Storica\u201c (I,344) weist darauf hin, dass der Name von einem m\u00f6glichen Schild \u201edel Falcone\u201c einer Bottega (Laden) oder einer Osteria (Taverne) in der N\u00e4he stammte, aber ohne jegliche dokumentarische Grundlage.<\/p>\n\t\t\t\t\t\t\t\t<\/div>\n\t\t\t\t<\/div>\n\t\t\t\t\t<\/div>\n\t\t<\/div>\n\t\t\t\t<div class=\"elementor-column elementor-col-50 elementor-top-column elementor-element elementor-element-4b57798\" data-id=\"4b57798\" data-element_type=\"column\">\n\t\t\t<div class=\"elementor-widget-wrap elementor-element-populated\">\n\t\t\t\t\t\t<div class=\"elementor-element elementor-element-1f20208 elementor-widget elementor-widget-image\" data-id=\"1f20208\" data-element_type=\"widget\" data-widget_type=\"image.default\">\n\t\t\t\t<div class=\"elementor-widget-container\">\n\t\t\t\t\t\t\t\t\t\t\t\t\t\t\t<img loading=\"lazy\" decoding=\"async\" width=\"500\" height=\"769\" src=\"https:\/\/www.hotel-portasanmamolo.it\/wp-content\/uploads\/2021\/06\/image.jpg\" class=\"attachment-large size-large wp-image-3584\" alt=\"storia\" srcset=\"https:\/\/www.hotel-portasanmamolo.it\/wp-content\/uploads\/2021\/06\/image.jpg 500w, https:\/\/www.hotel-portasanmamolo.it\/wp-content\/uploads\/2021\/06\/image-195x300.jpg 195w\" sizes=\"(max-width: 500px) 100vw, 500px\" \/>\t\t\t\t\t\t\t\t\t\t\t\t\t\t\t<\/div>\n\t\t\t\t<\/div>\n\t\t\t\t\t<\/div>\n\t\t<\/div>\n\t\t\t\t\t<\/div>\n\t\t<\/section>\n\t\t\t\t<\/div>\n\t\t","protected":false},"excerpt":{"rendered":"<p>ENTDECKE DIE GESCHICHTE \u00dcber uns Das Hotel Porta San Mamolo befindet sich im Herzen von Bologna, einer historischen mittelalterlichen Stadt, die mit 38 km Arkaden und dem Sitz der \u00e4ltesten Universit\u00e4t der westlichen Welt wirklich einzigartig ist. Das Hotel, wie es heute bekannt ist, wurde offiziell im Jahr 2001 mit 20 Zimmern nach einer sorgf\u00e4ltigen [&hellip;]<\/p>\n","protected":false},"author":1,"featured_media":0,"parent":0,"menu_order":0,"comment_status":"closed","ping_status":"closed","template":"","meta":{"_acf_changed":false,"footnotes":""},"class_list":["post-4661","page","type-page","status-publish","hentry"],"acf":[],"yoast_head":"<!-- This site is optimized with the Yoast SEO plugin v26.2 - https:\/\/yoast.com\/wordpress\/plugins\/seo\/ -->\n<title>4-Sterne-Hotel Porta San Mamolo in Bologna - Offizielle Seite<\/title>\n<meta name=\"description\" content=\"Entdecken Sie das 4-Sterne-Hotel Porta San Mamolo im Zentrum von Bologna. Buchen Sie jetzt.\" \/>\n<meta name=\"robots\" content=\"index, follow, max-snippet:-1, max-image-preview:large, max-video-preview:-1\" \/>\n<link rel=\"canonical\" href=\"https:\/\/www.hotel-portasanmamolo.it\/de\/ueber-uns\/\" \/>\n<meta property=\"og:locale\" content=\"de_DE\" \/>\n<meta property=\"og:type\" content=\"article\" \/>\n<meta property=\"og:title\" content=\"4-Sterne-Hotel Porta San Mamolo in Bologna - Offizielle Seite\" \/>\n<meta property=\"og:description\" content=\"Entdecken Sie das 4-Sterne-Hotel Porta San Mamolo im Zentrum von Bologna. Buchen Sie jetzt.\" \/>\n<meta property=\"og:url\" content=\"https:\/\/www.hotel-portasanmamolo.it\/de\/ueber-uns\/\" \/>\n<meta property=\"og:site_name\" content=\"Hotel Porta San Mamolo\" \/>\n<meta property=\"article:modified_time\" content=\"2021-06-23T07:09:19+00:00\" \/>\n<meta property=\"og:image\" content=\"https:\/\/www.hotel-portasanmamolo.it\/wp-content\/uploads\/2021\/06\/Reception7-1024x683.jpg\" \/>\n<meta name=\"twitter:card\" content=\"summary_large_image\" \/>\n<meta name=\"twitter:label1\" content=\"Gesch\u00e4tzte Lesezeit\" \/>\n\t<meta name=\"twitter:data1\" content=\"3\u00a0Minuten\" \/>\n<script type=\"application\/ld+json\" class=\"yoast-schema-graph\">{\"@context\":\"https:\/\/schema.org\",\"@graph\":[{\"@type\":\"WebPage\",\"@id\":\"https:\/\/www.hotel-portasanmamolo.it\/chi-siamo\/\",\"url\":\"https:\/\/www.hotel-portasanmamolo.it\/de\/ueber-uns\/\",\"name\":\"4-Sterne-Hotel Porta San Mamolo in Bologna - Offizielle Seite\",\"isPartOf\":{\"@id\":\"https:\/\/www.hotel-portasanmamolo.it\/#website\"},\"primaryImageOfPage\":{\"@id\":\"https:\/\/www.hotel-portasanmamolo.it\/de\/ueber-uns\/#primaryimage\"},\"image\":{\"@id\":\"https:\/\/www.hotel-portasanmamolo.it\/de\/ueber-uns\/#primaryimage\"},\"thumbnailUrl\":\"https:\/\/www.hotel-portasanmamolo.it\/wp-content\/uploads\/2021\/06\/Reception7-1024x683.jpg\",\"datePublished\":\"2021-06-10T14:14:29+00:00\",\"dateModified\":\"2021-06-23T07:09:19+00:00\",\"description\":\"Entdecken Sie das 4-Sterne-Hotel Porta San Mamolo im Zentrum von Bologna. Buchen Sie jetzt.\",\"breadcrumb\":{\"@id\":\"https:\/\/www.hotel-portasanmamolo.it\/de\/ueber-uns\/#breadcrumb\"},\"inLanguage\":\"de\",\"potentialAction\":[{\"@type\":\"ReadAction\",\"target\":[\"https:\/\/www.hotel-portasanmamolo.it\/de\/ueber-uns\/\"]}]},{\"@type\":\"ImageObject\",\"inLanguage\":\"de\",\"@id\":\"https:\/\/www.hotel-portasanmamolo.it\/de\/ueber-uns\/#primaryimage\",\"url\":\"https:\/\/www.hotel-portasanmamolo.it\/wp-content\/uploads\/2021\/06\/Reception7-1024x683.jpg\",\"contentUrl\":\"https:\/\/www.hotel-portasanmamolo.it\/wp-content\/uploads\/2021\/06\/Reception7-1024x683.jpg\"},{\"@type\":\"BreadcrumbList\",\"@id\":\"https:\/\/www.hotel-portasanmamolo.it\/de\/ueber-uns\/#breadcrumb\",\"itemListElement\":[{\"@type\":\"ListItem\",\"position\":1,\"name\":\"Home\",\"item\":\"https:\/\/www.hotel-portasanmamolo.it\/de\/\"},{\"@type\":\"ListItem\",\"position\":2,\"name\":\"\u00dcber uns\"}]},{\"@type\":\"WebSite\",\"@id\":\"https:\/\/www.hotel-portasanmamolo.it\/#website\",\"url\":\"https:\/\/www.hotel-portasanmamolo.it\/\",\"name\":\"Hotel Porta San Mamolo\",\"description\":\"Hotel storico nel cuore di bologna\",\"publisher\":{\"@id\":\"https:\/\/www.hotel-portasanmamolo.it\/#organization\"},\"potentialAction\":[{\"@type\":\"SearchAction\",\"target\":{\"@type\":\"EntryPoint\",\"urlTemplate\":\"https:\/\/www.hotel-portasanmamolo.it\/?s={search_term_string}\"},\"query-input\":{\"@type\":\"PropertyValueSpecification\",\"valueRequired\":true,\"valueName\":\"search_term_string\"}}],\"inLanguage\":\"de\"},{\"@type\":\"Organization\",\"@id\":\"https:\/\/www.hotel-portasanmamolo.it\/#organization\",\"name\":\"Hotel Porta San Mamolo\",\"url\":\"https:\/\/www.hotel-portasanmamolo.it\/\",\"logo\":{\"@type\":\"ImageObject\",\"inLanguage\":\"de\",\"@id\":\"https:\/\/www.hotel-portasanmamolo.it\/#\/schema\/logo\/image\/\",\"url\":\"https:\/\/www.hotel-portasanmamolo.it\/wp-content\/uploads\/2021\/05\/logo-hpsm-ricostruito-gold-1.png\",\"contentUrl\":\"https:\/\/www.hotel-portasanmamolo.it\/wp-content\/uploads\/2021\/05\/logo-hpsm-ricostruito-gold-1.png\",\"width\":326,\"height\":363,\"caption\":\"Hotel Porta San Mamolo\"},\"image\":{\"@id\":\"https:\/\/www.hotel-portasanmamolo.it\/#\/schema\/logo\/image\/\"}}]}<\/script>\n<!-- \/ Yoast SEO plugin. -->","yoast_head_json":{"title":"4-Sterne-Hotel Porta San Mamolo in Bologna - Offizielle Seite","description":"Entdecken Sie das 4-Sterne-Hotel Porta San Mamolo im Zentrum von Bologna. Buchen Sie jetzt.","robots":{"index":"index","follow":"follow","max-snippet":"max-snippet:-1","max-image-preview":"max-image-preview:large","max-video-preview":"max-video-preview:-1"},"canonical":"https:\/\/www.hotel-portasanmamolo.it\/de\/ueber-uns\/","og_locale":"de_DE","og_type":"article","og_title":"4-Sterne-Hotel Porta San Mamolo in Bologna - Offizielle Seite","og_description":"Entdecken Sie das 4-Sterne-Hotel Porta San Mamolo im Zentrum von Bologna. Buchen Sie jetzt.","og_url":"https:\/\/www.hotel-portasanmamolo.it\/de\/ueber-uns\/","og_site_name":"Hotel Porta San Mamolo","article_modified_time":"2021-06-23T07:09:19+00:00","og_image":[{"url":"https:\/\/www.hotel-portasanmamolo.it\/wp-content\/uploads\/2021\/06\/Reception7-1024x683.jpg","type":"","width":"","height":""}],"twitter_card":"summary_large_image","twitter_misc":{"Gesch\u00e4tzte Lesezeit":"3\u00a0Minuten"},"schema":{"@context":"https:\/\/schema.org","@graph":[{"@type":"WebPage","@id":"https:\/\/www.hotel-portasanmamolo.it\/chi-siamo\/","url":"https:\/\/www.hotel-portasanmamolo.it\/de\/ueber-uns\/","name":"4-Sterne-Hotel Porta San Mamolo in Bologna - Offizielle Seite","isPartOf":{"@id":"https:\/\/www.hotel-portasanmamolo.it\/#website"},"primaryImageOfPage":{"@id":"https:\/\/www.hotel-portasanmamolo.it\/de\/ueber-uns\/#primaryimage"},"image":{"@id":"https:\/\/www.hotel-portasanmamolo.it\/de\/ueber-uns\/#primaryimage"},"thumbnailUrl":"https:\/\/www.hotel-portasanmamolo.it\/wp-content\/uploads\/2021\/06\/Reception7-1024x683.jpg","datePublished":"2021-06-10T14:14:29+00:00","dateModified":"2021-06-23T07:09:19+00:00","description":"Entdecken Sie das 4-Sterne-Hotel Porta San Mamolo im Zentrum von Bologna. Buchen Sie jetzt.","breadcrumb":{"@id":"https:\/\/www.hotel-portasanmamolo.it\/de\/ueber-uns\/#breadcrumb"},"inLanguage":"de","potentialAction":[{"@type":"ReadAction","target":["https:\/\/www.hotel-portasanmamolo.it\/de\/ueber-uns\/"]}]},{"@type":"ImageObject","inLanguage":"de","@id":"https:\/\/www.hotel-portasanmamolo.it\/de\/ueber-uns\/#primaryimage","url":"https:\/\/www.hotel-portasanmamolo.it\/wp-content\/uploads\/2021\/06\/Reception7-1024x683.jpg","contentUrl":"https:\/\/www.hotel-portasanmamolo.it\/wp-content\/uploads\/2021\/06\/Reception7-1024x683.jpg"},{"@type":"BreadcrumbList","@id":"https:\/\/www.hotel-portasanmamolo.it\/de\/ueber-uns\/#breadcrumb","itemListElement":[{"@type":"ListItem","position":1,"name":"Home","item":"https:\/\/www.hotel-portasanmamolo.it\/de\/"},{"@type":"ListItem","position":2,"name":"\u00dcber uns"}]},{"@type":"WebSite","@id":"https:\/\/www.hotel-portasanmamolo.it\/#website","url":"https:\/\/www.hotel-portasanmamolo.it\/","name":"Hotel Porta San Mamolo","description":"Hotel storico nel cuore di bologna","publisher":{"@id":"https:\/\/www.hotel-portasanmamolo.it\/#organization"},"potentialAction":[{"@type":"SearchAction","target":{"@type":"EntryPoint","urlTemplate":"https:\/\/www.hotel-portasanmamolo.it\/?s={search_term_string}"},"query-input":{"@type":"PropertyValueSpecification","valueRequired":true,"valueName":"search_term_string"}}],"inLanguage":"de"},{"@type":"Organization","@id":"https:\/\/www.hotel-portasanmamolo.it\/#organization","name":"Hotel Porta San Mamolo","url":"https:\/\/www.hotel-portasanmamolo.it\/","logo":{"@type":"ImageObject","inLanguage":"de","@id":"https:\/\/www.hotel-portasanmamolo.it\/#\/schema\/logo\/image\/","url":"https:\/\/www.hotel-portasanmamolo.it\/wp-content\/uploads\/2021\/05\/logo-hpsm-ricostruito-gold-1.png","contentUrl":"https:\/\/www.hotel-portasanmamolo.it\/wp-content\/uploads\/2021\/05\/logo-hpsm-ricostruito-gold-1.png","width":326,"height":363,"caption":"Hotel Porta San Mamolo"},"image":{"@id":"https:\/\/www.hotel-portasanmamolo.it\/#\/schema\/logo\/image\/"}}]}},"_links":{"self":[{"href":"https:\/\/www.hotel-portasanmamolo.it\/de\/wp-json\/wp\/v2\/pages\/4661","targetHints":{"allow":["GET"]}}],"collection":[{"href":"https:\/\/www.hotel-portasanmamolo.it\/de\/wp-json\/wp\/v2\/pages"}],"about":[{"href":"https:\/\/www.hotel-portasanmamolo.it\/de\/wp-json\/wp\/v2\/types\/page"}],"author":[{"embeddable":true,"href":"https:\/\/www.hotel-portasanmamolo.it\/de\/wp-json\/wp\/v2\/users\/1"}],"replies":[{"embeddable":true,"href":"https:\/\/www.hotel-portasanmamolo.it\/de\/wp-json\/wp\/v2\/comments?post=4661"}],"version-history":[{"count":5,"href":"https:\/\/www.hotel-portasanmamolo.it\/de\/wp-json\/wp\/v2\/pages\/4661\/revisions"}],"predecessor-version":[{"id":6247,"href":"https:\/\/www.hotel-portasanmamolo.it\/de\/wp-json\/wp\/v2\/pages\/4661\/revisions\/6247"}],"wp:attachment":[{"href":"https:\/\/www.hotel-portasanmamolo.it\/de\/wp-json\/wp\/v2\/media?parent=4661"}],"curies":[{"name":"wp","href":"https:\/\/api.w.org\/{rel}","templated":true}]}}