{"id":4691,"date":"2021-06-10T14:42:11","date_gmt":"2021-06-10T14:42:11","guid":{"rendered":"http:\/\/www.hotel-portasanmamolo.it\/lage\/"},"modified":"2021-06-10T14:42:11","modified_gmt":"2021-06-10T14:42:11","slug":"lage","status":"publish","type":"page","link":"https:\/\/www.hotel-portasanmamolo.it\/de\/lage\/","title":{"rendered":"Lage"},"content":{"rendered":"\t\t<div data-elementor-type=\"wp-page\" data-elementor-id=\"4691\" class=\"elementor elementor-4691 elementor-199\" data-elementor-post-type=\"page\">\n\t\t\t\t\t\t<section class=\"elementor-section elementor-top-section elementor-element elementor-element-5cb75dbe elementor-section-height-min-height animated-slow elementor-section-items-bottom elementor-section-boxed elementor-section-height-default elementor-invisible\" data-id=\"5cb75dbe\" data-element_type=\"section\" data-settings=\"{&quot;background_background&quot;:&quot;classic&quot;,&quot;animation&quot;:&quot;fadeIn&quot;}\">\n\t\t\t\t\t\t<div class=\"elementor-container elementor-column-gap-default\">\n\t\t\t\t\t<div class=\"elementor-column elementor-col-100 elementor-top-column elementor-element elementor-element-7ddbd5a8\" data-id=\"7ddbd5a8\" data-element_type=\"column\">\n\t\t\t<div class=\"elementor-widget-wrap elementor-element-populated\">\n\t\t\t\t\t\t<div class=\"elementor-element elementor-element-d13d684 elementor-widget elementor-widget-html\" data-id=\"d13d684\" data-element_type=\"widget\" data-widget_type=\"html.default\">\n\t\t\t\t<div class=\"elementor-widget-container\">\n\t\t\t\t\t<div class=\"scroll-down\">\r\n    <a href=\"#posizione\">ENTDECKEN SIE DEN STANDORT<br \/><i class=\"fa fa-chevron-down\"><\/i><\/a>\r\n<\/div>\t\t\t\t<\/div>\n\t\t\t\t<\/div>\n\t\t\t\t\t<\/div>\n\t\t<\/div>\n\t\t\t\t\t<\/div>\n\t\t<\/section>\n\t\t\t\t<section class=\"elementor-section elementor-top-section elementor-element elementor-element-767c0697 elementor-section-full_width elementor-section-height-default elementor-section-height-default\" data-id=\"767c0697\" data-element_type=\"section\">\n\t\t\t\t\t\t<div class=\"elementor-container elementor-column-gap-default\">\n\t\t\t\t\t<div class=\"elementor-column elementor-col-100 elementor-top-column elementor-element elementor-element-44e7c393\" data-id=\"44e7c393\" data-element_type=\"column\">\n\t\t\t<div class=\"elementor-widget-wrap elementor-element-populated\">\n\t\t\t\t\t\t<div class=\"elementor-element elementor-element-3baf2458 elementor-widget elementor-widget-spacer\" data-id=\"3baf2458\" data-element_type=\"widget\" data-widget_type=\"spacer.default\">\n\t\t\t\t<div class=\"elementor-widget-container\">\n\t\t\t\t\t\t\t<div class=\"elementor-spacer\">\n\t\t\t<div class=\"elementor-spacer-inner\"><\/div>\n\t\t<\/div>\n\t\t\t\t\t\t<\/div>\n\t\t\t\t<\/div>\n\t\t\t\t\t<\/div>\n\t\t<\/div>\n\t\t\t\t\t<\/div>\n\t\t<\/section>\n\t\t\t\t<section class=\"elementor-section elementor-top-section elementor-element elementor-element-a631890 elementor-section-boxed elementor-section-height-default elementor-section-height-default elementor-invisible\" data-id=\"a631890\" data-element_type=\"section\" id=\"posizione\" data-settings=\"{&quot;animation&quot;:&quot;fadeIn&quot;}\">\n\t\t\t\t\t\t<div class=\"elementor-container elementor-column-gap-default\">\n\t\t\t\t\t<div class=\"elementor-column elementor-col-100 elementor-top-column elementor-element elementor-element-31df2f4e\" data-id=\"31df2f4e\" data-element_type=\"column\">\n\t\t\t<div class=\"elementor-widget-wrap elementor-element-populated\">\n\t\t\t\t\t\t<div class=\"elementor-element elementor-element-1f70d634 elementor-widget elementor-widget-heading\" data-id=\"1f70d634\" data-element_type=\"widget\" data-widget_type=\"heading.default\">\n\t\t\t\t<div class=\"elementor-widget-container\">\n\t\t\t\t\t<h1 class=\"elementor-heading-title elementor-size-default\">Im Herzen Bolognas<\/h1>\t\t\t\t<\/div>\n\t\t\t\t<\/div>\n\t\t\t\t<div class=\"elementor-element elementor-element-18f882e3 elementor-view-default elementor-widget elementor-widget-icon\" data-id=\"18f882e3\" data-element_type=\"widget\" data-widget_type=\"icon.default\">\n\t\t\t\t<div class=\"elementor-widget-container\">\n\t\t\t\t\t\t\t<div class=\"elementor-icon-wrapper\">\n\t\t\t<div class=\"elementor-icon\">\n\t\t\t<svg xmlns=\"http:\/\/www.w3.org\/2000\/svg\" id=\"Livello_1\" data-name=\"Livello 1\" viewBox=\"0 0 220.73 24.64\"><defs><style>.cls-1{fill:#c1c1c1;}.cls-2{fill:#fff;stroke:#c1c1c1;stroke-miterlimit:10;stroke-width:2px;}<\/style><\/defs><circle class=\"cls-1\" cx=\"110.36\" cy=\"12.32\" r=\"12.32\"><\/circle><line class=\"cls-2\" y1=\"12.32\" x2=\"220.73\" y2=\"12.32\"><\/line><\/svg>\t\t\t<\/div>\n\t\t<\/div>\n\t\t\t\t\t\t<\/div>\n\t\t\t\t<\/div>\n\t\t\t\t\t<\/div>\n\t\t<\/div>\n\t\t\t\t\t<\/div>\n\t\t<\/section>\n\t\t\t\t<section class=\"elementor-section elementor-top-section elementor-element elementor-element-5eb6b826 elementor-section-boxed elementor-section-height-default elementor-section-height-default elementor-invisible\" data-id=\"5eb6b826\" data-element_type=\"section\" data-settings=\"{&quot;animation&quot;:&quot;fadeIn&quot;}\">\n\t\t\t\t\t\t<div class=\"elementor-container elementor-column-gap-default\">\n\t\t\t\t\t<div class=\"elementor-column elementor-col-100 elementor-top-column elementor-element elementor-element-30b4f4f2\" data-id=\"30b4f4f2\" data-element_type=\"column\">\n\t\t\t<div class=\"elementor-widget-wrap elementor-element-populated\">\n\t\t\t\t\t\t<div class=\"elementor-element elementor-element-f3a84f5 elementor-widget elementor-widget-text-editor\" data-id=\"f3a84f5\" data-element_type=\"widget\" data-widget_type=\"text-editor.default\">\n\t\t\t\t<div class=\"elementor-widget-container\">\n\t\t\t\t\t\t\t\t\t<p><em><strong>Das Hotel liegt im Herzen der Stadt, nur wenige Schritte von der sch\u00f6nen Piazza Maggiore und den ber\u00fchmten T\u00fcrmen entfernt.<\/strong> <\/em><\/p>\n<p>Auf der herrlichen Piazza Maggiore finden jedes Jahr zwischen dem bewundernswerten Neptunbrunnen und der Basilika San Petronio wichtige Veranstaltungen und musikalische Darbietungen statt. Der Palazzo del Podest\u00e0, zusammen mit dem Palazzo Re Enzo, ganz in der N\u00e4he des Hotels, sind zwei wichtige Standorte, die mit Ausstellungen und Veranstaltungen der Kunst gewidmet sind, die Bologna zusammen mit der renommierten Universit\u00e4t zu einem wichtigen kulturellen Bezugspunkt Europas machen.<br \/>\nWenn Sie von Bologna aus weitere Sehensw\u00fcrdigkeiten erreichen wollen, kommen Sie einfach und \u00e4u\u00dferst bequem zur Altstadt von Ferrara und zu den Naturpfaden des Po-Delta-Parks in der N\u00e4he von Ravenna.<\/p>\n<p>Unser freundliches Rezeptionspersonal kann f\u00fcr Sie gef\u00fchrte Touren durch die Stadt Modena, der Fabrik und des Museums des prestigetr\u00e4chtigen Automobilherstellers Ferrari in Maranello, der ber\u00fchmten Lamborghini-Fabrik und des Museums sowie des Ducati-Museums buchen.<\/p>\n<p>5 Minuten vom renommierten Krankenhaus Rizzoli entfernt, ist das Hotel Porta San Mamolo durch Buslinien gut mit dem Hauptbahnhof von Bologna verbunden (von wo aus der \u201eMarconi Express\u201c in wenigen Minuten den Flughafen erreicht).<br \/>\nDas Hotel Porta San Mamolo genie\u00dft eine privilegierte Lage sowohl f\u00fcr diejenigen, die Bologna besuchen wollen, als auch f\u00fcr diejenigen, die zur Messe von Bologna reisen m\u00fcssen.<\/p>\n\t\t\t\t\t\t\t\t<\/div>\n\t\t\t\t<\/div>\n\t\t\t\t<div class=\"elementor-element elementor-element-23bfce3 elementor-widget elementor-widget-google_maps\" data-id=\"23bfce3\" data-element_type=\"widget\" data-widget_type=\"google_maps.default\">\n\t\t\t\t<div class=\"elementor-widget-container\">\n\t\t\t\t\t\t\t<div class=\"elementor-custom-embed\">\n\t\t\t<iframe loading=\"lazy\"\n\t\t\t\t\tsrc=\"https:\/\/maps.google.com\/maps?q=Vicolo%20del%20Falcone%2C%206%2F8%2C%2040124%20Bologna%20BO&#038;t=m&#038;z=10&#038;output=embed&#038;iwloc=near\"\n\t\t\t\t\ttitle=\"Vicolo del Falcone, 6\/8, 40124 Bologna BO\"\n\t\t\t\t\taria-label=\"Vicolo del Falcone, 6\/8, 40124 Bologna BO\"\n\t\t\t><\/iframe>\n\t\t<\/div>\n\t\t\t\t\t\t<\/div>\n\t\t\t\t<\/div>\n\t\t\t\t\t<\/div>\n\t\t<\/div>\n\t\t\t\t\t<\/div>\n\t\t<\/section>\n\t\t\t\t<section class=\"elementor-section elementor-top-section elementor-element elementor-element-51f08bc elementor-section-boxed elementor-section-height-default elementor-section-height-default elementor-invisible\" data-id=\"51f08bc\" data-element_type=\"section\" data-settings=\"{&quot;animation&quot;:&quot;fadeIn&quot;}\">\n\t\t\t\t\t\t<div class=\"elementor-container elementor-column-gap-default\">\n\t\t\t\t\t<div class=\"elementor-column elementor-col-100 elementor-top-column elementor-element elementor-element-6326be7\" data-id=\"6326be7\" data-element_type=\"column\">\n\t\t\t<div class=\"elementor-widget-wrap elementor-element-populated\">\n\t\t\t\t\t\t<div class=\"elementor-element elementor-element-6f3e4f9 elementor-widget elementor-widget-heading\" data-id=\"6f3e4f9\" data-element_type=\"widget\" data-widget_type=\"heading.default\">\n\t\t\t\t<div class=\"elementor-widget-container\">\n\t\t\t\t\t<h2 class=\"elementor-heading-title elementor-size-default\">Anreise<\/h2>\t\t\t\t<\/div>\n\t\t\t\t<\/div>\n\t\t\t\t<div class=\"elementor-element elementor-element-f8ea4ef elementor-view-default elementor-widget elementor-widget-icon\" data-id=\"f8ea4ef\" data-element_type=\"widget\" data-widget_type=\"icon.default\">\n\t\t\t\t<div class=\"elementor-widget-container\">\n\t\t\t\t\t\t\t<div class=\"elementor-icon-wrapper\">\n\t\t\t<div class=\"elementor-icon\">\n\t\t\t<svg xmlns=\"http:\/\/www.w3.org\/2000\/svg\" id=\"Livello_1\" data-name=\"Livello 1\" viewBox=\"0 0 220.73 24.64\"><defs><style>.cls-1{fill:#c1c1c1;}.cls-2{fill:#fff;stroke:#c1c1c1;stroke-miterlimit:10;stroke-width:2px;}<\/style><\/defs><circle class=\"cls-1\" cx=\"110.36\" cy=\"12.32\" r=\"12.32\"><\/circle><line class=\"cls-2\" y1=\"12.32\" x2=\"220.73\" y2=\"12.32\"><\/line><\/svg>\t\t\t<\/div>\n\t\t<\/div>\n\t\t\t\t\t\t<\/div>\n\t\t\t\t<\/div>\n\t\t\t\t\t<\/div>\n\t\t<\/div>\n\t\t\t\t\t<\/div>\n\t\t<\/section>\n\t\t\t\t<section class=\"elementor-section elementor-top-section elementor-element elementor-element-f119c84 elementor-section-boxed elementor-section-height-default elementor-section-height-default elementor-invisible\" data-id=\"f119c84\" data-element_type=\"section\" data-settings=\"{&quot;animation&quot;:&quot;fadeIn&quot;}\">\n\t\t\t\t\t\t<div class=\"elementor-container elementor-column-gap-default\">\n\t\t\t\t\t<div class=\"elementor-column elementor-col-100 elementor-top-column elementor-element elementor-element-3e6135a\" data-id=\"3e6135a\" data-element_type=\"column\">\n\t\t\t<div class=\"elementor-widget-wrap elementor-element-populated\">\n\t\t\t\t\t\t<div class=\"elementor-element elementor-element-a4f7582 elementor-widget elementor-widget-text-editor\" data-id=\"a4f7582\" data-element_type=\"widget\" data-widget_type=\"text-editor.default\">\n\t\t\t\t<div class=\"elementor-widget-container\">\n\t\t\t\t\t\t\t\t\t<p><strong>Mit dem Auto<\/strong><br \/>\nVon der Autobahn A1 und aus der Richtung FLORENZ oder MAILAND kommend nehmen Sie die Ausfahrt Casalecchio sul Reno und gleich nach der Mautstelle rechts, die erste Ausfahrt der Umgehungsstra\u00dfe. Entlang der Allee der Beschilderung Certosa-Stadio folgen, die Stra\u00dfe verlassen und die erste Stra\u00dfe rechts (Via Tolmino) nehmen. Weiter bis zur Umgehungsstra\u00dfe fahren und nach ca. 2 km (kurz nach Piazza Porta San Mamolo) rechts abbiegen in Via Savenella. Am Ende der Kreuzung links abbiegen in Via Solferino, ca. 100 m weiterfahren und nochmals links abbiegen in Via Miramonte. Am Ende der Stra\u00dfe, auf der rechten Seite, finden Sie Vicolo del Falcone, wo Sie unser Hotel unter der Hausnummer 6 finden werden.<br \/>\nVon PADOVA oder FERRARA kommend von der Autobahn A13 Ausfahrt Arcoveggio aus, kurz nach der Mautstelle links halten und den Schildern A14 Ancona folgen. Die erste Ausfahrt (Nr. 7 Fiera) rechts in Via Stalingrado einbiegen und weiter in Richtung Zentrum fahren. Nach 2,3 km, gleich nach der \u00dcberf\u00fchrung (bei Porta Mascarella) links auf die Umgehungsstra\u00dfe abbiegen, ca. 3 km weiterfahren und an der dritten Ampel nach Porta Castiglione rechts in Via Savenella abbiegen. Am Ende der Stra\u00dfe an der Kreuzung links in Via Solferino abbiegen, ca. 100 m weiterfahren und nochmals links in Via Miramonte abbiegen. An dessen Ende, auf der rechten Seite, finden Sie Vicolo del Falcone, wo an der Hausnummer 6\/8 unser Hotel auf Sie wartet.<\/p>\n<p><strong>Mit dem Flugzeug<\/strong><br \/>\nDer Flughafen Marconi ist nur 8 km vom Hotel entfernt. Mit dem Zug \u201eMarconi Express\u201c erreichen Sie vom Flughafen aus in ca. 7 Minuten den Hauptbahnhof von Bologna.<br \/>\nVom Hauptbahnhof bringt Sie die Buslinie 33 in 15 Minuten zur Haltestelle Porta San Mamolo. Wenn Sie aussteigen, \u00fcberqueren Sie Via D\u2019Azeglio in Richtung der Mauern von Porta Castiglione, biegen Sie links ab und sofort rechts in Vicolo del Falcone, unser Hotel finden Sie unter der Hausnummer 6\/8.<\/p>\n<p><strong>Im Zug<\/strong><br \/>\nWenn Sie am Hauptbahnhof von Bologna ankommen, folgen Sie den Anweisungen unter dem Abschnitt Anreise \u201eMit dem Flugzeug\u201c.<\/p>\n\t\t\t\t\t\t\t\t<\/div>\n\t\t\t\t<\/div>\n\t\t\t\t\t<\/div>\n\t\t<\/div>\n\t\t\t\t\t<\/div>\n\t\t<\/section>\n\t\t\t\t<\/div>\n\t\t","protected":false},"excerpt":{"rendered":"<p>ENTDECKEN SIE DEN STANDORT Im Herzen Bolognas Das Hotel liegt im Herzen der Stadt, nur wenige Schritte von der sch\u00f6nen Piazza Maggiore und den ber\u00fchmten T\u00fcrmen entfernt. Auf der herrlichen Piazza Maggiore finden jedes Jahr zwischen dem bewundernswerten Neptunbrunnen und der Basilika San Petronio wichtige Veranstaltungen und musikalische Darbietungen statt. Der Palazzo del Podest\u00e0, zusammen [&hellip;]<\/p>\n","protected":false},"author":1,"featured_media":0,"parent":0,"menu_order":0,"comment_status":"closed","ping_status":"closed","template":"","meta":{"_acf_changed":false,"footnotes":""},"class_list":["post-4691","page","type-page","status-publish","hentry"],"acf":[],"yoast_head":"<!-- This site is optimized with the Yoast SEO plugin v26.2 - https:\/\/yoast.com\/wordpress\/plugins\/seo\/ -->\n<title>4-Sterne-Hotel Porta San Mamolo in Bologna - Offizielle Seite<\/title>\n<meta name=\"description\" content=\"Entdecken Sie das 4-Sterne-Hotel Porta San Mamolo im Zentrum von Bologna. Buchen Sie jetzt.\" \/>\n<meta name=\"robots\" content=\"index, follow, max-snippet:-1, max-image-preview:large, max-video-preview:-1\" \/>\n<link rel=\"canonical\" href=\"https:\/\/www.hotel-portasanmamolo.it\/posizione\/\" \/>\n<meta property=\"og:locale\" content=\"de_DE\" \/>\n<meta property=\"og:type\" content=\"article\" \/>\n<meta property=\"og:title\" content=\"4-Sterne-Hotel Porta San Mamolo in Bologna - Offizielle Seite\" \/>\n<meta property=\"og:description\" content=\"Entdecken Sie das 4-Sterne-Hotel Porta San Mamolo im Zentrum von Bologna. Buchen Sie jetzt.\" \/>\n<meta property=\"og:url\" content=\"https:\/\/www.hotel-portasanmamolo.it\/posizione\/\" \/>\n<meta property=\"og:site_name\" content=\"Hotel Porta San Mamolo\" \/>\n<meta name=\"twitter:card\" content=\"summary_large_image\" \/>\n<meta name=\"twitter:label1\" content=\"Gesch\u00e4tzte Lesezeit\" \/>\n\t<meta name=\"twitter:data1\" content=\"3\u00a0Minuten\" \/>\n<script type=\"application\/ld+json\" class=\"yoast-schema-graph\">{\"@context\":\"https:\/\/schema.org\",\"@graph\":[{\"@type\":\"WebPage\",\"@id\":\"https:\/\/www.hotel-portasanmamolo.it\/posizione\/\",\"url\":\"https:\/\/www.hotel-portasanmamolo.it\/posizione\/\",\"name\":\"4-Sterne-Hotel Porta San Mamolo in Bologna - Offizielle Seite\",\"isPartOf\":{\"@id\":\"https:\/\/www.hotel-portasanmamolo.it\/#website\"},\"datePublished\":\"2021-06-10T14:42:11+00:00\",\"description\":\"Entdecken Sie das 4-Sterne-Hotel Porta San Mamolo im Zentrum von Bologna. Buchen Sie jetzt.\",\"breadcrumb\":{\"@id\":\"https:\/\/www.hotel-portasanmamolo.it\/posizione\/#breadcrumb\"},\"inLanguage\":\"de\",\"potentialAction\":[{\"@type\":\"ReadAction\",\"target\":[\"https:\/\/www.hotel-portasanmamolo.it\/posizione\/\"]}]},{\"@type\":\"BreadcrumbList\",\"@id\":\"https:\/\/www.hotel-portasanmamolo.it\/posizione\/#breadcrumb\",\"itemListElement\":[{\"@type\":\"ListItem\",\"position\":1,\"name\":\"Home\",\"item\":\"https:\/\/www.hotel-portasanmamolo.it\/de\/\"},{\"@type\":\"ListItem\",\"position\":2,\"name\":\"Lage\"}]},{\"@type\":\"WebSite\",\"@id\":\"https:\/\/www.hotel-portasanmamolo.it\/#website\",\"url\":\"https:\/\/www.hotel-portasanmamolo.it\/\",\"name\":\"Hotel Porta San Mamolo\",\"description\":\"Hotel storico nel cuore di bologna\",\"publisher\":{\"@id\":\"https:\/\/www.hotel-portasanmamolo.it\/#organization\"},\"potentialAction\":[{\"@type\":\"SearchAction\",\"target\":{\"@type\":\"EntryPoint\",\"urlTemplate\":\"https:\/\/www.hotel-portasanmamolo.it\/?s={search_term_string}\"},\"query-input\":{\"@type\":\"PropertyValueSpecification\",\"valueRequired\":true,\"valueName\":\"search_term_string\"}}],\"inLanguage\":\"de\"},{\"@type\":\"Organization\",\"@id\":\"https:\/\/www.hotel-portasanmamolo.it\/#organization\",\"name\":\"Hotel Porta San Mamolo\",\"url\":\"https:\/\/www.hotel-portasanmamolo.it\/\",\"logo\":{\"@type\":\"ImageObject\",\"inLanguage\":\"de\",\"@id\":\"https:\/\/www.hotel-portasanmamolo.it\/#\/schema\/logo\/image\/\",\"url\":\"https:\/\/www.hotel-portasanmamolo.it\/wp-content\/uploads\/2021\/05\/logo-hpsm-ricostruito-gold-1.png\",\"contentUrl\":\"https:\/\/www.hotel-portasanmamolo.it\/wp-content\/uploads\/2021\/05\/logo-hpsm-ricostruito-gold-1.png\",\"width\":326,\"height\":363,\"caption\":\"Hotel Porta San Mamolo\"},\"image\":{\"@id\":\"https:\/\/www.hotel-portasanmamolo.it\/#\/schema\/logo\/image\/\"}}]}<\/script>\n<!-- \/ Yoast SEO plugin. -->","yoast_head_json":{"title":"4-Sterne-Hotel Porta San Mamolo in Bologna - Offizielle Seite","description":"Entdecken Sie das 4-Sterne-Hotel Porta San Mamolo im Zentrum von Bologna. Buchen Sie jetzt.","robots":{"index":"index","follow":"follow","max-snippet":"max-snippet:-1","max-image-preview":"max-image-preview:large","max-video-preview":"max-video-preview:-1"},"canonical":"https:\/\/www.hotel-portasanmamolo.it\/posizione\/","og_locale":"de_DE","og_type":"article","og_title":"4-Sterne-Hotel Porta San Mamolo in Bologna - Offizielle Seite","og_description":"Entdecken Sie das 4-Sterne-Hotel Porta San Mamolo im Zentrum von Bologna. Buchen Sie jetzt.","og_url":"https:\/\/www.hotel-portasanmamolo.it\/posizione\/","og_site_name":"Hotel Porta San Mamolo","twitter_card":"summary_large_image","twitter_misc":{"Gesch\u00e4tzte Lesezeit":"3\u00a0Minuten"},"schema":{"@context":"https:\/\/schema.org","@graph":[{"@type":"WebPage","@id":"https:\/\/www.hotel-portasanmamolo.it\/posizione\/","url":"https:\/\/www.hotel-portasanmamolo.it\/posizione\/","name":"4-Sterne-Hotel Porta San Mamolo in Bologna - Offizielle Seite","isPartOf":{"@id":"https:\/\/www.hotel-portasanmamolo.it\/#website"},"datePublished":"2021-06-10T14:42:11+00:00","description":"Entdecken Sie das 4-Sterne-Hotel Porta San Mamolo im Zentrum von Bologna. Buchen Sie jetzt.","breadcrumb":{"@id":"https:\/\/www.hotel-portasanmamolo.it\/posizione\/#breadcrumb"},"inLanguage":"de","potentialAction":[{"@type":"ReadAction","target":["https:\/\/www.hotel-portasanmamolo.it\/posizione\/"]}]},{"@type":"BreadcrumbList","@id":"https:\/\/www.hotel-portasanmamolo.it\/posizione\/#breadcrumb","itemListElement":[{"@type":"ListItem","position":1,"name":"Home","item":"https:\/\/www.hotel-portasanmamolo.it\/de\/"},{"@type":"ListItem","position":2,"name":"Lage"}]},{"@type":"WebSite","@id":"https:\/\/www.hotel-portasanmamolo.it\/#website","url":"https:\/\/www.hotel-portasanmamolo.it\/","name":"Hotel Porta San Mamolo","description":"Hotel storico nel cuore di bologna","publisher":{"@id":"https:\/\/www.hotel-portasanmamolo.it\/#organization"},"potentialAction":[{"@type":"SearchAction","target":{"@type":"EntryPoint","urlTemplate":"https:\/\/www.hotel-portasanmamolo.it\/?s={search_term_string}"},"query-input":{"@type":"PropertyValueSpecification","valueRequired":true,"valueName":"search_term_string"}}],"inLanguage":"de"},{"@type":"Organization","@id":"https:\/\/www.hotel-portasanmamolo.it\/#organization","name":"Hotel Porta San Mamolo","url":"https:\/\/www.hotel-portasanmamolo.it\/","logo":{"@type":"ImageObject","inLanguage":"de","@id":"https:\/\/www.hotel-portasanmamolo.it\/#\/schema\/logo\/image\/","url":"https:\/\/www.hotel-portasanmamolo.it\/wp-content\/uploads\/2021\/05\/logo-hpsm-ricostruito-gold-1.png","contentUrl":"https:\/\/www.hotel-portasanmamolo.it\/wp-content\/uploads\/2021\/05\/logo-hpsm-ricostruito-gold-1.png","width":326,"height":363,"caption":"Hotel Porta San Mamolo"},"image":{"@id":"https:\/\/www.hotel-portasanmamolo.it\/#\/schema\/logo\/image\/"}}]}},"_links":{"self":[{"href":"https:\/\/www.hotel-portasanmamolo.it\/de\/wp-json\/wp\/v2\/pages\/4691","targetHints":{"allow":["GET"]}}],"collection":[{"href":"https:\/\/www.hotel-portasanmamolo.it\/de\/wp-json\/wp\/v2\/pages"}],"about":[{"href":"https:\/\/www.hotel-portasanmamolo.it\/de\/wp-json\/wp\/v2\/types\/page"}],"author":[{"embeddable":true,"href":"https:\/\/www.hotel-portasanmamolo.it\/de\/wp-json\/wp\/v2\/users\/1"}],"replies":[{"embeddable":true,"href":"https:\/\/www.hotel-portasanmamolo.it\/de\/wp-json\/wp\/v2\/comments?post=4691"}],"version-history":[{"count":1,"href":"https:\/\/www.hotel-portasanmamolo.it\/de\/wp-json\/wp\/v2\/pages\/4691\/revisions"}],"predecessor-version":[{"id":4694,"href":"https:\/\/www.hotel-portasanmamolo.it\/de\/wp-json\/wp\/v2\/pages\/4691\/revisions\/4694"}],"wp:attachment":[{"href":"https:\/\/www.hotel-portasanmamolo.it\/de\/wp-json\/wp\/v2\/media?parent=4691"}],"curies":[{"name":"wp","href":"https:\/\/api.w.org\/{rel}","templated":true}]}}