{"id":4795,"date":"2021-06-11T08:37:24","date_gmt":"2021-06-11T08:37:24","guid":{"rendered":"http:\/\/www.hotel-portasanmamolo.it\/quienes-somos\/"},"modified":"2021-06-23T07:09:28","modified_gmt":"2021-06-23T07:09:28","slug":"quienes-somos","status":"publish","type":"page","link":"https:\/\/www.hotel-portasanmamolo.it\/es\/quienes-somos\/","title":{"rendered":"Qui\u00e9nes somos"},"content":{"rendered":"\t\t<div data-elementor-type=\"wp-page\" data-elementor-id=\"4795\" class=\"elementor elementor-4795 elementor-196\" data-elementor-post-type=\"page\">\n\t\t\t\t\t\t<section class=\"elementor-section elementor-top-section elementor-element elementor-element-cb56556 elementor-section-height-min-height animated-slow elementor-section-items-bottom elementor-section-boxed elementor-section-height-default elementor-invisible\" data-id=\"cb56556\" data-element_type=\"section\" data-settings=\"{&quot;background_background&quot;:&quot;classic&quot;,&quot;animation&quot;:&quot;fadeIn&quot;}\">\n\t\t\t\t\t\t<div class=\"elementor-container elementor-column-gap-default\">\n\t\t\t\t\t<div class=\"elementor-column elementor-col-100 elementor-top-column elementor-element elementor-element-e82e250\" data-id=\"e82e250\" data-element_type=\"column\">\n\t\t\t<div class=\"elementor-widget-wrap elementor-element-populated\">\n\t\t\t\t\t\t<div class=\"elementor-element elementor-element-e27a2f4 elementor-widget elementor-widget-html\" data-id=\"e27a2f4\" data-element_type=\"widget\" data-widget_type=\"html.default\">\n\t\t\t\t<div class=\"elementor-widget-container\">\n\t\t\t\t\t<div class=\"scroll-down\">\r\n    <a href=\"#storia\">DESCUBRE LA HISTORIA<br \/><i class=\"fa fa-chevron-down\"><\/i><\/a>\r\n<\/div>\t\t\t\t<\/div>\n\t\t\t\t<\/div>\n\t\t\t\t\t<\/div>\n\t\t<\/div>\n\t\t\t\t\t<\/div>\n\t\t<\/section>\n\t\t\t\t<section class=\"elementor-section elementor-top-section elementor-element elementor-element-0ddf134 elementor-section-full_width elementor-section-height-default elementor-section-height-default\" data-id=\"0ddf134\" data-element_type=\"section\">\n\t\t\t\t\t\t<div class=\"elementor-container elementor-column-gap-default\">\n\t\t\t\t\t<div class=\"elementor-column elementor-col-100 elementor-top-column elementor-element elementor-element-9975585\" data-id=\"9975585\" data-element_type=\"column\">\n\t\t\t<div class=\"elementor-widget-wrap elementor-element-populated\">\n\t\t\t\t\t\t<div class=\"elementor-element elementor-element-e25a8ce elementor-widget elementor-widget-spacer\" data-id=\"e25a8ce\" data-element_type=\"widget\" data-widget_type=\"spacer.default\">\n\t\t\t\t<div class=\"elementor-widget-container\">\n\t\t\t\t\t\t\t<div class=\"elementor-spacer\">\n\t\t\t<div class=\"elementor-spacer-inner\"><\/div>\n\t\t<\/div>\n\t\t\t\t\t\t<\/div>\n\t\t\t\t<\/div>\n\t\t\t\t\t<\/div>\n\t\t<\/div>\n\t\t\t\t\t<\/div>\n\t\t<\/section>\n\t\t\t\t<section class=\"elementor-section elementor-top-section elementor-element elementor-element-cb3080e animated-slow elementor-section-boxed elementor-section-height-default elementor-section-height-default elementor-invisible\" data-id=\"cb3080e\" data-element_type=\"section\" id=\"storia\" data-settings=\"{&quot;animation&quot;:&quot;fadeIn&quot;}\">\n\t\t\t\t\t\t<div class=\"elementor-container elementor-column-gap-default\">\n\t\t\t\t\t<div class=\"elementor-column elementor-col-100 elementor-top-column elementor-element elementor-element-e7eb211\" data-id=\"e7eb211\" data-element_type=\"column\">\n\t\t\t<div class=\"elementor-widget-wrap elementor-element-populated\">\n\t\t\t\t\t\t<div class=\"elementor-element elementor-element-f0f3c7b elementor-widget elementor-widget-heading\" data-id=\"f0f3c7b\" data-element_type=\"widget\" data-widget_type=\"heading.default\">\n\t\t\t\t<div class=\"elementor-widget-container\">\n\t\t\t\t\t<h1 class=\"elementor-heading-title elementor-size-default\">Qui\u00e9nes somos<\/h1>\t\t\t\t<\/div>\n\t\t\t\t<\/div>\n\t\t\t\t<div class=\"elementor-element elementor-element-3460604 elementor-view-default elementor-widget elementor-widget-icon\" data-id=\"3460604\" data-element_type=\"widget\" data-widget_type=\"icon.default\">\n\t\t\t\t<div class=\"elementor-widget-container\">\n\t\t\t\t\t\t\t<div class=\"elementor-icon-wrapper\">\n\t\t\t<div class=\"elementor-icon\">\n\t\t\t<svg xmlns=\"http:\/\/www.w3.org\/2000\/svg\" id=\"Livello_1\" data-name=\"Livello 1\" viewBox=\"0 0 220.73 24.64\"><defs><style>.cls-1{fill:#c1c1c1;}.cls-2{fill:#fff;stroke:#c1c1c1;stroke-miterlimit:10;stroke-width:2px;}<\/style><\/defs><circle class=\"cls-1\" cx=\"110.36\" cy=\"12.32\" r=\"12.32\"><\/circle><line class=\"cls-2\" y1=\"12.32\" x2=\"220.73\" y2=\"12.32\"><\/line><\/svg>\t\t\t<\/div>\n\t\t<\/div>\n\t\t\t\t\t\t<\/div>\n\t\t\t\t<\/div>\n\t\t\t\t\t<\/div>\n\t\t<\/div>\n\t\t\t\t\t<\/div>\n\t\t<\/section>\n\t\t\t\t<section class=\"elementor-section elementor-top-section elementor-element elementor-element-c53b50d elementor-section-boxed elementor-section-height-default elementor-section-height-default\" data-id=\"c53b50d\" data-element_type=\"section\">\n\t\t\t\t\t\t<div class=\"elementor-container elementor-column-gap-default\">\n\t\t\t\t\t<div class=\"elementor-column elementor-col-100 elementor-top-column elementor-element elementor-element-c0abb79\" data-id=\"c0abb79\" data-element_type=\"column\">\n\t\t\t<div class=\"elementor-widget-wrap elementor-element-populated\">\n\t\t\t\t\t\t<div class=\"elementor-element elementor-element-a72d8f4 elementor-widget elementor-widget-text-editor\" data-id=\"a72d8f4\" data-element_type=\"widget\" data-widget_type=\"text-editor.default\">\n\t\t\t\t<div class=\"elementor-widget-container\">\n\t\t\t\t\t\t\t\t\t<p>El <strong>Hotel Porta San Mamolo<\/strong> se encuentra en el coraz\u00f3n de Bolonia, una ciudad hist\u00f3rica medieval \u00fanica en el mundo con sus 38 km de p\u00f3rticos y sede de la Universidad m\u00e1s antigua del mundo occidental. El Hotel, tal y como se conoce actualmente, se crea oficialmente el a\u00f1o 2001 con 20 habitaciones tras una importante rehabilitaci\u00f3n y renovaci\u00f3n estructural. A lo largo de los a\u00f1os, se ha ido ampliando con varios \u00abbloques\u00bb adyacente al Hotel hasta conseguir la estructura actual.<br \/>\nEl Hotel se divide en cuatro bloques diferentes: el <strong>\u00abFalcone Cloister\u00bb<\/strong>, el cuerpo central donde se encuentra la Recepci\u00f3n; el <strong>\u00abGarden Court\u00bb<\/strong>, el jard\u00edn interior y coraz\u00f3n del Hotel que, gracias a la presencia de nuevas variedades de plantas y flores espec\u00edficas, crea una atm\u00f3sfera m\u00e1gica y relajante. En el centro del Garden Court se extiende la nueva sala de desayunos la <strong>\u00abOrangerie\u00bb<\/strong>, con mesas en el interior y el exterior gracias al nuevo patio para la temporada de primavera y verano; finalmente, la <strong>\u00abMirasole Tower\u00bb<\/strong>, que se llama as\u00ed por su forma en torre medieval.<\/p>\n\t\t\t\t\t\t\t\t<\/div>\n\t\t\t\t<\/div>\n\t\t\t\t\t<\/div>\n\t\t<\/div>\n\t\t\t\t\t<\/div>\n\t\t<\/section>\n\t\t\t\t<section class=\"elementor-section elementor-top-section elementor-element elementor-element-a868f6f elementor-section-boxed elementor-section-height-default elementor-section-height-default\" data-id=\"a868f6f\" data-element_type=\"section\">\n\t\t\t\t\t\t<div class=\"elementor-container elementor-column-gap-custom\">\n\t\t\t\t\t<div class=\"elementor-column elementor-col-33 elementor-top-column elementor-element elementor-element-6c1286b animated-slow elementor-invisible\" data-id=\"6c1286b\" data-element_type=\"column\" data-settings=\"{&quot;animation&quot;:&quot;fadeInUp&quot;}\">\n\t\t\t<div class=\"elementor-widget-wrap elementor-element-populated\">\n\t\t\t\t\t\t<div class=\"elementor-element elementor-element-24ccfad elementor-widget elementor-widget-image\" data-id=\"24ccfad\" data-element_type=\"widget\" data-widget_type=\"image.default\">\n\t\t\t\t<div class=\"elementor-widget-container\">\n\t\t\t\t\t\t\t\t\t\t\t\t\t\t\t<img fetchpriority=\"high\" decoding=\"async\" width=\"800\" height=\"534\" src=\"https:\/\/www.hotel-portasanmamolo.it\/wp-content\/uploads\/2021\/06\/Reception7-1024x683.jpg\" class=\"attachment-large size-large wp-image-3305\" alt=\"Reception\" srcset=\"https:\/\/www.hotel-portasanmamolo.it\/wp-content\/uploads\/2021\/06\/Reception7-1024x683.jpg 1024w, https:\/\/www.hotel-portasanmamolo.it\/wp-content\/uploads\/2021\/06\/Reception7-300x200.jpg 300w, https:\/\/www.hotel-portasanmamolo.it\/wp-content\/uploads\/2021\/06\/Reception7-768x512.jpg 768w, https:\/\/www.hotel-portasanmamolo.it\/wp-content\/uploads\/2021\/06\/Reception7-1536x1024.jpg 1536w, https:\/\/www.hotel-portasanmamolo.it\/wp-content\/uploads\/2021\/06\/Reception7-2048x1365.jpg 2048w\" sizes=\"(max-width: 800px) 100vw, 800px\" \/>\t\t\t\t\t\t\t\t\t\t\t\t\t\t\t<\/div>\n\t\t\t\t<\/div>\n\t\t\t\t\t<\/div>\n\t\t<\/div>\n\t\t\t\t<div class=\"elementor-column elementor-col-33 elementor-top-column elementor-element elementor-element-304c95e animated-slow elementor-invisible\" data-id=\"304c95e\" data-element_type=\"column\" data-settings=\"{&quot;animation&quot;:&quot;fadeInDown&quot;}\">\n\t\t\t<div class=\"elementor-widget-wrap elementor-element-populated\">\n\t\t\t\t\t\t<div class=\"elementor-element elementor-element-77dffbb elementor-widget elementor-widget-image\" data-id=\"77dffbb\" data-element_type=\"widget\" data-widget_type=\"image.default\">\n\t\t\t\t<div class=\"elementor-widget-container\">\n\t\t\t\t\t\t\t\t\t\t\t\t\t\t\t<img decoding=\"async\" width=\"683\" height=\"1024\" src=\"https:\/\/www.hotel-portasanmamolo.it\/wp-content\/uploads\/2021\/06\/Camera-Superior-min-683x1024.jpg\" class=\"attachment-large size-large wp-image-6167\" alt=\"\" srcset=\"https:\/\/www.hotel-portasanmamolo.it\/wp-content\/uploads\/2021\/06\/Camera-Superior-min-683x1024.jpg 683w, https:\/\/www.hotel-portasanmamolo.it\/wp-content\/uploads\/2021\/06\/Camera-Superior-min-200x300.jpg 200w, https:\/\/www.hotel-portasanmamolo.it\/wp-content\/uploads\/2021\/06\/Camera-Superior-min-768x1152.jpg 768w, https:\/\/www.hotel-portasanmamolo.it\/wp-content\/uploads\/2021\/06\/Camera-Superior-min-1024x1536.jpg 1024w, https:\/\/www.hotel-portasanmamolo.it\/wp-content\/uploads\/2021\/06\/Camera-Superior-min-1365x2048.jpg 1365w, https:\/\/www.hotel-portasanmamolo.it\/wp-content\/uploads\/2021\/06\/Camera-Superior-min-scaled.jpg 1707w\" sizes=\"(max-width: 683px) 100vw, 683px\" \/>\t\t\t\t\t\t\t\t\t\t\t\t\t\t\t<\/div>\n\t\t\t\t<\/div>\n\t\t\t\t\t<\/div>\n\t\t<\/div>\n\t\t\t\t<div class=\"elementor-column elementor-col-33 elementor-top-column elementor-element elementor-element-5709421 animated-slow elementor-invisible\" data-id=\"5709421\" data-element_type=\"column\" data-settings=\"{&quot;animation&quot;:&quot;fadeInUp&quot;}\">\n\t\t\t<div class=\"elementor-widget-wrap elementor-element-populated\">\n\t\t\t\t\t\t<div class=\"elementor-element elementor-element-2ed3669 elementor-widget elementor-widget-image\" data-id=\"2ed3669\" data-element_type=\"widget\" data-widget_type=\"image.default\">\n\t\t\t\t<div class=\"elementor-widget-container\">\n\t\t\t\t\t\t\t\t\t\t\t\t\t\t\t<img decoding=\"async\" width=\"683\" height=\"1024\" src=\"https:\/\/www.hotel-portasanmamolo.it\/wp-content\/uploads\/2021\/06\/Superior-con-Balcone6-min-683x1024.jpg\" class=\"attachment-large size-large wp-image-5972\" alt=\"Superior con Balcone\" srcset=\"https:\/\/www.hotel-portasanmamolo.it\/wp-content\/uploads\/2021\/06\/Superior-con-Balcone6-min-683x1024.jpg 683w, https:\/\/www.hotel-portasanmamolo.it\/wp-content\/uploads\/2021\/06\/Superior-con-Balcone6-min-200x300.jpg 200w, https:\/\/www.hotel-portasanmamolo.it\/wp-content\/uploads\/2021\/06\/Superior-con-Balcone6-min-768x1152.jpg 768w, https:\/\/www.hotel-portasanmamolo.it\/wp-content\/uploads\/2021\/06\/Superior-con-Balcone6-min-1024x1536.jpg 1024w, https:\/\/www.hotel-portasanmamolo.it\/wp-content\/uploads\/2021\/06\/Superior-con-Balcone6-min-1365x2048.jpg 1365w, https:\/\/www.hotel-portasanmamolo.it\/wp-content\/uploads\/2021\/06\/Superior-con-Balcone6-min-scaled.jpg 1707w\" sizes=\"(max-width: 683px) 100vw, 683px\" \/>\t\t\t\t\t\t\t\t\t\t\t\t\t\t\t<\/div>\n\t\t\t\t<\/div>\n\t\t\t\t\t<\/div>\n\t\t<\/div>\n\t\t\t\t\t<\/div>\n\t\t<\/section>\n\t\t\t\t<section class=\"elementor-section elementor-top-section elementor-element elementor-element-fa02b0c elementor-section-boxed elementor-section-height-default elementor-section-height-default\" data-id=\"fa02b0c\" data-element_type=\"section\">\n\t\t\t\t\t\t<div class=\"elementor-container elementor-column-gap-default\">\n\t\t\t\t\t<div class=\"elementor-column elementor-col-50 elementor-top-column elementor-element elementor-element-294f165\" data-id=\"294f165\" data-element_type=\"column\">\n\t\t\t<div class=\"elementor-widget-wrap elementor-element-populated\">\n\t\t\t\t\t\t<div class=\"elementor-element elementor-element-0365245 elementor-widget elementor-widget-heading\" data-id=\"0365245\" data-element_type=\"widget\" data-widget_type=\"heading.default\">\n\t\t\t\t<div class=\"elementor-widget-container\">\n\t\t\t\t\t<h2 class=\"elementor-heading-title elementor-size-default\">La historia<\/h2>\t\t\t\t<\/div>\n\t\t\t\t<\/div>\n\t\t\t\t<div class=\"elementor-element elementor-element-08e4a9b elementor-widget elementor-widget-text-editor\" data-id=\"08e4a9b\" data-element_type=\"widget\" data-widget_type=\"text-editor.default\">\n\t\t\t\t<div class=\"elementor-widget-container\">\n\t\t\t\t\t\t\t\t\t<p>La estructura original del Hotel nace de un antiguo y peque\u00f1o \u00abburgo\u00bb del centro hist\u00f3rico, que sin duda ha reforzado sus puntos fuertes.<\/p>\n<p><strong>La calle \u00abVicolo del Falcone\u00bb y el barrio de Santo Stefano del que la calle del Hotel forma parte, est\u00e1n repletos de historia.<\/strong><\/p>\n<p>El origen del nombre <em><strong>\u00abVicolo del Falcone\u00bb<\/strong><\/em> es bastante reciente, y se remonta al 1877.<br \/>\nLa calle forma parte de un grupo de calles del siglo XIII como Mirasoli. De hecho, el Burgus Miralsolis ya se documenta en los a\u00f1os 1296\/97.<br \/>\nLa actual calle del Falcone es la m\u00e1s meridional de los tres Mirasoli. Las otras dos calles son la calle Solferino (hoy Mirasol Grande, la m\u00e1s septentrional) y la calle Mirasole (hoy Mirasole di Mezzo).<\/p>\n<p>Cabe destacar la nota de Giovanni Zanti donde se menciona que los Mirasoli tambi\u00e9n se llamaban Braine. En el siglo XVI, cuando escrib\u00eda Giovanni Zanti, los Mirasoli generalmente eran lugares abiertos y de construcci\u00f3n pobre, ya que as\u00ed eran los braine: lugares abiertos y b\u00e1sicamente de campo.<\/p>\n<p>Durante el largo proceso de reforma toponom\u00e1stica realizada entre 1873 y 1878 se decide cambiar Mirasole di Sopra por \u00abVicolo Mirasole\u00bb, pero la relaci\u00f3n Zoboli Dall\u2019Olio indic\u00f3 riesgos de ambig\u00fcedad, dado que ya exist\u00eda una calle Mirasole (hoy Mirasole di Mezzo) y se propuso \u00abVicolo del Falcone\u00bb justific\u00e1ndolo con el hecho de que en esta calle ya exist\u00edan casas con este nombre. Desgraciadamente, no hay pruebas escritas de dichas casas. La hip\u00f3tesis de Mario Fanti en \u00abLe Vie di Bologna. Saggio di Toponomastica Storica\u00bb (I,344) subraya el hecho de que el nombre proviene de la posible insignia \u00abdel Falcone\u00bb de una Bodega o Taberna en los alrededores, pero no existe ninguna base documental.<\/p>\n\t\t\t\t\t\t\t\t<\/div>\n\t\t\t\t<\/div>\n\t\t\t\t\t<\/div>\n\t\t<\/div>\n\t\t\t\t<div class=\"elementor-column elementor-col-50 elementor-top-column elementor-element elementor-element-4b57798\" data-id=\"4b57798\" data-element_type=\"column\">\n\t\t\t<div class=\"elementor-widget-wrap elementor-element-populated\">\n\t\t\t\t\t\t<div class=\"elementor-element elementor-element-1f20208 elementor-widget elementor-widget-image\" data-id=\"1f20208\" data-element_type=\"widget\" data-widget_type=\"image.default\">\n\t\t\t\t<div class=\"elementor-widget-container\">\n\t\t\t\t\t\t\t\t\t\t\t\t\t\t\t<img loading=\"lazy\" decoding=\"async\" width=\"500\" height=\"769\" src=\"https:\/\/www.hotel-portasanmamolo.it\/wp-content\/uploads\/2021\/06\/image.jpg\" class=\"attachment-large size-large wp-image-4311\" alt=\"storia\" srcset=\"https:\/\/www.hotel-portasanmamolo.it\/wp-content\/uploads\/2021\/06\/image.jpg 500w, https:\/\/www.hotel-portasanmamolo.it\/wp-content\/uploads\/2021\/06\/image-195x300.jpg 195w\" sizes=\"(max-width: 500px) 100vw, 500px\" \/>\t\t\t\t\t\t\t\t\t\t\t\t\t\t\t<\/div>\n\t\t\t\t<\/div>\n\t\t\t\t\t<\/div>\n\t\t<\/div>\n\t\t\t\t\t<\/div>\n\t\t<\/section>\n\t\t\t\t<\/div>\n\t\t","protected":false},"excerpt":{"rendered":"<p>DESCUBRE LA HISTORIA Qui\u00e9nes somos El Hotel Porta San Mamolo se encuentra en el coraz\u00f3n de Bolonia, una ciudad hist\u00f3rica medieval \u00fanica en el mundo con sus 38 km de p\u00f3rticos y sede de la Universidad m\u00e1s antigua del mundo occidental. El Hotel, tal y como se conoce actualmente, se crea oficialmente el a\u00f1o 2001 [&hellip;]<\/p>\n","protected":false},"author":1,"featured_media":0,"parent":0,"menu_order":0,"comment_status":"closed","ping_status":"closed","template":"","meta":{"_acf_changed":false,"footnotes":""},"class_list":["post-4795","page","type-page","status-publish","hentry"],"acf":[],"yoast_head":"<!-- This site is optimized with the Yoast SEO plugin v26.2 - https:\/\/yoast.com\/wordpress\/plugins\/seo\/ -->\n<title>Hotel Porta San Mamolo 4 estrellas en Bolonia - Sitio Oficial<\/title>\n<meta name=\"description\" content=\"Descubra el hotel Porta San Mamolo de 4 estrellas en el centro de Bolonia. Reservar ahora.\" \/>\n<meta name=\"robots\" content=\"index, follow, max-snippet:-1, max-image-preview:large, max-video-preview:-1\" \/>\n<link rel=\"canonical\" href=\"https:\/\/www.hotel-portasanmamolo.it\/es\/quienes-somos\/\" \/>\n<meta property=\"og:locale\" content=\"es_ES\" \/>\n<meta property=\"og:type\" content=\"article\" \/>\n<meta property=\"og:title\" content=\"Hotel Porta San Mamolo 4 estrellas en Bolonia - Sitio Oficial\" \/>\n<meta property=\"og:description\" content=\"Descubra el hotel Porta San Mamolo de 4 estrellas en el centro de Bolonia. Reservar ahora.\" \/>\n<meta property=\"og:url\" content=\"https:\/\/www.hotel-portasanmamolo.it\/es\/quienes-somos\/\" \/>\n<meta property=\"og:site_name\" content=\"Hotel Porta San Mamolo\" \/>\n<meta property=\"article:modified_time\" content=\"2021-06-23T07:09:28+00:00\" \/>\n<meta property=\"og:image\" content=\"https:\/\/www.hotel-portasanmamolo.it\/wp-content\/uploads\/2021\/06\/Reception7-1024x683.jpg\" \/>\n<meta name=\"twitter:card\" content=\"summary_large_image\" \/>\n<meta name=\"twitter:label1\" content=\"Tiempo de lectura\" \/>\n\t<meta name=\"twitter:data1\" content=\"3 minutos\" \/>\n<script type=\"application\/ld+json\" class=\"yoast-schema-graph\">{\"@context\":\"https:\/\/schema.org\",\"@graph\":[{\"@type\":\"WebPage\",\"@id\":\"https:\/\/www.hotel-portasanmamolo.it\/chi-siamo\/\",\"url\":\"https:\/\/www.hotel-portasanmamolo.it\/es\/quienes-somos\/\",\"name\":\"Hotel Porta San Mamolo 4 estrellas en Bolonia - Sitio Oficial\",\"isPartOf\":{\"@id\":\"https:\/\/www.hotel-portasanmamolo.it\/#website\"},\"primaryImageOfPage\":{\"@id\":\"https:\/\/www.hotel-portasanmamolo.it\/es\/quienes-somos\/#primaryimage\"},\"image\":{\"@id\":\"https:\/\/www.hotel-portasanmamolo.it\/es\/quienes-somos\/#primaryimage\"},\"thumbnailUrl\":\"https:\/\/www.hotel-portasanmamolo.it\/wp-content\/uploads\/2021\/06\/Reception7-1024x683.jpg\",\"datePublished\":\"2021-06-11T08:37:24+00:00\",\"dateModified\":\"2021-06-23T07:09:28+00:00\",\"description\":\"Descubra el hotel Porta San Mamolo de 4 estrellas en el centro de Bolonia. Reservar ahora.\",\"breadcrumb\":{\"@id\":\"https:\/\/www.hotel-portasanmamolo.it\/es\/quienes-somos\/#breadcrumb\"},\"inLanguage\":\"es\",\"potentialAction\":[{\"@type\":\"ReadAction\",\"target\":[\"https:\/\/www.hotel-portasanmamolo.it\/es\/quienes-somos\/\"]}]},{\"@type\":\"ImageObject\",\"inLanguage\":\"es\",\"@id\":\"https:\/\/www.hotel-portasanmamolo.it\/es\/quienes-somos\/#primaryimage\",\"url\":\"https:\/\/www.hotel-portasanmamolo.it\/wp-content\/uploads\/2021\/06\/Reception7-1024x683.jpg\",\"contentUrl\":\"https:\/\/www.hotel-portasanmamolo.it\/wp-content\/uploads\/2021\/06\/Reception7-1024x683.jpg\"},{\"@type\":\"BreadcrumbList\",\"@id\":\"https:\/\/www.hotel-portasanmamolo.it\/es\/quienes-somos\/#breadcrumb\",\"itemListElement\":[{\"@type\":\"ListItem\",\"position\":1,\"name\":\"Home\",\"item\":\"https:\/\/www.hotel-portasanmamolo.it\/\"},{\"@type\":\"ListItem\",\"position\":2,\"name\":\"Qui\u00e9nes somos\"}]},{\"@type\":\"WebSite\",\"@id\":\"https:\/\/www.hotel-portasanmamolo.it\/#website\",\"url\":\"https:\/\/www.hotel-portasanmamolo.it\/\",\"name\":\"Hotel Porta San Mamolo\",\"description\":\"Hotel storico nel cuore di bologna\",\"publisher\":{\"@id\":\"https:\/\/www.hotel-portasanmamolo.it\/#organization\"},\"potentialAction\":[{\"@type\":\"SearchAction\",\"target\":{\"@type\":\"EntryPoint\",\"urlTemplate\":\"https:\/\/www.hotel-portasanmamolo.it\/?s={search_term_string}\"},\"query-input\":{\"@type\":\"PropertyValueSpecification\",\"valueRequired\":true,\"valueName\":\"search_term_string\"}}],\"inLanguage\":\"es\"},{\"@type\":\"Organization\",\"@id\":\"https:\/\/www.hotel-portasanmamolo.it\/#organization\",\"name\":\"Hotel Porta San Mamolo\",\"url\":\"https:\/\/www.hotel-portasanmamolo.it\/\",\"logo\":{\"@type\":\"ImageObject\",\"inLanguage\":\"es\",\"@id\":\"https:\/\/www.hotel-portasanmamolo.it\/#\/schema\/logo\/image\/\",\"url\":\"https:\/\/www.hotel-portasanmamolo.it\/wp-content\/uploads\/2021\/05\/logo-hpsm-ricostruito-gold-1.png\",\"contentUrl\":\"https:\/\/www.hotel-portasanmamolo.it\/wp-content\/uploads\/2021\/05\/logo-hpsm-ricostruito-gold-1.png\",\"width\":326,\"height\":363,\"caption\":\"Hotel Porta San Mamolo\"},\"image\":{\"@id\":\"https:\/\/www.hotel-portasanmamolo.it\/#\/schema\/logo\/image\/\"}}]}<\/script>\n<!-- \/ Yoast SEO plugin. -->","yoast_head_json":{"title":"Hotel Porta San Mamolo 4 estrellas en Bolonia - Sitio Oficial","description":"Descubra el hotel Porta San Mamolo de 4 estrellas en el centro de Bolonia. Reservar ahora.","robots":{"index":"index","follow":"follow","max-snippet":"max-snippet:-1","max-image-preview":"max-image-preview:large","max-video-preview":"max-video-preview:-1"},"canonical":"https:\/\/www.hotel-portasanmamolo.it\/es\/quienes-somos\/","og_locale":"es_ES","og_type":"article","og_title":"Hotel Porta San Mamolo 4 estrellas en Bolonia - Sitio Oficial","og_description":"Descubra el hotel Porta San Mamolo de 4 estrellas en el centro de Bolonia. Reservar ahora.","og_url":"https:\/\/www.hotel-portasanmamolo.it\/es\/quienes-somos\/","og_site_name":"Hotel Porta San Mamolo","article_modified_time":"2021-06-23T07:09:28+00:00","og_image":[{"url":"https:\/\/www.hotel-portasanmamolo.it\/wp-content\/uploads\/2021\/06\/Reception7-1024x683.jpg","type":"","width":"","height":""}],"twitter_card":"summary_large_image","twitter_misc":{"Tiempo de lectura":"3 minutos"},"schema":{"@context":"https:\/\/schema.org","@graph":[{"@type":"WebPage","@id":"https:\/\/www.hotel-portasanmamolo.it\/chi-siamo\/","url":"https:\/\/www.hotel-portasanmamolo.it\/es\/quienes-somos\/","name":"Hotel Porta San Mamolo 4 estrellas en Bolonia - Sitio Oficial","isPartOf":{"@id":"https:\/\/www.hotel-portasanmamolo.it\/#website"},"primaryImageOfPage":{"@id":"https:\/\/www.hotel-portasanmamolo.it\/es\/quienes-somos\/#primaryimage"},"image":{"@id":"https:\/\/www.hotel-portasanmamolo.it\/es\/quienes-somos\/#primaryimage"},"thumbnailUrl":"https:\/\/www.hotel-portasanmamolo.it\/wp-content\/uploads\/2021\/06\/Reception7-1024x683.jpg","datePublished":"2021-06-11T08:37:24+00:00","dateModified":"2021-06-23T07:09:28+00:00","description":"Descubra el hotel Porta San Mamolo de 4 estrellas en el centro de Bolonia. Reservar ahora.","breadcrumb":{"@id":"https:\/\/www.hotel-portasanmamolo.it\/es\/quienes-somos\/#breadcrumb"},"inLanguage":"es","potentialAction":[{"@type":"ReadAction","target":["https:\/\/www.hotel-portasanmamolo.it\/es\/quienes-somos\/"]}]},{"@type":"ImageObject","inLanguage":"es","@id":"https:\/\/www.hotel-portasanmamolo.it\/es\/quienes-somos\/#primaryimage","url":"https:\/\/www.hotel-portasanmamolo.it\/wp-content\/uploads\/2021\/06\/Reception7-1024x683.jpg","contentUrl":"https:\/\/www.hotel-portasanmamolo.it\/wp-content\/uploads\/2021\/06\/Reception7-1024x683.jpg"},{"@type":"BreadcrumbList","@id":"https:\/\/www.hotel-portasanmamolo.it\/es\/quienes-somos\/#breadcrumb","itemListElement":[{"@type":"ListItem","position":1,"name":"Home","item":"https:\/\/www.hotel-portasanmamolo.it\/"},{"@type":"ListItem","position":2,"name":"Qui\u00e9nes somos"}]},{"@type":"WebSite","@id":"https:\/\/www.hotel-portasanmamolo.it\/#website","url":"https:\/\/www.hotel-portasanmamolo.it\/","name":"Hotel Porta San Mamolo","description":"Hotel storico nel cuore di bologna","publisher":{"@id":"https:\/\/www.hotel-portasanmamolo.it\/#organization"},"potentialAction":[{"@type":"SearchAction","target":{"@type":"EntryPoint","urlTemplate":"https:\/\/www.hotel-portasanmamolo.it\/?s={search_term_string}"},"query-input":{"@type":"PropertyValueSpecification","valueRequired":true,"valueName":"search_term_string"}}],"inLanguage":"es"},{"@type":"Organization","@id":"https:\/\/www.hotel-portasanmamolo.it\/#organization","name":"Hotel Porta San Mamolo","url":"https:\/\/www.hotel-portasanmamolo.it\/","logo":{"@type":"ImageObject","inLanguage":"es","@id":"https:\/\/www.hotel-portasanmamolo.it\/#\/schema\/logo\/image\/","url":"https:\/\/www.hotel-portasanmamolo.it\/wp-content\/uploads\/2021\/05\/logo-hpsm-ricostruito-gold-1.png","contentUrl":"https:\/\/www.hotel-portasanmamolo.it\/wp-content\/uploads\/2021\/05\/logo-hpsm-ricostruito-gold-1.png","width":326,"height":363,"caption":"Hotel Porta San Mamolo"},"image":{"@id":"https:\/\/www.hotel-portasanmamolo.it\/#\/schema\/logo\/image\/"}}]}},"_links":{"self":[{"href":"https:\/\/www.hotel-portasanmamolo.it\/es\/wp-json\/wp\/v2\/pages\/4795","targetHints":{"allow":["GET"]}}],"collection":[{"href":"https:\/\/www.hotel-portasanmamolo.it\/es\/wp-json\/wp\/v2\/pages"}],"about":[{"href":"https:\/\/www.hotel-portasanmamolo.it\/es\/wp-json\/wp\/v2\/types\/page"}],"author":[{"embeddable":true,"href":"https:\/\/www.hotel-portasanmamolo.it\/es\/wp-json\/wp\/v2\/users\/1"}],"replies":[{"embeddable":true,"href":"https:\/\/www.hotel-portasanmamolo.it\/es\/wp-json\/wp\/v2\/comments?post=4795"}],"version-history":[{"count":5,"href":"https:\/\/www.hotel-portasanmamolo.it\/es\/wp-json\/wp\/v2\/pages\/4795\/revisions"}],"predecessor-version":[{"id":6248,"href":"https:\/\/www.hotel-portasanmamolo.it\/es\/wp-json\/wp\/v2\/pages\/4795\/revisions\/6248"}],"wp:attachment":[{"href":"https:\/\/www.hotel-portasanmamolo.it\/es\/wp-json\/wp\/v2\/media?parent=4795"}],"curies":[{"name":"wp","href":"https:\/\/api.w.org\/{rel}","templated":true}]}}