{"id":4816,"date":"2021-06-11T10:33:28","date_gmt":"2021-06-11T10:33:28","guid":{"rendered":"http:\/\/www.hotel-portasanmamolo.it\/habitaciones\/"},"modified":"2021-06-23T07:08:38","modified_gmt":"2021-06-23T07:08:38","slug":"habitaciones","status":"publish","type":"page","link":"https:\/\/www.hotel-portasanmamolo.it\/es\/habitaciones\/","title":{"rendered":"Habitaciones"},"content":{"rendered":"\t\t<div data-elementor-type=\"wp-page\" data-elementor-id=\"4816\" class=\"elementor elementor-4816 elementor-197\" data-elementor-post-type=\"page\">\n\t\t\t\t\t\t<section class=\"elementor-section elementor-top-section elementor-element elementor-element-66c8f41f elementor-section-height-min-height animated-slow elementor-section-items-bottom elementor-section-boxed elementor-section-height-default elementor-invisible\" data-id=\"66c8f41f\" data-element_type=\"section\" data-settings=\"{&quot;background_background&quot;:&quot;classic&quot;,&quot;animation&quot;:&quot;fadeIn&quot;}\">\n\t\t\t\t\t\t<div class=\"elementor-container elementor-column-gap-default\">\n\t\t\t\t\t<div class=\"elementor-column elementor-col-100 elementor-top-column elementor-element elementor-element-166fa618\" data-id=\"166fa618\" data-element_type=\"column\">\n\t\t\t<div class=\"elementor-widget-wrap elementor-element-populated\">\n\t\t\t\t\t\t<div class=\"elementor-element elementor-element-0f5b79b elementor-widget elementor-widget-html\" data-id=\"0f5b79b\" data-element_type=\"widget\" data-widget_type=\"html.default\">\n\t\t\t\t<div class=\"elementor-widget-container\">\n\t\t\t\t\t<div class=\"scroll-down\">\r\n    <a href=\"#tipologie\">DESCUBRE LOS TIPOS<br \/><i class=\"fa fa-chevron-down\"><\/i><\/a>\r\n<\/div>\t\t\t\t<\/div>\n\t\t\t\t<\/div>\n\t\t\t\t\t<\/div>\n\t\t<\/div>\n\t\t\t\t\t<\/div>\n\t\t<\/section>\n\t\t\t\t<section class=\"elementor-section elementor-top-section elementor-element elementor-element-d81f08e elementor-section-full_width elementor-section-height-default elementor-section-height-default\" data-id=\"d81f08e\" data-element_type=\"section\">\n\t\t\t\t\t\t<div class=\"elementor-container elementor-column-gap-default\">\n\t\t\t\t\t<div class=\"elementor-column elementor-col-100 elementor-top-column elementor-element elementor-element-39ba3f3f\" data-id=\"39ba3f3f\" data-element_type=\"column\">\n\t\t\t<div class=\"elementor-widget-wrap elementor-element-populated\">\n\t\t\t\t\t\t<div class=\"elementor-element elementor-element-9fcd49 elementor-widget elementor-widget-spacer\" data-id=\"9fcd49\" data-element_type=\"widget\" data-widget_type=\"spacer.default\">\n\t\t\t\t<div class=\"elementor-widget-container\">\n\t\t\t\t\t\t\t<div class=\"elementor-spacer\">\n\t\t\t<div class=\"elementor-spacer-inner\"><\/div>\n\t\t<\/div>\n\t\t\t\t\t\t<\/div>\n\t\t\t\t<\/div>\n\t\t\t\t\t<\/div>\n\t\t<\/div>\n\t\t\t\t\t<\/div>\n\t\t<\/section>\n\t\t\t\t<section class=\"elementor-section elementor-top-section elementor-element elementor-element-33e82d91 elementor-section-boxed elementor-section-height-default elementor-section-height-default\" data-id=\"33e82d91\" data-element_type=\"section\" id=\"tipologie\">\n\t\t\t\t\t\t<div class=\"elementor-container elementor-column-gap-default\">\n\t\t\t\t\t<div class=\"elementor-column elementor-col-100 elementor-top-column elementor-element elementor-element-229ffcc9 animated-slow elementor-invisible\" data-id=\"229ffcc9\" data-element_type=\"column\" data-settings=\"{&quot;animation&quot;:&quot;fadeIn&quot;}\">\n\t\t\t<div class=\"elementor-widget-wrap elementor-element-populated\">\n\t\t\t\t\t\t<div class=\"elementor-element elementor-element-242b7141 elementor-widget elementor-widget-heading\" data-id=\"242b7141\" data-element_type=\"widget\" data-widget_type=\"heading.default\">\n\t\t\t\t<div class=\"elementor-widget-container\">\n\t\t\t\t\t<h1 class=\"elementor-heading-title elementor-size-default\">Habitaciones<\/h1>\t\t\t\t<\/div>\n\t\t\t\t<\/div>\n\t\t\t\t<div class=\"elementor-element elementor-element-4bf92bb3 elementor-view-default elementor-widget elementor-widget-icon\" data-id=\"4bf92bb3\" data-element_type=\"widget\" data-widget_type=\"icon.default\">\n\t\t\t\t<div class=\"elementor-widget-container\">\n\t\t\t\t\t\t\t<div class=\"elementor-icon-wrapper\">\n\t\t\t<div class=\"elementor-icon\">\n\t\t\t<svg xmlns=\"http:\/\/www.w3.org\/2000\/svg\" id=\"Livello_1\" data-name=\"Livello 1\" viewBox=\"0 0 220.73 24.64\"><defs><style>.cls-1{fill:#c1c1c1;}.cls-2{fill:#fff;stroke:#c1c1c1;stroke-miterlimit:10;stroke-width:2px;}<\/style><\/defs><circle class=\"cls-1\" cx=\"110.36\" cy=\"12.32\" r=\"12.32\"><\/circle><line class=\"cls-2\" y1=\"12.32\" x2=\"220.73\" y2=\"12.32\"><\/line><\/svg>\t\t\t<\/div>\n\t\t<\/div>\n\t\t\t\t\t\t<\/div>\n\t\t\t\t<\/div>\n\t\t\t\t\t<\/div>\n\t\t<\/div>\n\t\t\t\t\t<\/div>\n\t\t<\/section>\n\t\t\t\t<section class=\"elementor-section elementor-top-section elementor-element elementor-element-3144faf1 elementor-section-boxed elementor-section-height-default elementor-section-height-default\" data-id=\"3144faf1\" data-element_type=\"section\">\n\t\t\t\t\t\t<div class=\"elementor-container elementor-column-gap-default\">\n\t\t\t\t\t<div class=\"elementor-column elementor-col-100 elementor-top-column elementor-element elementor-element-17a1efb1 animated-slow elementor-invisible\" data-id=\"17a1efb1\" data-element_type=\"column\" data-settings=\"{&quot;animation&quot;:&quot;fadeIn&quot;}\">\n\t\t\t<div class=\"elementor-widget-wrap elementor-element-populated\">\n\t\t\t\t\t\t<div class=\"elementor-element elementor-element-4024ad19 elementor-widget elementor-widget-text-editor\" data-id=\"4024ad19\" data-element_type=\"widget\" data-widget_type=\"text-editor.default\">\n\t\t\t\t<div class=\"elementor-widget-container\">\n\t\t\t\t\t\t\t\t\t<p>Todas las habitaciones del Hotel Porta San Mamolo se han reformado totalmente recientemente para ofrecer a nuestros clientes un entorno renovado en dise\u00f1o y decoraci\u00f3n, manteniendo siempre el estilo, la elegancia y la comodidad.<br \/>\nLa refinada selecci\u00f3n de papel de pared, el nuevo parqu\u00e9 de madera de roble presente en todas las habitaciones y la decoraci\u00f3n de colores suaves crean un entorno elegante y acogedor en las habitaciones, para una estancia muy agradable y relajante. Algunas habitaciones disponen de terraza privada para relajarse y disfrutar de un espacio de privacidad; otras tienen unas vistas maravillosas sobre los tejados de Bolonia o el jard\u00edn interior <strong>Garden Court<\/strong>. Otras habitaciones m\u00e1s amplias tipo <strong>Suite<\/strong> tambi\u00e9n disponen de un peque\u00f1o sal\u00f3n con puff cama de matrimonio y cama con dosel.<br \/>\nTodas las habitaciones disponen de: aire acondicionado, tel\u00e9fono, televisi\u00f3n por sat\u00e9lite con pantalla LCD, sistema Wi-Fi, minibar, caja fuerte, armario y escritorio.<br \/>\nEl hotel tambi\u00e9n dispone de habitaciones adaptadas a personas con discapacidad o movilidad reducida en el piso principal, en el cuerpo central <strong>Falcone Cloister<\/strong>.<\/p>\n\t\t\t\t\t\t\t\t<\/div>\n\t\t\t\t<\/div>\n\t\t\t\t\t<\/div>\n\t\t<\/div>\n\t\t\t\t\t<\/div>\n\t\t<\/section>\n\t\t\t\t<section class=\"elementor-section elementor-top-section elementor-element elementor-element-4cdb760 elementor-section-boxed elementor-section-height-default elementor-section-height-default\" data-id=\"4cdb760\" data-element_type=\"section\">\n\t\t\t\t\t\t<div class=\"elementor-container elementor-column-gap-default\">\n\t\t\t\t\t<div class=\"elementor-column elementor-col-100 elementor-top-column elementor-element elementor-element-19d2e73\" data-id=\"19d2e73\" data-element_type=\"column\">\n\t\t\t<div class=\"elementor-widget-wrap\">\n\t\t\t\t\t\t\t<\/div>\n\t\t<\/div>\n\t\t\t\t\t<\/div>\n\t\t<\/section>\n\t\t\t\t<section class=\"elementor-section elementor-top-section elementor-element elementor-element-f2a129d elementor-section-boxed elementor-section-height-default elementor-section-height-default\" data-id=\"f2a129d\" data-element_type=\"section\">\n\t\t\t\t\t\t<div class=\"elementor-container elementor-column-gap-default\">\n\t\t\t\t\t<div class=\"elementor-column elementor-col-20 elementor-top-column elementor-element elementor-element-91e55cc animated-slow elementor-invisible\" data-id=\"91e55cc\" data-element_type=\"column\" data-settings=\"{&quot;animation&quot;:&quot;fadeIn&quot;}\">\n\t\t\t<div class=\"elementor-widget-wrap elementor-element-populated\">\n\t\t\t\t\t\t<div class=\"elementor-element elementor-element-64b118d elementor-cta--skin-classic elementor-animated-content elementor-bg-transform elementor-bg-transform-zoom-in elementor-widget elementor-widget-call-to-action\" data-id=\"64b118d\" data-element_type=\"widget\" data-widget_type=\"call-to-action.default\">\n\t\t\t\t<div class=\"elementor-widget-container\">\n\t\t\t\t\t\t\t<a class=\"elementor-cta\" href=\"https:\/\/www.hotel-portasanmamolo.it\/camera-classica\/\">\n\t\t\t\t\t<div class=\"elementor-cta__bg-wrapper\">\n\t\t\t\t<div class=\"elementor-cta__bg elementor-bg\" style=\"background-image: url(https:\/\/www.hotel-portasanmamolo.it\/wp-content\/uploads\/2021\/06\/Classica-Matrimoniale2-min-1024x683.jpg);\" role=\"img\" aria-label=\"Classica Matrimoniale\"><\/div>\n\t\t\t\t<div class=\"elementor-cta__bg-overlay\"><\/div>\n\t\t\t<\/div>\n\t\t\t\t\t\t\t<div class=\"elementor-cta__content\">\n\t\t\t\t\n\t\t\t\t\t\t\t\t\t<h2 class=\"elementor-cta__title elementor-cta__content-item elementor-content-item\">\n\t\t\t\t\t\tHabitacion Clasica\t\t\t\t\t<\/h2>\n\t\t\t\t\n\t\t\t\t\t\t\t\t\t<div class=\"elementor-cta__description elementor-cta__content-item elementor-content-item\">\n\t\t\t\t\t\t<p>Matrimonial<\/p>\n\t\t\t\t\t<\/div>\n\t\t\t\t\n\t\t\t\t\t\t\t\t\t<div class=\"elementor-cta__button-wrapper elementor-cta__content-item elementor-content-item \">\n\t\t\t\t\t<span class=\"elementor-cta__button elementor-button elementor-size-\">\n\t\t\t\t\t\tSaber m\u00e1s\t\t\t\t\t<\/span>\n\t\t\t\t\t<\/div>\n\t\t\t\t\t\t\t<\/div>\n\t\t\t\t\t\t<\/a>\n\t\t\t\t\t\t<\/div>\n\t\t\t\t<\/div>\n\t\t\t\t\t<\/div>\n\t\t<\/div>\n\t\t\t\t<div class=\"elementor-column elementor-col-20 elementor-top-column elementor-element elementor-element-4a13b18\" data-id=\"4a13b18\" data-element_type=\"column\">\n\t\t\t<div class=\"elementor-widget-wrap\">\n\t\t\t\t\t\t\t<\/div>\n\t\t<\/div>\n\t\t\t\t<div class=\"elementor-column elementor-col-20 elementor-top-column elementor-element elementor-element-d29665a animated-slow elementor-invisible\" data-id=\"d29665a\" data-element_type=\"column\" data-settings=\"{&quot;animation&quot;:&quot;fadeIn&quot;}\">\n\t\t\t<div class=\"elementor-widget-wrap elementor-element-populated\">\n\t\t\t\t\t\t<div class=\"elementor-element elementor-element-3a90e83 elementor-cta--skin-classic elementor-animated-content elementor-bg-transform elementor-bg-transform-zoom-in elementor-widget elementor-widget-call-to-action\" data-id=\"3a90e83\" data-element_type=\"widget\" data-widget_type=\"call-to-action.default\">\n\t\t\t\t<div class=\"elementor-widget-container\">\n\t\t\t\t\t\t\t<a class=\"elementor-cta\" href=\"https:\/\/www.hotel-portasanmamolo.it\/camera-superior\/\">\n\t\t\t\t\t<div class=\"elementor-cta__bg-wrapper\">\n\t\t\t\t<div class=\"elementor-cta__bg elementor-bg\" style=\"background-image: url(https:\/\/www.hotel-portasanmamolo.it\/wp-content\/uploads\/2021\/06\/Superior3-min-683x1024.jpg);\" role=\"img\" aria-label=\"Camera Superior\"><\/div>\n\t\t\t\t<div class=\"elementor-cta__bg-overlay\"><\/div>\n\t\t\t<\/div>\n\t\t\t\t\t\t\t<div class=\"elementor-cta__content\">\n\t\t\t\t\n\t\t\t\t\t\t\t\t\t<h2 class=\"elementor-cta__title elementor-cta__content-item elementor-content-item\">\n\t\t\t\t\t\tHabitaci\u00f3n superior\t\t\t\t\t<\/h2>\n\t\t\t\t\n\t\t\t\t\t\t\t\t\t<div class=\"elementor-cta__description elementor-cta__content-item elementor-content-item\">\n\t\t\t\t\t\t<p>Matrimonial<\/p>\n\t\t\t\t\t<\/div>\n\t\t\t\t\n\t\t\t\t\t\t\t\t\t<div class=\"elementor-cta__button-wrapper elementor-cta__content-item elementor-content-item \">\n\t\t\t\t\t<span class=\"elementor-cta__button elementor-button elementor-size-\">\n\t\t\t\t\t\tSaber m\u00e1s\t\t\t\t\t<\/span>\n\t\t\t\t\t<\/div>\n\t\t\t\t\t\t\t<\/div>\n\t\t\t\t\t\t<\/a>\n\t\t\t\t\t\t<\/div>\n\t\t\t\t<\/div>\n\t\t\t\t\t<\/div>\n\t\t<\/div>\n\t\t\t\t<div class=\"elementor-column elementor-col-20 elementor-top-column elementor-element elementor-element-ca1e18d\" data-id=\"ca1e18d\" data-element_type=\"column\">\n\t\t\t<div class=\"elementor-widget-wrap\">\n\t\t\t\t\t\t\t<\/div>\n\t\t<\/div>\n\t\t\t\t<div class=\"elementor-column elementor-col-20 elementor-top-column elementor-element elementor-element-d4d0eb4 animated-slow elementor-invisible\" data-id=\"d4d0eb4\" data-element_type=\"column\" data-settings=\"{&quot;animation&quot;:&quot;fadeIn&quot;}\">\n\t\t\t<div class=\"elementor-widget-wrap elementor-element-populated\">\n\t\t\t\t\t\t<div class=\"elementor-element elementor-element-dbf6662 elementor-cta--skin-classic elementor-animated-content elementor-bg-transform elementor-bg-transform-zoom-in elementor-widget elementor-widget-call-to-action\" data-id=\"dbf6662\" data-element_type=\"widget\" data-widget_type=\"call-to-action.default\">\n\t\t\t\t<div class=\"elementor-widget-container\">\n\t\t\t\t\t\t\t<a class=\"elementor-cta\" href=\"https:\/\/www.hotel-portasanmamolo.it\/camera-deluxe\/\">\n\t\t\t\t\t<div class=\"elementor-cta__bg-wrapper\">\n\t\t\t\t<div class=\"elementor-cta__bg elementor-bg\" style=\"background-image: url(https:\/\/www.hotel-portasanmamolo.it\/wp-content\/uploads\/2021\/06\/Deluxe-Suite1-min-683x1024.jpg);\" role=\"img\" aria-label=\"Deluxe Suite\"><\/div>\n\t\t\t\t<div class=\"elementor-cta__bg-overlay\"><\/div>\n\t\t\t<\/div>\n\t\t\t\t\t\t\t<div class=\"elementor-cta__content\">\n\t\t\t\t\n\t\t\t\t\t\t\t\t\t<h2 class=\"elementor-cta__title elementor-cta__content-item elementor-content-item\">\n\t\t\t\t\t\tHabitaci\u00f3n Deluxe\t\t\t\t\t<\/h2>\n\t\t\t\t\n\t\t\t\t\t\t\t\t\t<div class=\"elementor-cta__description elementor-cta__content-item elementor-content-item\">\n\t\t\t\t\t\t<p>Suite<\/p>\n\t\t\t\t\t<\/div>\n\t\t\t\t\n\t\t\t\t\t\t\t\t\t<div class=\"elementor-cta__button-wrapper elementor-cta__content-item elementor-content-item \">\n\t\t\t\t\t<span class=\"elementor-cta__button elementor-button elementor-size-\">\n\t\t\t\t\t\tSaber m\u00e1s\t\t\t\t\t<\/span>\n\t\t\t\t\t<\/div>\n\t\t\t\t\t\t\t<\/div>\n\t\t\t\t\t\t<\/a>\n\t\t\t\t\t\t<\/div>\n\t\t\t\t<\/div>\n\t\t\t\t\t<\/div>\n\t\t<\/div>\n\t\t\t\t\t<\/div>\n\t\t<\/section>\n\t\t\t\t<\/div>\n\t\t","protected":false},"excerpt":{"rendered":"<p>DESCUBRE LOS TIPOS Habitaciones Todas las habitaciones del Hotel Porta San Mamolo se han reformado totalmente recientemente para ofrecer a nuestros clientes un entorno renovado en dise\u00f1o y decoraci\u00f3n, manteniendo siempre el estilo, la elegancia y la comodidad. La refinada selecci\u00f3n de papel de pared, el nuevo parqu\u00e9 de madera de roble presente en todas [&hellip;]<\/p>\n","protected":false},"author":1,"featured_media":0,"parent":0,"menu_order":0,"comment_status":"closed","ping_status":"closed","template":"","meta":{"_acf_changed":false,"footnotes":""},"class_list":["post-4816","page","type-page","status-publish","hentry"],"acf":[],"yoast_head":"<!-- This site is optimized with the Yoast SEO plugin v26.2 - https:\/\/yoast.com\/wordpress\/plugins\/seo\/ -->\n<title>Hotel Porta San Mamolo 4 estrellas en Bolonia - Sitio Oficial<\/title>\n<meta name=\"description\" content=\"Descubra el hotel Porta San Mamolo de 4 estrellas en el centro de Bolonia. Reservar ahora.\" \/>\n<meta name=\"robots\" content=\"index, follow, max-snippet:-1, max-image-preview:large, max-video-preview:-1\" \/>\n<link rel=\"canonical\" href=\"https:\/\/www.hotel-portasanmamolo.it\/camere\/\" \/>\n<meta property=\"og:locale\" content=\"es_ES\" \/>\n<meta property=\"og:type\" content=\"article\" \/>\n<meta property=\"og:title\" content=\"Hotel Porta San Mamolo 4 estrellas en Bolonia - Sitio Oficial\" \/>\n<meta property=\"og:description\" content=\"Descubra el hotel Porta San Mamolo de 4 estrellas en el centro de Bolonia. Reservar ahora.\" \/>\n<meta property=\"og:url\" content=\"https:\/\/www.hotel-portasanmamolo.it\/camere\/\" \/>\n<meta property=\"og:site_name\" content=\"Hotel Porta San Mamolo\" \/>\n<meta property=\"article:modified_time\" content=\"2021-06-23T07:08:38+00:00\" \/>\n<meta name=\"twitter:card\" content=\"summary_large_image\" \/>\n<meta name=\"twitter:label1\" content=\"Tiempo de lectura\" \/>\n\t<meta name=\"twitter:data1\" content=\"1 minuto\" \/>\n<script type=\"application\/ld+json\" class=\"yoast-schema-graph\">{\"@context\":\"https:\/\/schema.org\",\"@graph\":[{\"@type\":\"WebPage\",\"@id\":\"https:\/\/www.hotel-portasanmamolo.it\/camere\/\",\"url\":\"https:\/\/www.hotel-portasanmamolo.it\/camere\/\",\"name\":\"Hotel Porta San Mamolo 4 estrellas en Bolonia - Sitio Oficial\",\"isPartOf\":{\"@id\":\"https:\/\/www.hotel-portasanmamolo.it\/#website\"},\"datePublished\":\"2021-06-11T10:33:28+00:00\",\"dateModified\":\"2021-06-23T07:08:38+00:00\",\"description\":\"Descubra el hotel Porta San Mamolo de 4 estrellas en el centro de Bolonia. Reservar ahora.\",\"breadcrumb\":{\"@id\":\"https:\/\/www.hotel-portasanmamolo.it\/camere\/#breadcrumb\"},\"inLanguage\":\"es\",\"potentialAction\":[{\"@type\":\"ReadAction\",\"target\":[\"https:\/\/www.hotel-portasanmamolo.it\/camere\/\"]}]},{\"@type\":\"BreadcrumbList\",\"@id\":\"https:\/\/www.hotel-portasanmamolo.it\/camere\/#breadcrumb\",\"itemListElement\":[{\"@type\":\"ListItem\",\"position\":1,\"name\":\"Home\",\"item\":\"https:\/\/www.hotel-portasanmamolo.it\/\"},{\"@type\":\"ListItem\",\"position\":2,\"name\":\"Habitaciones\"}]},{\"@type\":\"WebSite\",\"@id\":\"https:\/\/www.hotel-portasanmamolo.it\/#website\",\"url\":\"https:\/\/www.hotel-portasanmamolo.it\/\",\"name\":\"Hotel Porta San Mamolo\",\"description\":\"Hotel storico nel cuore di bologna\",\"publisher\":{\"@id\":\"https:\/\/www.hotel-portasanmamolo.it\/#organization\"},\"potentialAction\":[{\"@type\":\"SearchAction\",\"target\":{\"@type\":\"EntryPoint\",\"urlTemplate\":\"https:\/\/www.hotel-portasanmamolo.it\/?s={search_term_string}\"},\"query-input\":{\"@type\":\"PropertyValueSpecification\",\"valueRequired\":true,\"valueName\":\"search_term_string\"}}],\"inLanguage\":\"es\"},{\"@type\":\"Organization\",\"@id\":\"https:\/\/www.hotel-portasanmamolo.it\/#organization\",\"name\":\"Hotel Porta San Mamolo\",\"url\":\"https:\/\/www.hotel-portasanmamolo.it\/\",\"logo\":{\"@type\":\"ImageObject\",\"inLanguage\":\"es\",\"@id\":\"https:\/\/www.hotel-portasanmamolo.it\/#\/schema\/logo\/image\/\",\"url\":\"https:\/\/www.hotel-portasanmamolo.it\/wp-content\/uploads\/2021\/05\/logo-hpsm-ricostruito-gold-1.png\",\"contentUrl\":\"https:\/\/www.hotel-portasanmamolo.it\/wp-content\/uploads\/2021\/05\/logo-hpsm-ricostruito-gold-1.png\",\"width\":326,\"height\":363,\"caption\":\"Hotel Porta San Mamolo\"},\"image\":{\"@id\":\"https:\/\/www.hotel-portasanmamolo.it\/#\/schema\/logo\/image\/\"}}]}<\/script>\n<!-- \/ Yoast SEO plugin. -->","yoast_head_json":{"title":"Hotel Porta San Mamolo 4 estrellas en Bolonia - Sitio Oficial","description":"Descubra el hotel Porta San Mamolo de 4 estrellas en el centro de Bolonia. Reservar ahora.","robots":{"index":"index","follow":"follow","max-snippet":"max-snippet:-1","max-image-preview":"max-image-preview:large","max-video-preview":"max-video-preview:-1"},"canonical":"https:\/\/www.hotel-portasanmamolo.it\/camere\/","og_locale":"es_ES","og_type":"article","og_title":"Hotel Porta San Mamolo 4 estrellas en Bolonia - Sitio Oficial","og_description":"Descubra el hotel Porta San Mamolo de 4 estrellas en el centro de Bolonia. Reservar ahora.","og_url":"https:\/\/www.hotel-portasanmamolo.it\/camere\/","og_site_name":"Hotel Porta San Mamolo","article_modified_time":"2021-06-23T07:08:38+00:00","twitter_card":"summary_large_image","twitter_misc":{"Tiempo de lectura":"1 minuto"},"schema":{"@context":"https:\/\/schema.org","@graph":[{"@type":"WebPage","@id":"https:\/\/www.hotel-portasanmamolo.it\/camere\/","url":"https:\/\/www.hotel-portasanmamolo.it\/camere\/","name":"Hotel Porta San Mamolo 4 estrellas en Bolonia - Sitio Oficial","isPartOf":{"@id":"https:\/\/www.hotel-portasanmamolo.it\/#website"},"datePublished":"2021-06-11T10:33:28+00:00","dateModified":"2021-06-23T07:08:38+00:00","description":"Descubra el hotel Porta San Mamolo de 4 estrellas en el centro de Bolonia. Reservar ahora.","breadcrumb":{"@id":"https:\/\/www.hotel-portasanmamolo.it\/camere\/#breadcrumb"},"inLanguage":"es","potentialAction":[{"@type":"ReadAction","target":["https:\/\/www.hotel-portasanmamolo.it\/camere\/"]}]},{"@type":"BreadcrumbList","@id":"https:\/\/www.hotel-portasanmamolo.it\/camere\/#breadcrumb","itemListElement":[{"@type":"ListItem","position":1,"name":"Home","item":"https:\/\/www.hotel-portasanmamolo.it\/"},{"@type":"ListItem","position":2,"name":"Habitaciones"}]},{"@type":"WebSite","@id":"https:\/\/www.hotel-portasanmamolo.it\/#website","url":"https:\/\/www.hotel-portasanmamolo.it\/","name":"Hotel Porta San Mamolo","description":"Hotel storico nel cuore di bologna","publisher":{"@id":"https:\/\/www.hotel-portasanmamolo.it\/#organization"},"potentialAction":[{"@type":"SearchAction","target":{"@type":"EntryPoint","urlTemplate":"https:\/\/www.hotel-portasanmamolo.it\/?s={search_term_string}"},"query-input":{"@type":"PropertyValueSpecification","valueRequired":true,"valueName":"search_term_string"}}],"inLanguage":"es"},{"@type":"Organization","@id":"https:\/\/www.hotel-portasanmamolo.it\/#organization","name":"Hotel Porta San Mamolo","url":"https:\/\/www.hotel-portasanmamolo.it\/","logo":{"@type":"ImageObject","inLanguage":"es","@id":"https:\/\/www.hotel-portasanmamolo.it\/#\/schema\/logo\/image\/","url":"https:\/\/www.hotel-portasanmamolo.it\/wp-content\/uploads\/2021\/05\/logo-hpsm-ricostruito-gold-1.png","contentUrl":"https:\/\/www.hotel-portasanmamolo.it\/wp-content\/uploads\/2021\/05\/logo-hpsm-ricostruito-gold-1.png","width":326,"height":363,"caption":"Hotel Porta San Mamolo"},"image":{"@id":"https:\/\/www.hotel-portasanmamolo.it\/#\/schema\/logo\/image\/"}}]}},"_links":{"self":[{"href":"https:\/\/www.hotel-portasanmamolo.it\/es\/wp-json\/wp\/v2\/pages\/4816","targetHints":{"allow":["GET"]}}],"collection":[{"href":"https:\/\/www.hotel-portasanmamolo.it\/es\/wp-json\/wp\/v2\/pages"}],"about":[{"href":"https:\/\/www.hotel-portasanmamolo.it\/es\/wp-json\/wp\/v2\/types\/page"}],"author":[{"embeddable":true,"href":"https:\/\/www.hotel-portasanmamolo.it\/es\/wp-json\/wp\/v2\/users\/1"}],"replies":[{"embeddable":true,"href":"https:\/\/www.hotel-portasanmamolo.it\/es\/wp-json\/wp\/v2\/comments?post=4816"}],"version-history":[{"count":1,"href":"https:\/\/www.hotel-portasanmamolo.it\/es\/wp-json\/wp\/v2\/pages\/4816\/revisions"}],"predecessor-version":[{"id":4818,"href":"https:\/\/www.hotel-portasanmamolo.it\/es\/wp-json\/wp\/v2\/pages\/4816\/revisions\/4818"}],"wp:attachment":[{"href":"https:\/\/www.hotel-portasanmamolo.it\/es\/wp-json\/wp\/v2\/media?parent=4816"}],"curies":[{"name":"wp","href":"https:\/\/api.w.org\/{rel}","templated":true}]}}