{"id":4819,"date":"2021-06-11T10:36:13","date_gmt":"2021-06-11T10:36:13","guid":{"rendered":"http:\/\/www.hotel-portasanmamolo.it\/residence\/"},"modified":"2021-10-27T10:55:40","modified_gmt":"2021-10-27T10:55:40","slug":"residence","status":"publish","type":"page","link":"https:\/\/www.hotel-portasanmamolo.it\/es\/residence\/","title":{"rendered":"Residence"},"content":{"rendered":"\t\t<div data-elementor-type=\"wp-page\" data-elementor-id=\"4819\" class=\"elementor elementor-4819 elementor-198\" data-elementor-post-type=\"page\">\n\t\t\t\t\t\t<section class=\"elementor-section elementor-top-section elementor-element elementor-element-1cf379ca elementor-section-height-min-height animated-slow elementor-section-items-bottom elementor-section-boxed elementor-section-height-default elementor-invisible\" data-id=\"1cf379ca\" data-element_type=\"section\" data-settings=\"{&quot;background_background&quot;:&quot;classic&quot;,&quot;animation&quot;:&quot;fadeIn&quot;}\">\n\t\t\t\t\t\t<div class=\"elementor-container elementor-column-gap-default\">\n\t\t\t\t\t<div class=\"elementor-column elementor-col-100 elementor-top-column elementor-element elementor-element-6a5f73ed\" data-id=\"6a5f73ed\" data-element_type=\"column\">\n\t\t\t<div class=\"elementor-widget-wrap elementor-element-populated\">\n\t\t\t\t\t\t<div class=\"elementor-element elementor-element-b63380c elementor-widget elementor-widget-html\" data-id=\"b63380c\" data-element_type=\"widget\" data-widget_type=\"html.default\">\n\t\t\t\t<div class=\"elementor-widget-container\">\n\t\t\t\t\t<div class=\"scroll-down\">\r\n    <a href=\"#tipologie\">DESCUBRE LOS TIPOS<br \/><i class=\"fa fa-chevron-down\"><\/i><\/a>\r\n<\/div>\t\t\t\t<\/div>\n\t\t\t\t<\/div>\n\t\t\t\t\t<\/div>\n\t\t<\/div>\n\t\t\t\t\t<\/div>\n\t\t<\/section>\n\t\t\t\t<section class=\"elementor-section elementor-top-section elementor-element elementor-element-20ebc01d elementor-section-full_width elementor-section-height-default elementor-section-height-default\" data-id=\"20ebc01d\" data-element_type=\"section\">\n\t\t\t\t\t\t<div class=\"elementor-container elementor-column-gap-default\">\n\t\t\t\t\t<div class=\"elementor-column elementor-col-100 elementor-top-column elementor-element elementor-element-4053c6d8\" data-id=\"4053c6d8\" data-element_type=\"column\">\n\t\t\t<div class=\"elementor-widget-wrap elementor-element-populated\">\n\t\t\t\t\t\t<div class=\"elementor-element elementor-element-3082d129 elementor-widget elementor-widget-spacer\" data-id=\"3082d129\" data-element_type=\"widget\" data-widget_type=\"spacer.default\">\n\t\t\t\t<div class=\"elementor-widget-container\">\n\t\t\t\t\t\t\t<div class=\"elementor-spacer\">\n\t\t\t<div class=\"elementor-spacer-inner\"><\/div>\n\t\t<\/div>\n\t\t\t\t\t\t<\/div>\n\t\t\t\t<\/div>\n\t\t\t\t\t<\/div>\n\t\t<\/div>\n\t\t\t\t\t<\/div>\n\t\t<\/section>\n\t\t\t\t<section class=\"elementor-section elementor-top-section elementor-element elementor-element-799e3491 elementor-section-boxed elementor-section-height-default elementor-section-height-default\" data-id=\"799e3491\" data-element_type=\"section\" id=\"tipologie\">\n\t\t\t\t\t\t<div class=\"elementor-container elementor-column-gap-default\">\n\t\t\t\t\t<div class=\"elementor-column elementor-col-100 elementor-top-column elementor-element elementor-element-3068b5d0 animated-slow elementor-invisible\" data-id=\"3068b5d0\" data-element_type=\"column\" data-settings=\"{&quot;animation&quot;:&quot;fadeIn&quot;}\">\n\t\t\t<div class=\"elementor-widget-wrap elementor-element-populated\">\n\t\t\t\t\t\t<div class=\"elementor-element elementor-element-183d4366 elementor-widget elementor-widget-heading\" data-id=\"183d4366\" data-element_type=\"widget\" data-widget_type=\"heading.default\">\n\t\t\t\t<div class=\"elementor-widget-container\">\n\t\t\t\t\t<h1 class=\"elementor-heading-title elementor-size-default\">Residence<\/h1>\t\t\t\t<\/div>\n\t\t\t\t<\/div>\n\t\t\t\t<div class=\"elementor-element elementor-element-456fce elementor-view-default elementor-widget elementor-widget-icon\" data-id=\"456fce\" data-element_type=\"widget\" data-widget_type=\"icon.default\">\n\t\t\t\t<div class=\"elementor-widget-container\">\n\t\t\t\t\t\t\t<div class=\"elementor-icon-wrapper\">\n\t\t\t<div class=\"elementor-icon\">\n\t\t\t<svg xmlns=\"http:\/\/www.w3.org\/2000\/svg\" id=\"Livello_1\" data-name=\"Livello 1\" viewBox=\"0 0 220.73 24.64\"><defs><style>.cls-1{fill:#c1c1c1;}.cls-2{fill:#fff;stroke:#c1c1c1;stroke-miterlimit:10;stroke-width:2px;}<\/style><\/defs><circle class=\"cls-1\" cx=\"110.36\" cy=\"12.32\" r=\"12.32\"><\/circle><line class=\"cls-2\" y1=\"12.32\" x2=\"220.73\" y2=\"12.32\"><\/line><\/svg>\t\t\t<\/div>\n\t\t<\/div>\n\t\t\t\t\t\t<\/div>\n\t\t\t\t<\/div>\n\t\t\t\t\t<\/div>\n\t\t<\/div>\n\t\t\t\t\t<\/div>\n\t\t<\/section>\n\t\t\t\t<section class=\"elementor-section elementor-top-section elementor-element elementor-element-7d877e76 elementor-section-boxed elementor-section-height-default elementor-section-height-default\" data-id=\"7d877e76\" data-element_type=\"section\">\n\t\t\t\t\t\t<div class=\"elementor-container elementor-column-gap-default\">\n\t\t\t\t\t<div class=\"elementor-column elementor-col-100 elementor-top-column elementor-element elementor-element-58b18300 animated-slow elementor-invisible\" data-id=\"58b18300\" data-element_type=\"column\" data-settings=\"{&quot;animation&quot;:&quot;fadeIn&quot;}\">\n\t\t\t<div class=\"elementor-widget-wrap elementor-element-populated\">\n\t\t\t\t\t\t<div class=\"elementor-element elementor-element-34d7495b elementor-widget elementor-widget-text-editor\" data-id=\"34d7495b\" data-element_type=\"widget\" data-widget_type=\"text-editor.default\">\n\t\t\t\t<div class=\"elementor-widget-container\">\n\t\t\t\t\t\t\t\t\t<p>A 50 metros de nuestro <strong>Falcone Cloister<\/strong> se encuentran nuestros <strong>Residence<\/strong>. Estos 6 apartamentos <strong>Deluxe<\/strong> se han reformado recientemente para aportar m\u00e1s elegancia y comodidad a la estancia de nuestros clientes. Todos ellos disponen de: amplia habitaci\u00f3n de matrimonio con cama King size y un c\u00f3modo sal\u00f3n\/sala de estar con sof\u00e1 cama. Uno de los apartamentos <strong>Deluxe<\/strong> se encuentra ante un maravilloso jard\u00edn zen privado con un incre\u00edble cerezo en el centro.<br \/>\nTodas nuestras Residencias disfrutan de los servicios y comodidades del hotel y est\u00e1n conectadas telef\u00f3nicamente a nuestra Recepci\u00f3n.<\/p>\n\t\t\t\t\t\t\t\t<\/div>\n\t\t\t\t<\/div>\n\t\t\t\t\t<\/div>\n\t\t<\/div>\n\t\t\t\t\t<\/div>\n\t\t<\/section>\n\t\t\t\t<section class=\"elementor-section elementor-top-section elementor-element elementor-element-78e324e8 elementor-section-boxed elementor-section-height-default elementor-section-height-default\" data-id=\"78e324e8\" data-element_type=\"section\">\n\t\t\t\t\t\t<div class=\"elementor-container elementor-column-gap-default\">\n\t\t\t\t\t<div class=\"elementor-column elementor-col-100 elementor-top-column elementor-element elementor-element-1cc827f8\" data-id=\"1cc827f8\" data-element_type=\"column\">\n\t\t\t<div class=\"elementor-widget-wrap\">\n\t\t\t\t\t\t\t<\/div>\n\t\t<\/div>\n\t\t\t\t\t<\/div>\n\t\t<\/section>\n\t\t\t\t<section class=\"elementor-section elementor-top-section elementor-element elementor-element-6cc83c41 elementor-section-boxed elementor-section-height-default elementor-section-height-default\" data-id=\"6cc83c41\" data-element_type=\"section\">\n\t\t\t\t\t\t<div class=\"elementor-container elementor-column-gap-default\">\n\t\t\t\t\t<div class=\"elementor-column elementor-col-20 elementor-top-column elementor-element elementor-element-5e98aab animated-slow elementor-invisible\" data-id=\"5e98aab\" data-element_type=\"column\" data-settings=\"{&quot;animation&quot;:&quot;fadeIn&quot;}\">\n\t\t\t<div class=\"elementor-widget-wrap elementor-element-populated\">\n\t\t\t\t\t\t<div class=\"elementor-element elementor-element-1729cd5b elementor-cta--skin-classic elementor-animated-content elementor-bg-transform elementor-bg-transform-zoom-in elementor-widget elementor-widget-call-to-action\" data-id=\"1729cd5b\" data-element_type=\"widget\" data-widget_type=\"call-to-action.default\">\n\t\t\t\t<div class=\"elementor-widget-container\">\n\t\t\t\t\t\t\t<a class=\"elementor-cta\" href=\"https:\/\/www.hotel-portasanmamolo.it\/appartamento-matrimoniale\/\">\n\t\t\t\t\t<div class=\"elementor-cta__bg-wrapper\">\n\t\t\t\t<div class=\"elementor-cta__bg elementor-bg\" style=\"background-image: url(https:\/\/www.hotel-portasanmamolo.it\/wp-content\/uploads\/2021\/10\/Residence_matrimoniale-giardino4-min-683x1024.jpg);\" role=\"img\" aria-label=\"Residence_matrimoniale giardino4-min\"><\/div>\n\t\t\t\t<div class=\"elementor-cta__bg-overlay\"><\/div>\n\t\t\t<\/div>\n\t\t\t\t\t\t\t<div class=\"elementor-cta__content\">\n\t\t\t\t\n\t\t\t\t\t\t\t\t\t<h2 class=\"elementor-cta__title elementor-cta__content-item elementor-content-item\">\n\t\t\t\t\t\tApartamento Deluxe\t\t\t\t\t<\/h2>\n\t\t\t\t\n\t\t\t\t\t\t\t\t\t<div class=\"elementor-cta__description elementor-cta__content-item elementor-content-item\">\n\t\t\t\t\t\t<p>Doble<\/p>\n\t\t\t\t\t<\/div>\n\t\t\t\t\n\t\t\t\t\t\t\t\t\t<div class=\"elementor-cta__button-wrapper elementor-cta__content-item elementor-content-item \">\n\t\t\t\t\t<span class=\"elementor-cta__button elementor-button elementor-size-\">\n\t\t\t\t\t\tSaber m\u00e1s\t\t\t\t\t<\/span>\n\t\t\t\t\t<\/div>\n\t\t\t\t\t\t\t<\/div>\n\t\t\t\t\t\t<\/a>\n\t\t\t\t\t\t<\/div>\n\t\t\t\t<\/div>\n\t\t\t\t\t<\/div>\n\t\t<\/div>\n\t\t\t\t<div class=\"elementor-column elementor-col-20 elementor-top-column elementor-element elementor-element-7160473b\" data-id=\"7160473b\" data-element_type=\"column\">\n\t\t\t<div class=\"elementor-widget-wrap\">\n\t\t\t\t\t\t\t<\/div>\n\t\t<\/div>\n\t\t\t\t<div class=\"elementor-column elementor-col-20 elementor-top-column elementor-element elementor-element-1caa8386 animated-slow elementor-invisible\" data-id=\"1caa8386\" data-element_type=\"column\" data-settings=\"{&quot;animation&quot;:&quot;fadeIn&quot;}\">\n\t\t\t<div class=\"elementor-widget-wrap elementor-element-populated\">\n\t\t\t\t\t\t<div class=\"elementor-element elementor-element-7231c549 elementor-cta--skin-classic elementor-animated-content elementor-bg-transform elementor-bg-transform-zoom-in elementor-widget elementor-widget-call-to-action\" data-id=\"7231c549\" data-element_type=\"widget\" data-widget_type=\"call-to-action.default\">\n\t\t\t\t<div class=\"elementor-widget-container\">\n\t\t\t\t\t\t\t<a class=\"elementor-cta\" href=\"https:\/\/www.hotel-portasanmamolo.it\/appartamento-triplo\/\">\n\t\t\t\t\t<div class=\"elementor-cta__bg-wrapper\">\n\t\t\t\t<div class=\"elementor-cta__bg elementor-bg\" style=\"background-image: url(https:\/\/www.hotel-portasanmamolo.it\/wp-content\/uploads\/2021\/10\/Residence_tripla1-min-1024x683.jpg);\" role=\"img\" aria-label=\"Residence_tripla1-min\"><\/div>\n\t\t\t\t<div class=\"elementor-cta__bg-overlay\"><\/div>\n\t\t\t<\/div>\n\t\t\t\t\t\t\t<div class=\"elementor-cta__content\">\n\t\t\t\t\n\t\t\t\t\t\t\t\t\t<h2 class=\"elementor-cta__title elementor-cta__content-item elementor-content-item\">\n\t\t\t\t\t\tApartamento Deluxe\t\t\t\t\t<\/h2>\n\t\t\t\t\n\t\t\t\t\t\t\t\t\t<div class=\"elementor-cta__description elementor-cta__content-item elementor-content-item\">\n\t\t\t\t\t\t<p>Triple<\/p>\n\t\t\t\t\t<\/div>\n\t\t\t\t\n\t\t\t\t\t\t\t\t\t<div class=\"elementor-cta__button-wrapper elementor-cta__content-item elementor-content-item \">\n\t\t\t\t\t<span class=\"elementor-cta__button elementor-button elementor-size-\">\n\t\t\t\t\t\tSaber m\u00e1s\t\t\t\t\t<\/span>\n\t\t\t\t\t<\/div>\n\t\t\t\t\t\t\t<\/div>\n\t\t\t\t\t\t<\/a>\n\t\t\t\t\t\t<\/div>\n\t\t\t\t<\/div>\n\t\t\t\t\t<\/div>\n\t\t<\/div>\n\t\t\t\t<div class=\"elementor-column elementor-col-20 elementor-top-column elementor-element elementor-element-7036cf5a\" data-id=\"7036cf5a\" data-element_type=\"column\">\n\t\t\t<div class=\"elementor-widget-wrap\">\n\t\t\t\t\t\t\t<\/div>\n\t\t<\/div>\n\t\t\t\t<div class=\"elementor-column elementor-col-20 elementor-top-column elementor-element elementor-element-7efdfb95 animated-slow elementor-invisible\" data-id=\"7efdfb95\" data-element_type=\"column\" data-settings=\"{&quot;animation&quot;:&quot;fadeIn&quot;}\">\n\t\t\t<div class=\"elementor-widget-wrap elementor-element-populated\">\n\t\t\t\t\t\t<div class=\"elementor-element elementor-element-2c6df76b elementor-cta--skin-classic elementor-animated-content elementor-bg-transform elementor-bg-transform-zoom-in elementor-widget elementor-widget-call-to-action\" data-id=\"2c6df76b\" data-element_type=\"widget\" data-widget_type=\"call-to-action.default\">\n\t\t\t\t<div class=\"elementor-widget-container\">\n\t\t\t\t\t\t\t<a class=\"elementor-cta\" href=\"https:\/\/www.hotel-portasanmamolo.it\/appartamento-quadruplo\/\">\n\t\t\t\t\t<div class=\"elementor-cta__bg-wrapper\">\n\t\t\t\t<div class=\"elementor-cta__bg elementor-bg\" style=\"background-image: url(https:\/\/www.hotel-portasanmamolo.it\/wp-content\/uploads\/2021\/10\/Residence_quadrupla4-min-1024x683.jpg);\" role=\"img\" aria-label=\"Residence_quadrupla4-min\"><\/div>\n\t\t\t\t<div class=\"elementor-cta__bg-overlay\"><\/div>\n\t\t\t<\/div>\n\t\t\t\t\t\t\t<div class=\"elementor-cta__content\">\n\t\t\t\t\n\t\t\t\t\t\t\t\t\t<h2 class=\"elementor-cta__title elementor-cta__content-item elementor-content-item\">\n\t\t\t\t\t\tApartamento Deluxe\t\t\t\t\t<\/h2>\n\t\t\t\t\n\t\t\t\t\t\t\t\t\t<div class=\"elementor-cta__description elementor-cta__content-item elementor-content-item\">\n\t\t\t\t\t\t<p>Cu\u00e1druple<\/p>\n\t\t\t\t\t<\/div>\n\t\t\t\t\n\t\t\t\t\t\t\t\t\t<div class=\"elementor-cta__button-wrapper elementor-cta__content-item elementor-content-item \">\n\t\t\t\t\t<span class=\"elementor-cta__button elementor-button elementor-size-\">\n\t\t\t\t\t\tSaber m\u00e1s\t\t\t\t\t<\/span>\n\t\t\t\t\t<\/div>\n\t\t\t\t\t\t\t<\/div>\n\t\t\t\t\t\t<\/a>\n\t\t\t\t\t\t<\/div>\n\t\t\t\t<\/div>\n\t\t\t\t\t<\/div>\n\t\t<\/div>\n\t\t\t\t\t<\/div>\n\t\t<\/section>\n\t\t\t\t<\/div>\n\t\t","protected":false},"excerpt":{"rendered":"<p>DESCUBRE LOS TIPOS Residence A 50 metros de nuestro Falcone Cloister se encuentran nuestros Residence. Estos 6 apartamentos Deluxe se han reformado recientemente para aportar m\u00e1s elegancia y comodidad a la estancia de nuestros clientes. Todos ellos disponen de: amplia habitaci\u00f3n de matrimonio con cama King size y un c\u00f3modo sal\u00f3n\/sala de estar con sof\u00e1 [&hellip;]<\/p>\n","protected":false},"author":1,"featured_media":0,"parent":0,"menu_order":0,"comment_status":"closed","ping_status":"closed","template":"","meta":{"_acf_changed":false,"footnotes":""},"class_list":["post-4819","page","type-page","status-publish","hentry"],"acf":[],"yoast_head":"<!-- This site is optimized with the Yoast SEO plugin v26.2 - https:\/\/yoast.com\/wordpress\/plugins\/seo\/ -->\n<title>Hotel Porta San Mamolo 4 estrellas en Bolonia - Sitio Oficial<\/title>\n<meta name=\"description\" content=\"Descubra el hotel Porta San Mamolo de 4 estrellas en el centro de Bolonia. Reservar ahora.\" \/>\n<meta name=\"robots\" content=\"index, follow, max-snippet:-1, max-image-preview:large, max-video-preview:-1\" \/>\n<link rel=\"canonical\" href=\"https:\/\/www.hotel-portasanmamolo.it\/es\/residence\/\" \/>\n<meta property=\"og:locale\" content=\"es_ES\" \/>\n<meta property=\"og:type\" content=\"article\" \/>\n<meta property=\"og:title\" content=\"Hotel Porta San Mamolo 4 estrellas en Bolonia - Sitio Oficial\" \/>\n<meta property=\"og:description\" content=\"Descubra el hotel Porta San Mamolo de 4 estrellas en el centro de Bolonia. Reservar ahora.\" \/>\n<meta property=\"og:url\" content=\"https:\/\/www.hotel-portasanmamolo.it\/es\/residence\/\" \/>\n<meta property=\"og:site_name\" content=\"Hotel Porta San Mamolo\" \/>\n<meta property=\"article:modified_time\" content=\"2021-10-27T10:55:40+00:00\" \/>\n<meta name=\"twitter:card\" content=\"summary_large_image\" \/>\n<meta name=\"twitter:label1\" content=\"Tiempo de lectura\" \/>\n\t<meta name=\"twitter:data1\" content=\"1 minuto\" \/>\n<script type=\"application\/ld+json\" class=\"yoast-schema-graph\">{\"@context\":\"https:\/\/schema.org\",\"@graph\":[{\"@type\":\"WebPage\",\"@id\":\"https:\/\/www.hotel-portasanmamolo.it\/appartamenti\/\",\"url\":\"https:\/\/www.hotel-portasanmamolo.it\/es\/residence\/\",\"name\":\"Hotel Porta San Mamolo 4 estrellas en Bolonia - Sitio Oficial\",\"isPartOf\":{\"@id\":\"https:\/\/www.hotel-portasanmamolo.it\/#website\"},\"datePublished\":\"2021-06-11T10:36:13+00:00\",\"dateModified\":\"2021-10-27T10:55:40+00:00\",\"description\":\"Descubra el hotel Porta San Mamolo de 4 estrellas en el centro de Bolonia. Reservar ahora.\",\"breadcrumb\":{\"@id\":\"https:\/\/www.hotel-portasanmamolo.it\/es\/residence\/#breadcrumb\"},\"inLanguage\":\"es\",\"potentialAction\":[{\"@type\":\"ReadAction\",\"target\":[\"https:\/\/www.hotel-portasanmamolo.it\/es\/residence\/\"]}]},{\"@type\":\"BreadcrumbList\",\"@id\":\"https:\/\/www.hotel-portasanmamolo.it\/es\/residence\/#breadcrumb\",\"itemListElement\":[{\"@type\":\"ListItem\",\"position\":1,\"name\":\"Home\",\"item\":\"https:\/\/www.hotel-portasanmamolo.it\/\"},{\"@type\":\"ListItem\",\"position\":2,\"name\":\"Residence\"}]},{\"@type\":\"WebSite\",\"@id\":\"https:\/\/www.hotel-portasanmamolo.it\/#website\",\"url\":\"https:\/\/www.hotel-portasanmamolo.it\/\",\"name\":\"Hotel Porta San Mamolo\",\"description\":\"Hotel storico nel cuore di bologna\",\"publisher\":{\"@id\":\"https:\/\/www.hotel-portasanmamolo.it\/#organization\"},\"potentialAction\":[{\"@type\":\"SearchAction\",\"target\":{\"@type\":\"EntryPoint\",\"urlTemplate\":\"https:\/\/www.hotel-portasanmamolo.it\/?s={search_term_string}\"},\"query-input\":{\"@type\":\"PropertyValueSpecification\",\"valueRequired\":true,\"valueName\":\"search_term_string\"}}],\"inLanguage\":\"es\"},{\"@type\":\"Organization\",\"@id\":\"https:\/\/www.hotel-portasanmamolo.it\/#organization\",\"name\":\"Hotel Porta San Mamolo\",\"url\":\"https:\/\/www.hotel-portasanmamolo.it\/\",\"logo\":{\"@type\":\"ImageObject\",\"inLanguage\":\"es\",\"@id\":\"https:\/\/www.hotel-portasanmamolo.it\/#\/schema\/logo\/image\/\",\"url\":\"https:\/\/www.hotel-portasanmamolo.it\/wp-content\/uploads\/2021\/05\/logo-hpsm-ricostruito-gold-1.png\",\"contentUrl\":\"https:\/\/www.hotel-portasanmamolo.it\/wp-content\/uploads\/2021\/05\/logo-hpsm-ricostruito-gold-1.png\",\"width\":326,\"height\":363,\"caption\":\"Hotel Porta San Mamolo\"},\"image\":{\"@id\":\"https:\/\/www.hotel-portasanmamolo.it\/#\/schema\/logo\/image\/\"}}]}<\/script>\n<!-- \/ Yoast SEO plugin. -->","yoast_head_json":{"title":"Hotel Porta San Mamolo 4 estrellas en Bolonia - Sitio Oficial","description":"Descubra el hotel Porta San Mamolo de 4 estrellas en el centro de Bolonia. Reservar ahora.","robots":{"index":"index","follow":"follow","max-snippet":"max-snippet:-1","max-image-preview":"max-image-preview:large","max-video-preview":"max-video-preview:-1"},"canonical":"https:\/\/www.hotel-portasanmamolo.it\/es\/residence\/","og_locale":"es_ES","og_type":"article","og_title":"Hotel Porta San Mamolo 4 estrellas en Bolonia - Sitio Oficial","og_description":"Descubra el hotel Porta San Mamolo de 4 estrellas en el centro de Bolonia. Reservar ahora.","og_url":"https:\/\/www.hotel-portasanmamolo.it\/es\/residence\/","og_site_name":"Hotel Porta San Mamolo","article_modified_time":"2021-10-27T10:55:40+00:00","twitter_card":"summary_large_image","twitter_misc":{"Tiempo de lectura":"1 minuto"},"schema":{"@context":"https:\/\/schema.org","@graph":[{"@type":"WebPage","@id":"https:\/\/www.hotel-portasanmamolo.it\/appartamenti\/","url":"https:\/\/www.hotel-portasanmamolo.it\/es\/residence\/","name":"Hotel Porta San Mamolo 4 estrellas en Bolonia - Sitio Oficial","isPartOf":{"@id":"https:\/\/www.hotel-portasanmamolo.it\/#website"},"datePublished":"2021-06-11T10:36:13+00:00","dateModified":"2021-10-27T10:55:40+00:00","description":"Descubra el hotel Porta San Mamolo de 4 estrellas en el centro de Bolonia. Reservar ahora.","breadcrumb":{"@id":"https:\/\/www.hotel-portasanmamolo.it\/es\/residence\/#breadcrumb"},"inLanguage":"es","potentialAction":[{"@type":"ReadAction","target":["https:\/\/www.hotel-portasanmamolo.it\/es\/residence\/"]}]},{"@type":"BreadcrumbList","@id":"https:\/\/www.hotel-portasanmamolo.it\/es\/residence\/#breadcrumb","itemListElement":[{"@type":"ListItem","position":1,"name":"Home","item":"https:\/\/www.hotel-portasanmamolo.it\/"},{"@type":"ListItem","position":2,"name":"Residence"}]},{"@type":"WebSite","@id":"https:\/\/www.hotel-portasanmamolo.it\/#website","url":"https:\/\/www.hotel-portasanmamolo.it\/","name":"Hotel Porta San Mamolo","description":"Hotel storico nel cuore di bologna","publisher":{"@id":"https:\/\/www.hotel-portasanmamolo.it\/#organization"},"potentialAction":[{"@type":"SearchAction","target":{"@type":"EntryPoint","urlTemplate":"https:\/\/www.hotel-portasanmamolo.it\/?s={search_term_string}"},"query-input":{"@type":"PropertyValueSpecification","valueRequired":true,"valueName":"search_term_string"}}],"inLanguage":"es"},{"@type":"Organization","@id":"https:\/\/www.hotel-portasanmamolo.it\/#organization","name":"Hotel Porta San Mamolo","url":"https:\/\/www.hotel-portasanmamolo.it\/","logo":{"@type":"ImageObject","inLanguage":"es","@id":"https:\/\/www.hotel-portasanmamolo.it\/#\/schema\/logo\/image\/","url":"https:\/\/www.hotel-portasanmamolo.it\/wp-content\/uploads\/2021\/05\/logo-hpsm-ricostruito-gold-1.png","contentUrl":"https:\/\/www.hotel-portasanmamolo.it\/wp-content\/uploads\/2021\/05\/logo-hpsm-ricostruito-gold-1.png","width":326,"height":363,"caption":"Hotel Porta San Mamolo"},"image":{"@id":"https:\/\/www.hotel-portasanmamolo.it\/#\/schema\/logo\/image\/"}}]}},"_links":{"self":[{"href":"https:\/\/www.hotel-portasanmamolo.it\/es\/wp-json\/wp\/v2\/pages\/4819","targetHints":{"allow":["GET"]}}],"collection":[{"href":"https:\/\/www.hotel-portasanmamolo.it\/es\/wp-json\/wp\/v2\/pages"}],"about":[{"href":"https:\/\/www.hotel-portasanmamolo.it\/es\/wp-json\/wp\/v2\/types\/page"}],"author":[{"embeddable":true,"href":"https:\/\/www.hotel-portasanmamolo.it\/es\/wp-json\/wp\/v2\/users\/1"}],"replies":[{"embeddable":true,"href":"https:\/\/www.hotel-portasanmamolo.it\/es\/wp-json\/wp\/v2\/comments?post=4819"}],"version-history":[{"count":12,"href":"https:\/\/www.hotel-portasanmamolo.it\/es\/wp-json\/wp\/v2\/pages\/4819\/revisions"}],"predecessor-version":[{"id":6697,"href":"https:\/\/www.hotel-portasanmamolo.it\/es\/wp-json\/wp\/v2\/pages\/4819\/revisions\/6697"}],"wp:attachment":[{"href":"https:\/\/www.hotel-portasanmamolo.it\/es\/wp-json\/wp\/v2\/media?parent=4819"}],"curies":[{"name":"wp","href":"https:\/\/api.w.org\/{rel}","templated":true}]}}