{"id":4821,"date":"2021-06-11T10:37:56","date_gmt":"2021-06-11T10:37:56","guid":{"rendered":"http:\/\/www.hotel-portasanmamolo.it\/posicion\/"},"modified":"2021-06-11T10:37:56","modified_gmt":"2021-06-11T10:37:56","slug":"posicion","status":"publish","type":"page","link":"https:\/\/www.hotel-portasanmamolo.it\/es\/posicion\/","title":{"rendered":"Posici\u00f3n"},"content":{"rendered":"\t\t<div data-elementor-type=\"wp-page\" data-elementor-id=\"4821\" class=\"elementor elementor-4821 elementor-199\" data-elementor-post-type=\"page\">\n\t\t\t\t\t\t<section class=\"elementor-section elementor-top-section elementor-element elementor-element-5cb75dbe elementor-section-height-min-height animated-slow elementor-section-items-bottom elementor-section-boxed elementor-section-height-default elementor-invisible\" data-id=\"5cb75dbe\" data-element_type=\"section\" data-settings=\"{&quot;background_background&quot;:&quot;classic&quot;,&quot;animation&quot;:&quot;fadeIn&quot;}\">\n\t\t\t\t\t\t<div class=\"elementor-container elementor-column-gap-default\">\n\t\t\t\t\t<div class=\"elementor-column elementor-col-100 elementor-top-column elementor-element elementor-element-7ddbd5a8\" data-id=\"7ddbd5a8\" data-element_type=\"column\">\n\t\t\t<div class=\"elementor-widget-wrap elementor-element-populated\">\n\t\t\t\t\t\t<div class=\"elementor-element elementor-element-d13d684 elementor-widget elementor-widget-html\" data-id=\"d13d684\" data-element_type=\"widget\" data-widget_type=\"html.default\">\n\t\t\t\t<div class=\"elementor-widget-container\">\n\t\t\t\t\t<div class=\"scroll-down\">\r\n    <a href=\"#posizione\">DESCUBRE LA UBICACI\u00d3N<br \/><i class=\"fa fa-chevron-down\"><\/i><\/a>\r\n<\/div>\t\t\t\t<\/div>\n\t\t\t\t<\/div>\n\t\t\t\t\t<\/div>\n\t\t<\/div>\n\t\t\t\t\t<\/div>\n\t\t<\/section>\n\t\t\t\t<section class=\"elementor-section elementor-top-section elementor-element elementor-element-767c0697 elementor-section-full_width elementor-section-height-default elementor-section-height-default\" data-id=\"767c0697\" data-element_type=\"section\">\n\t\t\t\t\t\t<div class=\"elementor-container elementor-column-gap-default\">\n\t\t\t\t\t<div class=\"elementor-column elementor-col-100 elementor-top-column elementor-element elementor-element-44e7c393\" data-id=\"44e7c393\" data-element_type=\"column\">\n\t\t\t<div class=\"elementor-widget-wrap elementor-element-populated\">\n\t\t\t\t\t\t<div class=\"elementor-element elementor-element-3baf2458 elementor-widget elementor-widget-spacer\" data-id=\"3baf2458\" data-element_type=\"widget\" data-widget_type=\"spacer.default\">\n\t\t\t\t<div class=\"elementor-widget-container\">\n\t\t\t\t\t\t\t<div class=\"elementor-spacer\">\n\t\t\t<div class=\"elementor-spacer-inner\"><\/div>\n\t\t<\/div>\n\t\t\t\t\t\t<\/div>\n\t\t\t\t<\/div>\n\t\t\t\t\t<\/div>\n\t\t<\/div>\n\t\t\t\t\t<\/div>\n\t\t<\/section>\n\t\t\t\t<section class=\"elementor-section elementor-top-section elementor-element elementor-element-a631890 elementor-section-boxed elementor-section-height-default elementor-section-height-default elementor-invisible\" data-id=\"a631890\" data-element_type=\"section\" id=\"posizione\" data-settings=\"{&quot;animation&quot;:&quot;fadeIn&quot;}\">\n\t\t\t\t\t\t<div class=\"elementor-container elementor-column-gap-default\">\n\t\t\t\t\t<div class=\"elementor-column elementor-col-100 elementor-top-column elementor-element elementor-element-31df2f4e\" data-id=\"31df2f4e\" data-element_type=\"column\">\n\t\t\t<div class=\"elementor-widget-wrap elementor-element-populated\">\n\t\t\t\t\t\t<div class=\"elementor-element elementor-element-1f70d634 elementor-widget elementor-widget-heading\" data-id=\"1f70d634\" data-element_type=\"widget\" data-widget_type=\"heading.default\">\n\t\t\t\t<div class=\"elementor-widget-container\">\n\t\t\t\t\t<h1 class=\"elementor-heading-title elementor-size-default\">En el centro de la ciudad<\/h1>\t\t\t\t<\/div>\n\t\t\t\t<\/div>\n\t\t\t\t<div class=\"elementor-element elementor-element-18f882e3 elementor-view-default elementor-widget elementor-widget-icon\" data-id=\"18f882e3\" data-element_type=\"widget\" data-widget_type=\"icon.default\">\n\t\t\t\t<div class=\"elementor-widget-container\">\n\t\t\t\t\t\t\t<div class=\"elementor-icon-wrapper\">\n\t\t\t<div class=\"elementor-icon\">\n\t\t\t<svg xmlns=\"http:\/\/www.w3.org\/2000\/svg\" id=\"Livello_1\" data-name=\"Livello 1\" viewBox=\"0 0 220.73 24.64\"><defs><style>.cls-1{fill:#c1c1c1;}.cls-2{fill:#fff;stroke:#c1c1c1;stroke-miterlimit:10;stroke-width:2px;}<\/style><\/defs><circle class=\"cls-1\" cx=\"110.36\" cy=\"12.32\" r=\"12.32\"><\/circle><line class=\"cls-2\" y1=\"12.32\" x2=\"220.73\" y2=\"12.32\"><\/line><\/svg>\t\t\t<\/div>\n\t\t<\/div>\n\t\t\t\t\t\t<\/div>\n\t\t\t\t<\/div>\n\t\t\t\t\t<\/div>\n\t\t<\/div>\n\t\t\t\t\t<\/div>\n\t\t<\/section>\n\t\t\t\t<section class=\"elementor-section elementor-top-section elementor-element elementor-element-5eb6b826 elementor-section-boxed elementor-section-height-default elementor-section-height-default elementor-invisible\" data-id=\"5eb6b826\" data-element_type=\"section\" data-settings=\"{&quot;animation&quot;:&quot;fadeIn&quot;}\">\n\t\t\t\t\t\t<div class=\"elementor-container elementor-column-gap-default\">\n\t\t\t\t\t<div class=\"elementor-column elementor-col-100 elementor-top-column elementor-element elementor-element-30b4f4f2\" data-id=\"30b4f4f2\" data-element_type=\"column\">\n\t\t\t<div class=\"elementor-widget-wrap elementor-element-populated\">\n\t\t\t\t\t\t<div class=\"elementor-element elementor-element-f3a84f5 elementor-widget elementor-widget-text-editor\" data-id=\"f3a84f5\" data-element_type=\"widget\" data-widget_type=\"text-editor.default\">\n\t\t\t\t<div class=\"elementor-widget-container\">\n\t\t\t\t\t\t\t\t\t<p><em><strong>El Hotel est\u00e1 ubicado en el centro de la ciudad, a unos pasos de la bonita Piazza Maggiore y las famosas Due Torri. <\/strong><\/em><\/p>\n<p>Cada a\u00f1o, la maravillosa plaza Maggiore, entre la bonita Fuente de Neptuno y la Bas\u00edlica de San Petronio, re\u00fane importantes eventos y actuaciones musicales. El Palacio del Podest\u00e0, junto al Palacio Re Enzo, muy cerca del Hotel, son dos espacios de exposiciones de arte que convierten a Bolonia y su prestigiosa universidad en una de las capitales principales de la cultura europea.<br \/>\nDesde Bolonia se puede llegar f\u00e1cilmente al centro hist\u00f3rico de Ferrara o rutas por la naturaleza en el parque del delta del Po cerca de Ravenna.<\/p>\n<p>En la recepci\u00f3n del Hotel, nuestro amable personal reserva visitas guiadas por la ciudad de M\u00f3dena con parada en la f\u00e1brica y el museo de la prestigiosa casa automovil\u00edstica Ferrari de Maranello, en la conocida f\u00e1brica y museo Lamborghini y el Museo Tecnol\u00f3gico Ducati.<\/p>\n<p>A 5 minutos del conocido hospital Rizzoli, el Hotel Porta San Mamolo est\u00e1 bien conectado con la estaci\u00f3n central autobuses de Bolonia (desde donde sale el \u00abMarconi Express\u00bb que lleva hasta el aeropuerto en unos minutos).<br \/>\nEl Hotel Porta San Mamolo dispone de una ubicaci\u00f3n privilegiada, tanto para visitar Bolonia como para visitar la feria de Bolonia.<\/p>\n\t\t\t\t\t\t\t\t<\/div>\n\t\t\t\t<\/div>\n\t\t\t\t<div class=\"elementor-element elementor-element-23bfce3 elementor-widget elementor-widget-google_maps\" data-id=\"23bfce3\" data-element_type=\"widget\" data-widget_type=\"google_maps.default\">\n\t\t\t\t<div class=\"elementor-widget-container\">\n\t\t\t\t\t\t\t<div class=\"elementor-custom-embed\">\n\t\t\t<iframe loading=\"lazy\"\n\t\t\t\t\tsrc=\"https:\/\/maps.google.com\/maps?q=Vicolo%20del%20Falcone%2C%206%2F8%2C%2040124%20Bologna%20BO&#038;t=m&#038;z=10&#038;output=embed&#038;iwloc=near\"\n\t\t\t\t\ttitle=\"Vicolo del Falcone, 6\/8, 40124 Bologna BO\"\n\t\t\t\t\taria-label=\"Vicolo del Falcone, 6\/8, 40124 Bologna BO\"\n\t\t\t><\/iframe>\n\t\t<\/div>\n\t\t\t\t\t\t<\/div>\n\t\t\t\t<\/div>\n\t\t\t\t\t<\/div>\n\t\t<\/div>\n\t\t\t\t\t<\/div>\n\t\t<\/section>\n\t\t\t\t<section class=\"elementor-section elementor-top-section elementor-element elementor-element-51f08bc elementor-section-boxed elementor-section-height-default elementor-section-height-default elementor-invisible\" data-id=\"51f08bc\" data-element_type=\"section\" data-settings=\"{&quot;animation&quot;:&quot;fadeIn&quot;}\">\n\t\t\t\t\t\t<div class=\"elementor-container elementor-column-gap-default\">\n\t\t\t\t\t<div class=\"elementor-column elementor-col-100 elementor-top-column elementor-element elementor-element-6326be7\" data-id=\"6326be7\" data-element_type=\"column\">\n\t\t\t<div class=\"elementor-widget-wrap elementor-element-populated\">\n\t\t\t\t\t\t<div class=\"elementor-element elementor-element-6f3e4f9 elementor-widget elementor-widget-heading\" data-id=\"6f3e4f9\" data-element_type=\"widget\" data-widget_type=\"heading.default\">\n\t\t\t\t<div class=\"elementor-widget-container\">\n\t\t\t\t\t<h2 class=\"elementor-heading-title elementor-size-default\">C\u00f3mo llegar<\/h2>\t\t\t\t<\/div>\n\t\t\t\t<\/div>\n\t\t\t\t<div class=\"elementor-element elementor-element-f8ea4ef elementor-view-default elementor-widget elementor-widget-icon\" data-id=\"f8ea4ef\" data-element_type=\"widget\" data-widget_type=\"icon.default\">\n\t\t\t\t<div class=\"elementor-widget-container\">\n\t\t\t\t\t\t\t<div class=\"elementor-icon-wrapper\">\n\t\t\t<div class=\"elementor-icon\">\n\t\t\t<svg xmlns=\"http:\/\/www.w3.org\/2000\/svg\" id=\"Livello_1\" data-name=\"Livello 1\" viewBox=\"0 0 220.73 24.64\"><defs><style>.cls-1{fill:#c1c1c1;}.cls-2{fill:#fff;stroke:#c1c1c1;stroke-miterlimit:10;stroke-width:2px;}<\/style><\/defs><circle class=\"cls-1\" cx=\"110.36\" cy=\"12.32\" r=\"12.32\"><\/circle><line class=\"cls-2\" y1=\"12.32\" x2=\"220.73\" y2=\"12.32\"><\/line><\/svg>\t\t\t<\/div>\n\t\t<\/div>\n\t\t\t\t\t\t<\/div>\n\t\t\t\t<\/div>\n\t\t\t\t\t<\/div>\n\t\t<\/div>\n\t\t\t\t\t<\/div>\n\t\t<\/section>\n\t\t\t\t<section class=\"elementor-section elementor-top-section elementor-element elementor-element-f119c84 elementor-section-boxed elementor-section-height-default elementor-section-height-default elementor-invisible\" data-id=\"f119c84\" data-element_type=\"section\" data-settings=\"{&quot;animation&quot;:&quot;fadeIn&quot;}\">\n\t\t\t\t\t\t<div class=\"elementor-container elementor-column-gap-default\">\n\t\t\t\t\t<div class=\"elementor-column elementor-col-100 elementor-top-column elementor-element elementor-element-3e6135a\" data-id=\"3e6135a\" data-element_type=\"column\">\n\t\t\t<div class=\"elementor-widget-wrap elementor-element-populated\">\n\t\t\t\t\t\t<div class=\"elementor-element elementor-element-a4f7582 elementor-widget elementor-widget-text-editor\" data-id=\"a4f7582\" data-element_type=\"widget\" data-widget_type=\"text-editor.default\">\n\t\t\t\t<div class=\"elementor-widget-container\">\n\t\t\t\t\t\t\t\t\t<p><strong>En veh\u00edculo<\/strong><br \/>\nDesde FLORENCIA o MIL\u00c1N por la autopista A1, salir en Casalecchio sul Reno, justo despu\u00e9s de salir por la primera salida de la tangencial a la derecha, en la carretera seguir las indicaciones Certosa-Stadio, salir de la carretera y seguir por la primera calle a la derecha, calle Tolmino, seguir hasta la circunvalaci\u00f3n y girar a la derecha despu\u00e9s de unos 2 km (justo despu\u00e9s de pasar la plaza Porta San Mamolo), girar a la izquierda en la calle Savenella, al final del cruce girar a la izquierda en calle Solferino, seguir unos 100 m y girar a la izquierda en la calle Miramonte; al final de la calle, a la derecha, est\u00e1 la calle del Falcone y en el n\u00famero 6 encontrar\u00e1 el hotel.<br \/>\nDesde PADUA o FERRARA por la autopista A13 salir en Arcoveggio, justo al salir girar en seguida la izquierda siguiendo las indicaciones A14 Ancona, tomar la primera salida (n\u00famero 7 Fiera) a la derecha por la calle Stalingrado y seguir en direcci\u00f3n hacia el centro; despu\u00e9s de 2,3 km, justo despu\u00e9s del puente (en Porta Mascarella) girar a la izquierda en las calles de circunvalaci\u00f3n, seguir unos 3 km y en el tercer sem\u00e1foro despu\u00e9s de Porta Castiglione girar a la derecha en la calle Savenella, al final de la calle girar a la izquierda en la calle Solferino, seguir unos 100 m y girar a la izquierda en la calle Miramonte; al final de esta, a la derecha, est\u00e1 la calle del Falcone y en el n\u00famero 6-8 encontrar\u00e1 el hotel.<\/p>\n<p><strong>En avi\u00f3n<\/strong><br \/>\nEl aeropuerto Marconi de Bolonia est\u00e1 a 8 km. Tomar el \u00abMarconi Express\u00bb que sale del aeropuerto y en unos 7 minutos llega a la estaci\u00f3n de trenes de Bolonia.<br \/>\nDesde la estaci\u00f3n, la l\u00ednea de autob\u00fas 33 le deja en la parada Porta San Mamolo en 15 minutos, una vez llegado cruce la calle D\u2019Azeglio y est\u00e9 en Mura di Porta Castiglione, gire a la izquierda y seguidamente a la derecha en Vicolo del Falcone, donde encontrar\u00e1 el Hotel en el n\u00famero 6-8.<\/p>\n<p><strong>En tren<\/strong><br \/>\nEn la estaci\u00f3n central de Bolonia, siga las indicaciones especificadas en la secci\u00f3n \u00abEn avi\u00f3n\u00bb.<\/p>\n\t\t\t\t\t\t\t\t<\/div>\n\t\t\t\t<\/div>\n\t\t\t\t\t<\/div>\n\t\t<\/div>\n\t\t\t\t\t<\/div>\n\t\t<\/section>\n\t\t\t\t<\/div>\n\t\t","protected":false},"excerpt":{"rendered":"<p>DESCUBRE LA UBICACI\u00d3N En el centro de la ciudad El Hotel est\u00e1 ubicado en el centro de la ciudad, a unos pasos de la bonita Piazza Maggiore y las famosas Due Torri. Cada a\u00f1o, la maravillosa plaza Maggiore, entre la bonita Fuente de Neptuno y la Bas\u00edlica de San Petronio, re\u00fane importantes eventos y actuaciones [&hellip;]<\/p>\n","protected":false},"author":1,"featured_media":0,"parent":0,"menu_order":0,"comment_status":"closed","ping_status":"closed","template":"","meta":{"_acf_changed":false,"footnotes":""},"class_list":["post-4821","page","type-page","status-publish","hentry"],"acf":[],"yoast_head":"<!-- This site is optimized with the Yoast SEO plugin v26.2 - https:\/\/yoast.com\/wordpress\/plugins\/seo\/ -->\n<title>Hotel Porta San Mamolo 4 estrellas en Bolonia - Sitio Oficial<\/title>\n<meta name=\"description\" content=\"Descubra el hotel Porta San Mamolo de 4 estrellas en el centro de Bolonia. Reservar ahora.\" \/>\n<meta name=\"robots\" content=\"index, follow, max-snippet:-1, max-image-preview:large, max-video-preview:-1\" \/>\n<link rel=\"canonical\" href=\"https:\/\/www.hotel-portasanmamolo.it\/posizione\/\" \/>\n<meta property=\"og:locale\" content=\"es_ES\" \/>\n<meta property=\"og:type\" content=\"article\" \/>\n<meta property=\"og:title\" content=\"Hotel Porta San Mamolo 4 estrellas en Bolonia - Sitio Oficial\" \/>\n<meta property=\"og:description\" content=\"Descubra el hotel Porta San Mamolo de 4 estrellas en el centro de Bolonia. Reservar ahora.\" \/>\n<meta property=\"og:url\" content=\"https:\/\/www.hotel-portasanmamolo.it\/posizione\/\" \/>\n<meta property=\"og:site_name\" content=\"Hotel Porta San Mamolo\" \/>\n<meta name=\"twitter:card\" content=\"summary_large_image\" \/>\n<meta name=\"twitter:label1\" content=\"Tiempo de lectura\" \/>\n\t<meta name=\"twitter:data1\" content=\"3 minutos\" \/>\n<script type=\"application\/ld+json\" class=\"yoast-schema-graph\">{\"@context\":\"https:\/\/schema.org\",\"@graph\":[{\"@type\":\"WebPage\",\"@id\":\"https:\/\/www.hotel-portasanmamolo.it\/posizione\/\",\"url\":\"https:\/\/www.hotel-portasanmamolo.it\/posizione\/\",\"name\":\"Hotel Porta San Mamolo 4 estrellas en Bolonia - Sitio Oficial\",\"isPartOf\":{\"@id\":\"https:\/\/www.hotel-portasanmamolo.it\/#website\"},\"datePublished\":\"2021-06-11T10:37:56+00:00\",\"description\":\"Descubra el hotel Porta San Mamolo de 4 estrellas en el centro de Bolonia. Reservar ahora.\",\"breadcrumb\":{\"@id\":\"https:\/\/www.hotel-portasanmamolo.it\/posizione\/#breadcrumb\"},\"inLanguage\":\"es\",\"potentialAction\":[{\"@type\":\"ReadAction\",\"target\":[\"https:\/\/www.hotel-portasanmamolo.it\/posizione\/\"]}]},{\"@type\":\"BreadcrumbList\",\"@id\":\"https:\/\/www.hotel-portasanmamolo.it\/posizione\/#breadcrumb\",\"itemListElement\":[{\"@type\":\"ListItem\",\"position\":1,\"name\":\"Home\",\"item\":\"https:\/\/www.hotel-portasanmamolo.it\/\"},{\"@type\":\"ListItem\",\"position\":2,\"name\":\"Posici\u00f3n\"}]},{\"@type\":\"WebSite\",\"@id\":\"https:\/\/www.hotel-portasanmamolo.it\/#website\",\"url\":\"https:\/\/www.hotel-portasanmamolo.it\/\",\"name\":\"Hotel Porta San Mamolo\",\"description\":\"Hotel storico nel cuore di bologna\",\"publisher\":{\"@id\":\"https:\/\/www.hotel-portasanmamolo.it\/#organization\"},\"potentialAction\":[{\"@type\":\"SearchAction\",\"target\":{\"@type\":\"EntryPoint\",\"urlTemplate\":\"https:\/\/www.hotel-portasanmamolo.it\/?s={search_term_string}\"},\"query-input\":{\"@type\":\"PropertyValueSpecification\",\"valueRequired\":true,\"valueName\":\"search_term_string\"}}],\"inLanguage\":\"es\"},{\"@type\":\"Organization\",\"@id\":\"https:\/\/www.hotel-portasanmamolo.it\/#organization\",\"name\":\"Hotel Porta San Mamolo\",\"url\":\"https:\/\/www.hotel-portasanmamolo.it\/\",\"logo\":{\"@type\":\"ImageObject\",\"inLanguage\":\"es\",\"@id\":\"https:\/\/www.hotel-portasanmamolo.it\/#\/schema\/logo\/image\/\",\"url\":\"https:\/\/www.hotel-portasanmamolo.it\/wp-content\/uploads\/2021\/05\/logo-hpsm-ricostruito-gold-1.png\",\"contentUrl\":\"https:\/\/www.hotel-portasanmamolo.it\/wp-content\/uploads\/2021\/05\/logo-hpsm-ricostruito-gold-1.png\",\"width\":326,\"height\":363,\"caption\":\"Hotel Porta San Mamolo\"},\"image\":{\"@id\":\"https:\/\/www.hotel-portasanmamolo.it\/#\/schema\/logo\/image\/\"}}]}<\/script>\n<!-- \/ Yoast SEO plugin. -->","yoast_head_json":{"title":"Hotel Porta San Mamolo 4 estrellas en Bolonia - Sitio Oficial","description":"Descubra el hotel Porta San Mamolo de 4 estrellas en el centro de Bolonia. Reservar ahora.","robots":{"index":"index","follow":"follow","max-snippet":"max-snippet:-1","max-image-preview":"max-image-preview:large","max-video-preview":"max-video-preview:-1"},"canonical":"https:\/\/www.hotel-portasanmamolo.it\/posizione\/","og_locale":"es_ES","og_type":"article","og_title":"Hotel Porta San Mamolo 4 estrellas en Bolonia - Sitio Oficial","og_description":"Descubra el hotel Porta San Mamolo de 4 estrellas en el centro de Bolonia. Reservar ahora.","og_url":"https:\/\/www.hotel-portasanmamolo.it\/posizione\/","og_site_name":"Hotel Porta San Mamolo","twitter_card":"summary_large_image","twitter_misc":{"Tiempo de lectura":"3 minutos"},"schema":{"@context":"https:\/\/schema.org","@graph":[{"@type":"WebPage","@id":"https:\/\/www.hotel-portasanmamolo.it\/posizione\/","url":"https:\/\/www.hotel-portasanmamolo.it\/posizione\/","name":"Hotel Porta San Mamolo 4 estrellas en Bolonia - Sitio Oficial","isPartOf":{"@id":"https:\/\/www.hotel-portasanmamolo.it\/#website"},"datePublished":"2021-06-11T10:37:56+00:00","description":"Descubra el hotel Porta San Mamolo de 4 estrellas en el centro de Bolonia. Reservar ahora.","breadcrumb":{"@id":"https:\/\/www.hotel-portasanmamolo.it\/posizione\/#breadcrumb"},"inLanguage":"es","potentialAction":[{"@type":"ReadAction","target":["https:\/\/www.hotel-portasanmamolo.it\/posizione\/"]}]},{"@type":"BreadcrumbList","@id":"https:\/\/www.hotel-portasanmamolo.it\/posizione\/#breadcrumb","itemListElement":[{"@type":"ListItem","position":1,"name":"Home","item":"https:\/\/www.hotel-portasanmamolo.it\/"},{"@type":"ListItem","position":2,"name":"Posici\u00f3n"}]},{"@type":"WebSite","@id":"https:\/\/www.hotel-portasanmamolo.it\/#website","url":"https:\/\/www.hotel-portasanmamolo.it\/","name":"Hotel Porta San Mamolo","description":"Hotel storico nel cuore di bologna","publisher":{"@id":"https:\/\/www.hotel-portasanmamolo.it\/#organization"},"potentialAction":[{"@type":"SearchAction","target":{"@type":"EntryPoint","urlTemplate":"https:\/\/www.hotel-portasanmamolo.it\/?s={search_term_string}"},"query-input":{"@type":"PropertyValueSpecification","valueRequired":true,"valueName":"search_term_string"}}],"inLanguage":"es"},{"@type":"Organization","@id":"https:\/\/www.hotel-portasanmamolo.it\/#organization","name":"Hotel Porta San Mamolo","url":"https:\/\/www.hotel-portasanmamolo.it\/","logo":{"@type":"ImageObject","inLanguage":"es","@id":"https:\/\/www.hotel-portasanmamolo.it\/#\/schema\/logo\/image\/","url":"https:\/\/www.hotel-portasanmamolo.it\/wp-content\/uploads\/2021\/05\/logo-hpsm-ricostruito-gold-1.png","contentUrl":"https:\/\/www.hotel-portasanmamolo.it\/wp-content\/uploads\/2021\/05\/logo-hpsm-ricostruito-gold-1.png","width":326,"height":363,"caption":"Hotel Porta San Mamolo"},"image":{"@id":"https:\/\/www.hotel-portasanmamolo.it\/#\/schema\/logo\/image\/"}}]}},"_links":{"self":[{"href":"https:\/\/www.hotel-portasanmamolo.it\/es\/wp-json\/wp\/v2\/pages\/4821","targetHints":{"allow":["GET"]}}],"collection":[{"href":"https:\/\/www.hotel-portasanmamolo.it\/es\/wp-json\/wp\/v2\/pages"}],"about":[{"href":"https:\/\/www.hotel-portasanmamolo.it\/es\/wp-json\/wp\/v2\/types\/page"}],"author":[{"embeddable":true,"href":"https:\/\/www.hotel-portasanmamolo.it\/es\/wp-json\/wp\/v2\/users\/1"}],"replies":[{"embeddable":true,"href":"https:\/\/www.hotel-portasanmamolo.it\/es\/wp-json\/wp\/v2\/comments?post=4821"}],"version-history":[{"count":1,"href":"https:\/\/www.hotel-portasanmamolo.it\/es\/wp-json\/wp\/v2\/pages\/4821\/revisions"}],"predecessor-version":[{"id":4824,"href":"https:\/\/www.hotel-portasanmamolo.it\/es\/wp-json\/wp\/v2\/pages\/4821\/revisions\/4824"}],"wp:attachment":[{"href":"https:\/\/www.hotel-portasanmamolo.it\/es\/wp-json\/wp\/v2\/media?parent=4821"}],"curies":[{"name":"wp","href":"https:\/\/api.w.org\/{rel}","templated":true}]}}