{"id":4638,"date":"2021-06-10T13:49:51","date_gmt":"2021-06-10T13:49:51","guid":{"rendered":"http:\/\/www.hotel-portasanmamolo.it\/position\/"},"modified":"2021-06-10T13:49:51","modified_gmt":"2021-06-10T13:49:51","slug":"position","status":"publish","type":"page","link":"https:\/\/www.hotel-portasanmamolo.it\/fr\/position\/","title":{"rendered":"Position"},"content":{"rendered":"\t\t<div data-elementor-type=\"wp-page\" data-elementor-id=\"4638\" class=\"elementor elementor-4638 elementor-199\" data-elementor-post-type=\"page\">\n\t\t\t\t\t\t<section class=\"elementor-section elementor-top-section elementor-element elementor-element-5cb75dbe elementor-section-height-min-height animated-slow elementor-section-items-bottom elementor-section-boxed elementor-section-height-default elementor-invisible\" data-id=\"5cb75dbe\" data-element_type=\"section\" data-settings=\"{&quot;background_background&quot;:&quot;classic&quot;,&quot;animation&quot;:&quot;fadeIn&quot;}\">\n\t\t\t\t\t\t<div class=\"elementor-container elementor-column-gap-default\">\n\t\t\t\t\t<div class=\"elementor-column elementor-col-100 elementor-top-column elementor-element elementor-element-7ddbd5a8\" data-id=\"7ddbd5a8\" data-element_type=\"column\">\n\t\t\t<div class=\"elementor-widget-wrap elementor-element-populated\">\n\t\t\t\t\t\t<div class=\"elementor-element elementor-element-d13d684 elementor-widget elementor-widget-html\" data-id=\"d13d684\" data-element_type=\"widget\" data-widget_type=\"html.default\">\n\t\t\t\t<div class=\"elementor-widget-container\">\n\t\t\t\t\t<div class=\"scroll-down\">\r\n    <a href=\"#posizione\">D\u00c9COUVREZ L'EMPLACEMENT<br \/><i class=\"fa fa-chevron-down\"><\/i><\/a>\r\n<\/div>\t\t\t\t<\/div>\n\t\t\t\t<\/div>\n\t\t\t\t\t<\/div>\n\t\t<\/div>\n\t\t\t\t\t<\/div>\n\t\t<\/section>\n\t\t\t\t<section class=\"elementor-section elementor-top-section elementor-element elementor-element-767c0697 elementor-section-full_width elementor-section-height-default elementor-section-height-default\" data-id=\"767c0697\" data-element_type=\"section\">\n\t\t\t\t\t\t<div class=\"elementor-container elementor-column-gap-default\">\n\t\t\t\t\t<div class=\"elementor-column elementor-col-100 elementor-top-column elementor-element elementor-element-44e7c393\" data-id=\"44e7c393\" data-element_type=\"column\">\n\t\t\t<div class=\"elementor-widget-wrap elementor-element-populated\">\n\t\t\t\t\t\t<div class=\"elementor-element elementor-element-3baf2458 elementor-widget elementor-widget-spacer\" data-id=\"3baf2458\" data-element_type=\"widget\" data-widget_type=\"spacer.default\">\n\t\t\t\t<div class=\"elementor-widget-container\">\n\t\t\t\t\t\t\t<div class=\"elementor-spacer\">\n\t\t\t<div class=\"elementor-spacer-inner\"><\/div>\n\t\t<\/div>\n\t\t\t\t\t\t<\/div>\n\t\t\t\t<\/div>\n\t\t\t\t\t<\/div>\n\t\t<\/div>\n\t\t\t\t\t<\/div>\n\t\t<\/section>\n\t\t\t\t<section class=\"elementor-section elementor-top-section elementor-element elementor-element-a631890 elementor-section-boxed elementor-section-height-default elementor-section-height-default elementor-invisible\" data-id=\"a631890\" data-element_type=\"section\" id=\"posizione\" data-settings=\"{&quot;animation&quot;:&quot;fadeIn&quot;}\">\n\t\t\t\t\t\t<div class=\"elementor-container elementor-column-gap-default\">\n\t\t\t\t\t<div class=\"elementor-column elementor-col-100 elementor-top-column elementor-element elementor-element-31df2f4e\" data-id=\"31df2f4e\" data-element_type=\"column\">\n\t\t\t<div class=\"elementor-widget-wrap elementor-element-populated\">\n\t\t\t\t\t\t<div class=\"elementor-element elementor-element-1f70d634 elementor-widget elementor-widget-heading\" data-id=\"1f70d634\" data-element_type=\"widget\" data-widget_type=\"heading.default\">\n\t\t\t\t<div class=\"elementor-widget-container\">\n\t\t\t\t\t<h1 class=\"elementor-heading-title elementor-size-default\">Au coeur de Bologne<\/h1>\t\t\t\t<\/div>\n\t\t\t\t<\/div>\n\t\t\t\t<div class=\"elementor-element elementor-element-18f882e3 elementor-view-default elementor-widget elementor-widget-icon\" data-id=\"18f882e3\" data-element_type=\"widget\" data-widget_type=\"icon.default\">\n\t\t\t\t<div class=\"elementor-widget-container\">\n\t\t\t\t\t\t\t<div class=\"elementor-icon-wrapper\">\n\t\t\t<div class=\"elementor-icon\">\n\t\t\t<svg xmlns=\"http:\/\/www.w3.org\/2000\/svg\" id=\"Livello_1\" data-name=\"Livello 1\" viewBox=\"0 0 220.73 24.64\"><defs><style>.cls-1{fill:#c1c1c1;}.cls-2{fill:#fff;stroke:#c1c1c1;stroke-miterlimit:10;stroke-width:2px;}<\/style><\/defs><circle class=\"cls-1\" cx=\"110.36\" cy=\"12.32\" r=\"12.32\"><\/circle><line class=\"cls-2\" y1=\"12.32\" x2=\"220.73\" y2=\"12.32\"><\/line><\/svg>\t\t\t<\/div>\n\t\t<\/div>\n\t\t\t\t\t\t<\/div>\n\t\t\t\t<\/div>\n\t\t\t\t\t<\/div>\n\t\t<\/div>\n\t\t\t\t\t<\/div>\n\t\t<\/section>\n\t\t\t\t<section class=\"elementor-section elementor-top-section elementor-element elementor-element-5eb6b826 elementor-section-boxed elementor-section-height-default elementor-section-height-default elementor-invisible\" data-id=\"5eb6b826\" data-element_type=\"section\" data-settings=\"{&quot;animation&quot;:&quot;fadeIn&quot;}\">\n\t\t\t\t\t\t<div class=\"elementor-container elementor-column-gap-default\">\n\t\t\t\t\t<div class=\"elementor-column elementor-col-100 elementor-top-column elementor-element elementor-element-30b4f4f2\" data-id=\"30b4f4f2\" data-element_type=\"column\">\n\t\t\t<div class=\"elementor-widget-wrap elementor-element-populated\">\n\t\t\t\t\t\t<div class=\"elementor-element elementor-element-f3a84f5 elementor-widget elementor-widget-text-editor\" data-id=\"f3a84f5\" data-element_type=\"widget\" data-widget_type=\"text-editor.default\">\n\t\t\t\t<div class=\"elementor-widget-container\">\n\t\t\t\t\t\t\t\t\t<p><em><strong>L\u2019H\u00f4tel est situ\u00e9 au c\u0153ur de la ville \u00e0 quelques pas de la magnifique Piazza Maggiore et des fameuses Due Torri.<\/strong> <\/em><\/p>\n<p>La splendide place Maggiore y accueille chaque ann\u00e9e, entre l\u2019admirable Fontaine de Nettuno et la Basilique de San Petronio, des importantes manifestations et des spectacles musicaux. Le Palais de Podest\u00e0, ainsi que le Palais du Roi Enzo, tr\u00e8s proches de l\u2019H\u00f4tel, sont deux importants espaces d\u2019exposition destin\u00e9s aux expositions et aux revues d\u00e9di\u00e9es \u00e0 l\u2019art qui font de Bologne et de sa prestigieuse universit\u00e9 l\u2019une des capitales de la culture europ\u00e9enne.<br \/>\nDepuis Bologne, si vous voulez vous d\u00e9placer, il est tr\u00e8s facile et pratique d\u2019acc\u00e9der au centre historique de Ferrare et aux sentiers naturels du parc du delta du Po adjacent \u00e0 Ravenne.<\/p>\n<p>Depuis la r\u00e9ception de l\u2019H\u00f4tel, notre personnel sympathique r\u00e9serve des visites guid\u00e9es de la ville de Mod\u00e8ne, avec une halte \u00e0 l\u2019usine et au mus\u00e9e du prestigieux constructeur automobile Ferrari de Maranello,\u00e0 la c\u00e9l\u00e8bre Usine et Mus\u00e9e Lamborghini et au Mus\u00e9e Technologique Ducati.<\/p>\n<p>\u00c0 5 minutes du fameux h\u00f4pital Rizzoli, l\u2019H\u00f4tel Porta San Mamolo est bien desservi jusqu\u2019\u00e0 la gare centrale de Bologne par les lignes de bus (d\u2019o\u00f9 part le \u00abMarconi Express\u00bb pour rejoindre l\u2019a\u00e9roport en quelques minutes).<br \/>\nL\u2019H\u00f4tel Porta San Mamolo jouit d\u2019une position privil\u00e9gi\u00e9e tant pour ceux qui veulent visiter Bologne que pour ceux qui veulent se rendre \u00e0 Bologna fiera.<\/p>\n\t\t\t\t\t\t\t\t<\/div>\n\t\t\t\t<\/div>\n\t\t\t\t<div class=\"elementor-element elementor-element-23bfce3 elementor-widget elementor-widget-google_maps\" data-id=\"23bfce3\" data-element_type=\"widget\" data-widget_type=\"google_maps.default\">\n\t\t\t\t<div class=\"elementor-widget-container\">\n\t\t\t\t\t\t\t<div class=\"elementor-custom-embed\">\n\t\t\t<iframe loading=\"lazy\"\n\t\t\t\t\tsrc=\"https:\/\/maps.google.com\/maps?q=Vicolo%20del%20Falcone%2C%206%2F8%2C%2040124%20Bologna%20BO&#038;t=m&#038;z=10&#038;output=embed&#038;iwloc=near\"\n\t\t\t\t\ttitle=\"Vicolo del Falcone, 6\/8, 40124 Bologna BO\"\n\t\t\t\t\taria-label=\"Vicolo del Falcone, 6\/8, 40124 Bologna BO\"\n\t\t\t><\/iframe>\n\t\t<\/div>\n\t\t\t\t\t\t<\/div>\n\t\t\t\t<\/div>\n\t\t\t\t\t<\/div>\n\t\t<\/div>\n\t\t\t\t\t<\/div>\n\t\t<\/section>\n\t\t\t\t<section class=\"elementor-section elementor-top-section elementor-element elementor-element-51f08bc elementor-section-boxed elementor-section-height-default elementor-section-height-default elementor-invisible\" data-id=\"51f08bc\" data-element_type=\"section\" data-settings=\"{&quot;animation&quot;:&quot;fadeIn&quot;}\">\n\t\t\t\t\t\t<div class=\"elementor-container elementor-column-gap-default\">\n\t\t\t\t\t<div class=\"elementor-column elementor-col-100 elementor-top-column elementor-element elementor-element-6326be7\" data-id=\"6326be7\" data-element_type=\"column\">\n\t\t\t<div class=\"elementor-widget-wrap elementor-element-populated\">\n\t\t\t\t\t\t<div class=\"elementor-element elementor-element-6f3e4f9 elementor-widget elementor-widget-heading\" data-id=\"6f3e4f9\" data-element_type=\"widget\" data-widget_type=\"heading.default\">\n\t\t\t\t<div class=\"elementor-widget-container\">\n\t\t\t\t\t<h2 class=\"elementor-heading-title elementor-size-default\">Comment nous rejoindre<\/h2>\t\t\t\t<\/div>\n\t\t\t\t<\/div>\n\t\t\t\t<div class=\"elementor-element elementor-element-f8ea4ef elementor-view-default elementor-widget elementor-widget-icon\" data-id=\"f8ea4ef\" data-element_type=\"widget\" data-widget_type=\"icon.default\">\n\t\t\t\t<div class=\"elementor-widget-container\">\n\t\t\t\t\t\t\t<div class=\"elementor-icon-wrapper\">\n\t\t\t<div class=\"elementor-icon\">\n\t\t\t<svg xmlns=\"http:\/\/www.w3.org\/2000\/svg\" id=\"Livello_1\" data-name=\"Livello 1\" viewBox=\"0 0 220.73 24.64\"><defs><style>.cls-1{fill:#c1c1c1;}.cls-2{fill:#fff;stroke:#c1c1c1;stroke-miterlimit:10;stroke-width:2px;}<\/style><\/defs><circle class=\"cls-1\" cx=\"110.36\" cy=\"12.32\" r=\"12.32\"><\/circle><line class=\"cls-2\" y1=\"12.32\" x2=\"220.73\" y2=\"12.32\"><\/line><\/svg>\t\t\t<\/div>\n\t\t<\/div>\n\t\t\t\t\t\t<\/div>\n\t\t\t\t<\/div>\n\t\t\t\t\t<\/div>\n\t\t<\/div>\n\t\t\t\t\t<\/div>\n\t\t<\/section>\n\t\t\t\t<section class=\"elementor-section elementor-top-section elementor-element elementor-element-f119c84 elementor-section-boxed elementor-section-height-default elementor-section-height-default elementor-invisible\" data-id=\"f119c84\" data-element_type=\"section\" data-settings=\"{&quot;animation&quot;:&quot;fadeIn&quot;}\">\n\t\t\t\t\t\t<div class=\"elementor-container elementor-column-gap-default\">\n\t\t\t\t\t<div class=\"elementor-column elementor-col-100 elementor-top-column elementor-element elementor-element-3e6135a\" data-id=\"3e6135a\" data-element_type=\"column\">\n\t\t\t<div class=\"elementor-widget-wrap elementor-element-populated\">\n\t\t\t\t\t\t<div class=\"elementor-element elementor-element-a4f7582 elementor-widget elementor-widget-text-editor\" data-id=\"a4f7582\" data-element_type=\"widget\" data-widget_type=\"text-editor.default\">\n\t\t\t\t<div class=\"elementor-widget-container\">\n\t\t\t\t\t\t\t\t\t<p><strong>En voiture<\/strong><br \/>\nEn provenance de FLORENCE ou de MILAN depuis l\u2019autorouteA1, prendre la sortie Casalecchio sul Reno, apr\u00e8s avoir pass\u00e9 le p\u00e9age, prendre la premi\u00e8re sortie du p\u00e9riph\u00e9rique \u00e0 droite, sur la grande route suivre les indications Certosa-Stadio, sortir de la grande route et emprunter la premi\u00e8re rue \u00e0 droite, rue Tolmino, continuer jusqu\u2019\u00e0 la rocade et tourner \u00e0 droite au bout d\u2019environ 2 km (apr\u00e8s avoir pass\u00e9 la place de Porta San Mamolo) tourner \u00e0 gauche vers la rue Savenella, au bout, au croisement, tourner \u00e0 gauche vers la rue Solferino, continuer sur environ 100 m. et tourner \u00e0 gauche vers la rue Miramonte; au bout de la rue, \u00e0 droite, se trouve vicolo del Falcone o\u00f9 notre h\u00f4tel vous attend au num\u00e9ro 6.<br \/>\nEn provenance de PADOUE ou de FERRARE, depuis l\u2019autoroute A13, prendre la sortie Arcoveggio, juste apr\u00e8s le p\u00e9age, rester sur la gauche en suivant les indications A14 Anc\u00f4ne, prendre al premi\u00e8re sortie (num\u00e9ro 7 Fiera) \u00e0 droite vers rue Stalingrado, et continuer en direction du centre, au bout de 2,3 km, juste apr\u00e8s le viaduc (\u00e0 Porta Mascarella), tourner \u00e0 gauche sur la rocade, continuer sur environ 3 km et au troisi\u00e8me feu de circulation apr\u00e8s Porta Castiglione, tourner \u00e0 droite vers la rue Savenella, au bout de la rue au croisement, tourner \u00e0 gauche vers la rue Solferino, continuer sur environ 100 m, et tourner \u00e0 gauche vers la rue Miramonte; au bout de laquelle, \u00e0 droite, se trouve Vicolo del Falcone o\u00f9 notre H\u00f4tel vous attend au num\u00e9ro 6\/8.<\/p>\n<p><strong>En avion<\/strong><br \/>\nL\u2019a\u00e9roport Marconi de Bologne est \u00e0 8 km de distance. Prenez le \u00abMarconi Express\u00bb au d\u00e9part de l\u2019a\u00e9roport et rejoignez en environ 7 minutes la gare ferroviaire de Bologne.<br \/>\nDepuis la gare, la ligne de bus 33 vous emm\u00e8nera \u00e0 l\u2019arr\u00eat de Porta San Mamolo en 15 minutes, descendez et traversez la rue D\u2019Azeglio et convergez vers les Murs de Porta Castiglione, tournez \u00e0 gauche, et tout de suite \u00e0 droite au Vicolo del Falcone o\u00f9 notre H\u00f4tel est au num\u00e9ro 6\/8.<\/p>\n<p><strong>En train<\/strong><br \/>\n\u00c0 l\u2019arriv\u00e9e de la gare centrale de Bologne, suivez les indications au point \u00abEn avion\u00bb.<\/p>\n\t\t\t\t\t\t\t\t<\/div>\n\t\t\t\t<\/div>\n\t\t\t\t\t<\/div>\n\t\t<\/div>\n\t\t\t\t\t<\/div>\n\t\t<\/section>\n\t\t\t\t<\/div>\n\t\t","protected":false},"excerpt":{"rendered":"<p>D\u00c9COUVREZ L&rsquo;EMPLACEMENT Au coeur de Bologne L\u2019H\u00f4tel est situ\u00e9 au c\u0153ur de la ville \u00e0 quelques pas de la magnifique Piazza Maggiore et des fameuses Due Torri. La splendide place Maggiore y accueille chaque ann\u00e9e, entre l\u2019admirable Fontaine de Nettuno et la Basilique de San Petronio, des importantes manifestations et des spectacles musicaux. Le Palais [&hellip;]<\/p>\n","protected":false},"author":1,"featured_media":0,"parent":0,"menu_order":0,"comment_status":"closed","ping_status":"closed","template":"","meta":{"_acf_changed":false,"footnotes":""},"class_list":["post-4638","page","type-page","status-publish","hentry"],"acf":[],"yoast_head":"<!-- This site is optimized with the Yoast SEO plugin v26.2 - https:\/\/yoast.com\/wordpress\/plugins\/seo\/ -->\n<title>H\u00f4tel 4 \u00e9toiles Porta San Mamolo \u00e0 Bologne - Site Officiel<\/title>\n<meta name=\"description\" content=\"D\u00e9couvrez l&#039;h\u00f4tel 4 \u00e9toiles Porta San Mamolo dans le centre de Bologne. Reserve maintenant.\" \/>\n<meta name=\"robots\" content=\"index, follow, max-snippet:-1, max-image-preview:large, max-video-preview:-1\" \/>\n<link rel=\"canonical\" href=\"https:\/\/www.hotel-portasanmamolo.it\/posizione\/\" \/>\n<meta property=\"og:locale\" content=\"fr_FR\" \/>\n<meta property=\"og:type\" content=\"article\" \/>\n<meta property=\"og:title\" content=\"H\u00f4tel 4 \u00e9toiles Porta San Mamolo \u00e0 Bologne - Site Officiel\" \/>\n<meta property=\"og:description\" content=\"D\u00e9couvrez l&#039;h\u00f4tel 4 \u00e9toiles Porta San Mamolo dans le centre de Bologne. Reserve maintenant.\" \/>\n<meta property=\"og:url\" content=\"https:\/\/www.hotel-portasanmamolo.it\/posizione\/\" \/>\n<meta property=\"og:site_name\" content=\"Hotel Porta San Mamolo\" \/>\n<meta name=\"twitter:card\" content=\"summary_large_image\" \/>\n<meta name=\"twitter:label1\" content=\"Dur\u00e9e de lecture estim\u00e9e\" \/>\n\t<meta name=\"twitter:data1\" content=\"3 minutes\" \/>\n<script type=\"application\/ld+json\" class=\"yoast-schema-graph\">{\"@context\":\"https:\/\/schema.org\",\"@graph\":[{\"@type\":\"WebPage\",\"@id\":\"https:\/\/www.hotel-portasanmamolo.it\/posizione\/\",\"url\":\"https:\/\/www.hotel-portasanmamolo.it\/posizione\/\",\"name\":\"H\u00f4tel 4 \u00e9toiles Porta San Mamolo \u00e0 Bologne - Site Officiel\",\"isPartOf\":{\"@id\":\"https:\/\/www.hotel-portasanmamolo.it\/#website\"},\"datePublished\":\"2021-06-10T13:49:51+00:00\",\"description\":\"D\u00e9couvrez l'h\u00f4tel 4 \u00e9toiles Porta San Mamolo dans le centre de Bologne. Reserve maintenant.\",\"breadcrumb\":{\"@id\":\"https:\/\/www.hotel-portasanmamolo.it\/posizione\/#breadcrumb\"},\"inLanguage\":\"fr-FR\",\"potentialAction\":[{\"@type\":\"ReadAction\",\"target\":[\"https:\/\/www.hotel-portasanmamolo.it\/posizione\/\"]}]},{\"@type\":\"BreadcrumbList\",\"@id\":\"https:\/\/www.hotel-portasanmamolo.it\/posizione\/#breadcrumb\",\"itemListElement\":[{\"@type\":\"ListItem\",\"position\":1,\"name\":\"Home\",\"item\":\"https:\/\/www.hotel-portasanmamolo.it\/fr\/\"},{\"@type\":\"ListItem\",\"position\":2,\"name\":\"Position\"}]},{\"@type\":\"WebSite\",\"@id\":\"https:\/\/www.hotel-portasanmamolo.it\/#website\",\"url\":\"https:\/\/www.hotel-portasanmamolo.it\/\",\"name\":\"Hotel Porta San Mamolo\",\"description\":\"Hotel storico nel cuore di bologna\",\"publisher\":{\"@id\":\"https:\/\/www.hotel-portasanmamolo.it\/#organization\"},\"potentialAction\":[{\"@type\":\"SearchAction\",\"target\":{\"@type\":\"EntryPoint\",\"urlTemplate\":\"https:\/\/www.hotel-portasanmamolo.it\/?s={search_term_string}\"},\"query-input\":{\"@type\":\"PropertyValueSpecification\",\"valueRequired\":true,\"valueName\":\"search_term_string\"}}],\"inLanguage\":\"fr-FR\"},{\"@type\":\"Organization\",\"@id\":\"https:\/\/www.hotel-portasanmamolo.it\/#organization\",\"name\":\"Hotel Porta San Mamolo\",\"url\":\"https:\/\/www.hotel-portasanmamolo.it\/\",\"logo\":{\"@type\":\"ImageObject\",\"inLanguage\":\"fr-FR\",\"@id\":\"https:\/\/www.hotel-portasanmamolo.it\/#\/schema\/logo\/image\/\",\"url\":\"https:\/\/www.hotel-portasanmamolo.it\/wp-content\/uploads\/2021\/05\/logo-hpsm-ricostruito-gold-1.png\",\"contentUrl\":\"https:\/\/www.hotel-portasanmamolo.it\/wp-content\/uploads\/2021\/05\/logo-hpsm-ricostruito-gold-1.png\",\"width\":326,\"height\":363,\"caption\":\"Hotel Porta San Mamolo\"},\"image\":{\"@id\":\"https:\/\/www.hotel-portasanmamolo.it\/#\/schema\/logo\/image\/\"}}]}<\/script>\n<!-- \/ Yoast SEO plugin. -->","yoast_head_json":{"title":"H\u00f4tel 4 \u00e9toiles Porta San Mamolo \u00e0 Bologne - Site Officiel","description":"D\u00e9couvrez l'h\u00f4tel 4 \u00e9toiles Porta San Mamolo dans le centre de Bologne. Reserve maintenant.","robots":{"index":"index","follow":"follow","max-snippet":"max-snippet:-1","max-image-preview":"max-image-preview:large","max-video-preview":"max-video-preview:-1"},"canonical":"https:\/\/www.hotel-portasanmamolo.it\/posizione\/","og_locale":"fr_FR","og_type":"article","og_title":"H\u00f4tel 4 \u00e9toiles Porta San Mamolo \u00e0 Bologne - Site Officiel","og_description":"D\u00e9couvrez l'h\u00f4tel 4 \u00e9toiles Porta San Mamolo dans le centre de Bologne. Reserve maintenant.","og_url":"https:\/\/www.hotel-portasanmamolo.it\/posizione\/","og_site_name":"Hotel Porta San Mamolo","twitter_card":"summary_large_image","twitter_misc":{"Dur\u00e9e de lecture estim\u00e9e":"3 minutes"},"schema":{"@context":"https:\/\/schema.org","@graph":[{"@type":"WebPage","@id":"https:\/\/www.hotel-portasanmamolo.it\/posizione\/","url":"https:\/\/www.hotel-portasanmamolo.it\/posizione\/","name":"H\u00f4tel 4 \u00e9toiles Porta San Mamolo \u00e0 Bologne - Site Officiel","isPartOf":{"@id":"https:\/\/www.hotel-portasanmamolo.it\/#website"},"datePublished":"2021-06-10T13:49:51+00:00","description":"D\u00e9couvrez l'h\u00f4tel 4 \u00e9toiles Porta San Mamolo dans le centre de Bologne. Reserve maintenant.","breadcrumb":{"@id":"https:\/\/www.hotel-portasanmamolo.it\/posizione\/#breadcrumb"},"inLanguage":"fr-FR","potentialAction":[{"@type":"ReadAction","target":["https:\/\/www.hotel-portasanmamolo.it\/posizione\/"]}]},{"@type":"BreadcrumbList","@id":"https:\/\/www.hotel-portasanmamolo.it\/posizione\/#breadcrumb","itemListElement":[{"@type":"ListItem","position":1,"name":"Home","item":"https:\/\/www.hotel-portasanmamolo.it\/fr\/"},{"@type":"ListItem","position":2,"name":"Position"}]},{"@type":"WebSite","@id":"https:\/\/www.hotel-portasanmamolo.it\/#website","url":"https:\/\/www.hotel-portasanmamolo.it\/","name":"Hotel Porta San Mamolo","description":"Hotel storico nel cuore di bologna","publisher":{"@id":"https:\/\/www.hotel-portasanmamolo.it\/#organization"},"potentialAction":[{"@type":"SearchAction","target":{"@type":"EntryPoint","urlTemplate":"https:\/\/www.hotel-portasanmamolo.it\/?s={search_term_string}"},"query-input":{"@type":"PropertyValueSpecification","valueRequired":true,"valueName":"search_term_string"}}],"inLanguage":"fr-FR"},{"@type":"Organization","@id":"https:\/\/www.hotel-portasanmamolo.it\/#organization","name":"Hotel Porta San Mamolo","url":"https:\/\/www.hotel-portasanmamolo.it\/","logo":{"@type":"ImageObject","inLanguage":"fr-FR","@id":"https:\/\/www.hotel-portasanmamolo.it\/#\/schema\/logo\/image\/","url":"https:\/\/www.hotel-portasanmamolo.it\/wp-content\/uploads\/2021\/05\/logo-hpsm-ricostruito-gold-1.png","contentUrl":"https:\/\/www.hotel-portasanmamolo.it\/wp-content\/uploads\/2021\/05\/logo-hpsm-ricostruito-gold-1.png","width":326,"height":363,"caption":"Hotel Porta San Mamolo"},"image":{"@id":"https:\/\/www.hotel-portasanmamolo.it\/#\/schema\/logo\/image\/"}}]}},"_links":{"self":[{"href":"https:\/\/www.hotel-portasanmamolo.it\/fr\/wp-json\/wp\/v2\/pages\/4638","targetHints":{"allow":["GET"]}}],"collection":[{"href":"https:\/\/www.hotel-portasanmamolo.it\/fr\/wp-json\/wp\/v2\/pages"}],"about":[{"href":"https:\/\/www.hotel-portasanmamolo.it\/fr\/wp-json\/wp\/v2\/types\/page"}],"author":[{"embeddable":true,"href":"https:\/\/www.hotel-portasanmamolo.it\/fr\/wp-json\/wp\/v2\/users\/1"}],"replies":[{"embeddable":true,"href":"https:\/\/www.hotel-portasanmamolo.it\/fr\/wp-json\/wp\/v2\/comments?post=4638"}],"version-history":[{"count":1,"href":"https:\/\/www.hotel-portasanmamolo.it\/fr\/wp-json\/wp\/v2\/pages\/4638\/revisions"}],"predecessor-version":[{"id":4641,"href":"https:\/\/www.hotel-portasanmamolo.it\/fr\/wp-json\/wp\/v2\/pages\/4638\/revisions\/4641"}],"wp:attachment":[{"href":"https:\/\/www.hotel-portasanmamolo.it\/fr\/wp-json\/wp\/v2\/media?parent=4638"}],"curies":[{"name":"wp","href":"https:\/\/api.w.org\/{rel}","templated":true}]}}