{"id":6290,"date":"2021-06-24T10:26:34","date_gmt":"2021-06-24T10:26:34","guid":{"rendered":"https:\/\/www.hotel-portasanmamolo.it\/privacy-policy\/"},"modified":"2021-06-24T10:26:34","modified_gmt":"2021-06-24T10:26:34","slug":"privacy-policy","status":"publish","type":"page","link":"https:\/\/www.hotel-portasanmamolo.it\/fr\/privacy-policy\/","title":{"rendered":"Privacy Policy"},"content":{"rendered":"\t\t<div data-elementor-type=\"wp-page\" data-elementor-id=\"6290\" class=\"elementor elementor-6290 elementor-3\" data-elementor-post-type=\"page\">\n\t\t\t\t\t\t<section class=\"elementor-section elementor-top-section elementor-element elementor-element-b005d36 elementor-section-boxed elementor-section-height-default elementor-section-height-default\" data-id=\"b005d36\" data-element_type=\"section\">\n\t\t\t\t\t\t<div class=\"elementor-container elementor-column-gap-default\">\n\t\t\t\t\t<div class=\"elementor-column elementor-col-100 elementor-top-column elementor-element elementor-element-62e4d261\" data-id=\"62e4d261\" data-element_type=\"column\">\n\t\t\t<div class=\"elementor-widget-wrap elementor-element-populated\">\n\t\t\t\t\t\t<div class=\"elementor-element elementor-element-df1073f elementor-widget elementor-widget-heading\" data-id=\"df1073f\" data-element_type=\"widget\" data-widget_type=\"heading.default\">\n\t\t\t\t<div class=\"elementor-widget-container\">\n\t\t\t\t\t<h2 class=\"elementor-heading-title elementor-size-default\">Privacy Policy<\/h2>\t\t\t\t<\/div>\n\t\t\t\t<\/div>\n\t\t\t\t<div class=\"elementor-element elementor-element-a603628 elementor-widget elementor-widget-html\" data-id=\"a603628\" data-element_type=\"widget\" data-widget_type=\"html.default\">\n\t\t\t\t<div class=\"elementor-widget-container\">\n\t\t\t\t\t<a href=\"https:\/\/www.iubenda.com\/privacy-policy\/74087436\" class=\"iubenda-white no-brand iubenda-noiframe iubenda-embed iubenda-noiframe iub-body-embed\" title=\"Politique de confidentialit\u00e9\">Politique de confidentialit\u00e9<\/a><script type=\"text\/javascript\">(function (w,d) {var loader = function () {var s = d.createElement(\"script\"), tag = d.getElementsByTagName(\"script\")[0]; s.src=\"https:\/\/cdn.iubenda.com\/iubenda.js\"; tag.parentNode.insertBefore(s,tag);}; if(w.addEventListener){w.addEventListener(\"load\", loader, false);}else if(w.attachEvent){w.attachEvent(\"onload\", loader);}else{w.onload = loader;}})(window, document);<\/script>\t\t\t\t<\/div>\n\t\t\t\t<\/div>\n\t\t\t\t\t<\/div>\n\t\t<\/div>\n\t\t\t\t\t<\/div>\n\t\t<\/section>\n\t\t\t\t<\/div>\n\t\t","protected":false},"excerpt":{"rendered":"<p>Privacy Policy Politique de confidentialit\u00e9<\/p>\n","protected":false},"author":1,"featured_media":0,"parent":0,"menu_order":0,"comment_status":"closed","ping_status":"closed","template":"","meta":{"_acf_changed":false,"footnotes":""},"class_list":["post-6290","page","type-page","status-publish","hentry"],"acf":[],"yoast_head":"<!-- This site is optimized with the Yoast SEO plugin v26.2 - https:\/\/yoast.com\/wordpress\/plugins\/seo\/ -->\n<title>H\u00f4tel 4 \u00e9toiles Porta San Mamolo \u00e0 Bologne - Site Officiel<\/title>\n<meta name=\"description\" content=\"D\u00e9couvrez l&#039;h\u00f4tel 4 \u00e9toiles Porta San Mamolo dans le centre de Bologne. Reserve maintenant.\" \/>\n<meta name=\"robots\" content=\"noindex, follow\" \/>\n<meta property=\"og:locale\" content=\"fr_FR\" \/>\n<meta property=\"og:type\" content=\"article\" \/>\n<meta property=\"og:title\" content=\"H\u00f4tel 4 \u00e9toiles Porta San Mamolo \u00e0 Bologne - Site Officiel\" \/>\n<meta property=\"og:description\" content=\"D\u00e9couvrez l&#039;h\u00f4tel 4 \u00e9toiles Porta San Mamolo dans le centre de Bologne. Reserve maintenant.\" \/>\n<meta property=\"og:url\" content=\"https:\/\/www.hotel-portasanmamolo.it\/privacy-policy\/\" \/>\n<meta property=\"og:site_name\" content=\"Hotel Porta San Mamolo\" \/>\n<meta name=\"twitter:card\" content=\"summary_large_image\" \/>\n<script type=\"application\/ld+json\" class=\"yoast-schema-graph\">{\"@context\":\"https:\/\/schema.org\",\"@graph\":[{\"@type\":\"WebPage\",\"@id\":\"https:\/\/www.hotel-portasanmamolo.it\/privacy-policy\/\",\"url\":\"https:\/\/www.hotel-portasanmamolo.it\/privacy-policy\/\",\"name\":\"H\u00f4tel 4 \u00e9toiles Porta San Mamolo \u00e0 Bologne - Site Officiel\",\"isPartOf\":{\"@id\":\"https:\/\/www.hotel-portasanmamolo.it\/#website\"},\"datePublished\":\"2021-06-24T10:26:34+00:00\",\"description\":\"D\u00e9couvrez l'h\u00f4tel 4 \u00e9toiles Porta San Mamolo dans le centre de Bologne. Reserve maintenant.\",\"breadcrumb\":{\"@id\":\"https:\/\/www.hotel-portasanmamolo.it\/privacy-policy\/#breadcrumb\"},\"inLanguage\":\"fr-FR\",\"potentialAction\":[{\"@type\":\"ReadAction\",\"target\":[\"https:\/\/www.hotel-portasanmamolo.it\/privacy-policy\/\"]}]},{\"@type\":\"BreadcrumbList\",\"@id\":\"https:\/\/www.hotel-portasanmamolo.it\/privacy-policy\/#breadcrumb\",\"itemListElement\":[{\"@type\":\"ListItem\",\"position\":1,\"name\":\"Home\",\"item\":\"https:\/\/www.hotel-portasanmamolo.it\/fr\/\"},{\"@type\":\"ListItem\",\"position\":2,\"name\":\"Privacy Policy\"}]},{\"@type\":\"WebSite\",\"@id\":\"https:\/\/www.hotel-portasanmamolo.it\/#website\",\"url\":\"https:\/\/www.hotel-portasanmamolo.it\/\",\"name\":\"Hotel Porta San Mamolo\",\"description\":\"Hotel storico nel cuore di bologna\",\"publisher\":{\"@id\":\"https:\/\/www.hotel-portasanmamolo.it\/#organization\"},\"potentialAction\":[{\"@type\":\"SearchAction\",\"target\":{\"@type\":\"EntryPoint\",\"urlTemplate\":\"https:\/\/www.hotel-portasanmamolo.it\/?s={search_term_string}\"},\"query-input\":{\"@type\":\"PropertyValueSpecification\",\"valueRequired\":true,\"valueName\":\"search_term_string\"}}],\"inLanguage\":\"fr-FR\"},{\"@type\":\"Organization\",\"@id\":\"https:\/\/www.hotel-portasanmamolo.it\/#organization\",\"name\":\"Hotel Porta San Mamolo\",\"url\":\"https:\/\/www.hotel-portasanmamolo.it\/\",\"logo\":{\"@type\":\"ImageObject\",\"inLanguage\":\"fr-FR\",\"@id\":\"https:\/\/www.hotel-portasanmamolo.it\/#\/schema\/logo\/image\/\",\"url\":\"https:\/\/www.hotel-portasanmamolo.it\/wp-content\/uploads\/2021\/05\/logo-hpsm-ricostruito-gold-1.png\",\"contentUrl\":\"https:\/\/www.hotel-portasanmamolo.it\/wp-content\/uploads\/2021\/05\/logo-hpsm-ricostruito-gold-1.png\",\"width\":326,\"height\":363,\"caption\":\"Hotel Porta San Mamolo\"},\"image\":{\"@id\":\"https:\/\/www.hotel-portasanmamolo.it\/#\/schema\/logo\/image\/\"}}]}<\/script>\n<!-- \/ Yoast SEO plugin. -->","yoast_head_json":{"title":"H\u00f4tel 4 \u00e9toiles Porta San Mamolo \u00e0 Bologne - Site Officiel","description":"D\u00e9couvrez l'h\u00f4tel 4 \u00e9toiles Porta San Mamolo dans le centre de Bologne. Reserve maintenant.","robots":{"index":"noindex","follow":"follow"},"og_locale":"fr_FR","og_type":"article","og_title":"H\u00f4tel 4 \u00e9toiles Porta San Mamolo \u00e0 Bologne - Site Officiel","og_description":"D\u00e9couvrez l'h\u00f4tel 4 \u00e9toiles Porta San Mamolo dans le centre de Bologne. Reserve maintenant.","og_url":"https:\/\/www.hotel-portasanmamolo.it\/privacy-policy\/","og_site_name":"Hotel Porta San Mamolo","twitter_card":"summary_large_image","schema":{"@context":"https:\/\/schema.org","@graph":[{"@type":"WebPage","@id":"https:\/\/www.hotel-portasanmamolo.it\/privacy-policy\/","url":"https:\/\/www.hotel-portasanmamolo.it\/privacy-policy\/","name":"H\u00f4tel 4 \u00e9toiles Porta San Mamolo \u00e0 Bologne - Site Officiel","isPartOf":{"@id":"https:\/\/www.hotel-portasanmamolo.it\/#website"},"datePublished":"2021-06-24T10:26:34+00:00","description":"D\u00e9couvrez l'h\u00f4tel 4 \u00e9toiles Porta San Mamolo dans le centre de Bologne. Reserve maintenant.","breadcrumb":{"@id":"https:\/\/www.hotel-portasanmamolo.it\/privacy-policy\/#breadcrumb"},"inLanguage":"fr-FR","potentialAction":[{"@type":"ReadAction","target":["https:\/\/www.hotel-portasanmamolo.it\/privacy-policy\/"]}]},{"@type":"BreadcrumbList","@id":"https:\/\/www.hotel-portasanmamolo.it\/privacy-policy\/#breadcrumb","itemListElement":[{"@type":"ListItem","position":1,"name":"Home","item":"https:\/\/www.hotel-portasanmamolo.it\/fr\/"},{"@type":"ListItem","position":2,"name":"Privacy Policy"}]},{"@type":"WebSite","@id":"https:\/\/www.hotel-portasanmamolo.it\/#website","url":"https:\/\/www.hotel-portasanmamolo.it\/","name":"Hotel Porta San Mamolo","description":"Hotel storico nel cuore di bologna","publisher":{"@id":"https:\/\/www.hotel-portasanmamolo.it\/#organization"},"potentialAction":[{"@type":"SearchAction","target":{"@type":"EntryPoint","urlTemplate":"https:\/\/www.hotel-portasanmamolo.it\/?s={search_term_string}"},"query-input":{"@type":"PropertyValueSpecification","valueRequired":true,"valueName":"search_term_string"}}],"inLanguage":"fr-FR"},{"@type":"Organization","@id":"https:\/\/www.hotel-portasanmamolo.it\/#organization","name":"Hotel Porta San Mamolo","url":"https:\/\/www.hotel-portasanmamolo.it\/","logo":{"@type":"ImageObject","inLanguage":"fr-FR","@id":"https:\/\/www.hotel-portasanmamolo.it\/#\/schema\/logo\/image\/","url":"https:\/\/www.hotel-portasanmamolo.it\/wp-content\/uploads\/2021\/05\/logo-hpsm-ricostruito-gold-1.png","contentUrl":"https:\/\/www.hotel-portasanmamolo.it\/wp-content\/uploads\/2021\/05\/logo-hpsm-ricostruito-gold-1.png","width":326,"height":363,"caption":"Hotel Porta San Mamolo"},"image":{"@id":"https:\/\/www.hotel-portasanmamolo.it\/#\/schema\/logo\/image\/"}}]}},"_links":{"self":[{"href":"https:\/\/www.hotel-portasanmamolo.it\/fr\/wp-json\/wp\/v2\/pages\/6290","targetHints":{"allow":["GET"]}}],"collection":[{"href":"https:\/\/www.hotel-portasanmamolo.it\/fr\/wp-json\/wp\/v2\/pages"}],"about":[{"href":"https:\/\/www.hotel-portasanmamolo.it\/fr\/wp-json\/wp\/v2\/types\/page"}],"author":[{"embeddable":true,"href":"https:\/\/www.hotel-portasanmamolo.it\/fr\/wp-json\/wp\/v2\/users\/1"}],"replies":[{"embeddable":true,"href":"https:\/\/www.hotel-portasanmamolo.it\/fr\/wp-json\/wp\/v2\/comments?post=6290"}],"version-history":[{"count":1,"href":"https:\/\/www.hotel-portasanmamolo.it\/fr\/wp-json\/wp\/v2\/pages\/6290\/revisions"}],"predecessor-version":[{"id":6291,"href":"https:\/\/www.hotel-portasanmamolo.it\/fr\/wp-json\/wp\/v2\/pages\/6290\/revisions\/6291"}],"wp:attachment":[{"href":"https:\/\/www.hotel-portasanmamolo.it\/fr\/wp-json\/wp\/v2\/media?parent=6290"}],"curies":[{"name":"wp","href":"https:\/\/api.w.org\/{rel}","templated":true}]}}